{"id":17859,"date":"2025-01-15T16:33:46","date_gmt":"2025-01-15T16:33:46","guid":{"rendered":"https:\/\/evebegalli.com\/?post_type=product&#038;p=17859"},"modified":"2025-01-15T16:58:56","modified_gmt":"2025-01-15T16:58:56","slug":"statue-feminine-baoule-cote-divoire-3","status":"publish","type":"product","link":"https:\/\/evebegalli.com\/en\/product\/statue-feminine-baoule-cote-divoire-3\/","title":{"rendered":"Statue f\u00e9minine Baoul\u00e9, C\u00f4te d\u2019Ivoire"},"content":{"rendered":"","protected":false},"excerpt":{"rendered":"<p>Superbe statuette f\u00e9minine repr\u00e9sent\u00e9e debout sur un pi\u00e9destal. Son corps magnifiquement sculpt\u00e9 et galb\u00e9 pr\u00e9sente \u00e0 l&rsquo;arri\u00e8re du cou, sur l&rsquo;abdomen et sur le dos des scarifications en relief et son beau visage aux l\u00e8vres peintes en rouge arbore une expression int\u00e9rioris\u00e9e. Joli travail de sculpture des mains aux long doigts. Tr\u00e8s belle patine noire brillante.<\/p>\n<p><strong>Origin<\/strong><br \/>\nEx private collection from the south of France.<\/p>","protected":false},"featured_media":17884,"template":"","meta":{"_exactmetrics_skip_tracking":false,"_exactmetrics_sitenote_active":false,"_exactmetrics_sitenote_note":"","_exactmetrics_sitenote_category":0,"neve_meta_sidebar":"","neve_meta_container":"","neve_meta_enable_content_width":"on","neve_meta_content_width":100,"neve_meta_title_alignment":"","neve_meta_author_avatar":"","neve_post_elements_order":"","neve_meta_disable_header":"","neve_meta_disable_footer":"","neve_meta_disable_title":"","_themeisle_gutenberg_block_has_review":false},"product_brand":[],"product_cat":[27],"product_tag":[],"class_list":{"0":"post-17859","1":"product","2":"type-product","3":"status-publish","4":"has-post-thumbnail","6":"product_cat-statues","7":"pa_dimensions-h-40-cm","8":"pa_epoque-ca-1950","9":"pa_ethnie-baoule","10":"pa_materiaux-bois","11":"pa_pays-cote-divoire","13":"first","14":"instock","15":"sold-individually","16":"taxable","17":"shipping-taxable","18":"purchasable","19":"product-type-simple","20":"add-to-wishlist-before_image"},"_links":{"self":[{"href":"https:\/\/evebegalli.com\/en\/wp-json\/wp\/v2\/product\/17859","targetHints":{"allow":["GET"]}}],"collection":[{"href":"https:\/\/evebegalli.com\/en\/wp-json\/wp\/v2\/product"}],"about":[{"href":"https:\/\/evebegalli.com\/en\/wp-json\/wp\/v2\/types\/product"}],"version-history":[{"count":2,"href":"https:\/\/evebegalli.com\/en\/wp-json\/wp\/v2\/product\/17859\/revisions"}],"predecessor-version":[{"id":17886,"href":"https:\/\/evebegalli.com\/en\/wp-json\/wp\/v2\/product\/17859\/revisions\/17886"}],"wp:featuredmedia":[{"embeddable":true,"href":"https:\/\/evebegalli.com\/en\/wp-json\/wp\/v2\/media\/17884"}],"wp:attachment":[{"href":"https:\/\/evebegalli.com\/en\/wp-json\/wp\/v2\/media?parent=17859"}],"wp:term":[{"taxonomy":"product_brand","embeddable":true,"href":"https:\/\/evebegalli.com\/en\/wp-json\/wp\/v2\/product_brand?post=17859"},{"taxonomy":"product_cat","embeddable":true,"href":"https:\/\/evebegalli.com\/en\/wp-json\/wp\/v2\/product_cat?post=17859"},{"taxonomy":"product_tag","embeddable":true,"href":"https:\/\/evebegalli.com\/en\/wp-json\/wp\/v2\/product_tag?post=17859"}],"curies":[{"name":"wp","href":"https:\/\/api.w.org\/{rel}","templated":true}]}}