{"id":17634,"date":"2024-05-07T19:07:53","date_gmt":"2024-05-07T19:07:53","guid":{"rendered":"https:\/\/evebegalli.com\/?post_type=product&#038;p=17634"},"modified":"2024-05-07T20:56:15","modified_gmt":"2024-05-07T20:56:15","slug":"statue-gouro-cote-divoire","status":"publish","type":"product","link":"https:\/\/evebegalli.com\/en\/product\/statue-gouro-cote-divoire\/","title":{"rendered":"Statue Gouro, C\u00f4te d&rsquo;ivoire"},"content":{"rendered":"","protected":false},"excerpt":{"rendered":"<p>Magnifique et rare statuette repr\u00e9sentant un personnage f\u00e9minin aux lignes souples et naturalistes. Les jambes fusel\u00e9es soutiennent un buste longiligne, la taille est ceinte d&rsquo;un pagne. Les bras aux \u00e9paules rondes se prolongent en des mains joliment sculpt\u00e9es qui entourent le nombril. Surmontant un long cou marqu\u00e9 d&rsquo;une cicatrice rituelle, le visage naturaliste est sensible, les pommettes marqu\u00e9es de part et d&rsquo;autre d&rsquo;un nez droit, la bouche charnue. Belle coiffure soulign\u00e9e par une succession de chevrons sur plusieurs lignes. Ancienne patine sublim\u00e9e par une profonde laque rouge.<\/p>\n<p><strong>Origin<\/strong><br \/>\nEx private collection from the south of France.<\/p>","protected":false},"featured_media":17658,"template":"","meta":{"_exactmetrics_skip_tracking":false,"_exactmetrics_sitenote_active":false,"_exactmetrics_sitenote_note":"","_exactmetrics_sitenote_category":0,"neve_meta_sidebar":"","neve_meta_container":"","neve_meta_enable_content_width":"on","neve_meta_content_width":100,"neve_meta_title_alignment":"","neve_meta_author_avatar":"","neve_post_elements_order":"","neve_meta_disable_header":"","neve_meta_disable_footer":"","neve_meta_disable_title":"","_themeisle_gutenberg_block_has_review":false},"product_brand":[],"product_cat":[27],"product_tag":[],"class_list":{"0":"post-17634","1":"product","2":"type-product","3":"status-publish","4":"has-post-thumbnail","6":"product_cat-statues","7":"pa_dimensions-h-32-cm","8":"pa_epoque-ca-1930","9":"pa_ethnie-gouro","10":"pa_materiaux-bois","11":"pa_materiaux-pigments","12":"pa_pays-cote-divoire","14":"first","15":"instock","16":"sold-individually","17":"taxable","18":"shipping-taxable","19":"purchasable","20":"product-type-simple","21":"add-to-wishlist-before_image"},"_links":{"self":[{"href":"https:\/\/evebegalli.com\/en\/wp-json\/wp\/v2\/product\/17634","targetHints":{"allow":["GET"]}}],"collection":[{"href":"https:\/\/evebegalli.com\/en\/wp-json\/wp\/v2\/product"}],"about":[{"href":"https:\/\/evebegalli.com\/en\/wp-json\/wp\/v2\/types\/product"}],"version-history":[{"count":5,"href":"https:\/\/evebegalli.com\/en\/wp-json\/wp\/v2\/product\/17634\/revisions"}],"predecessor-version":[{"id":17663,"href":"https:\/\/evebegalli.com\/en\/wp-json\/wp\/v2\/product\/17634\/revisions\/17663"}],"wp:featuredmedia":[{"embeddable":true,"href":"https:\/\/evebegalli.com\/en\/wp-json\/wp\/v2\/media\/17658"}],"wp:attachment":[{"href":"https:\/\/evebegalli.com\/en\/wp-json\/wp\/v2\/media?parent=17634"}],"wp:term":[{"taxonomy":"product_brand","embeddable":true,"href":"https:\/\/evebegalli.com\/en\/wp-json\/wp\/v2\/product_brand?post=17634"},{"taxonomy":"product_cat","embeddable":true,"href":"https:\/\/evebegalli.com\/en\/wp-json\/wp\/v2\/product_cat?post=17634"},{"taxonomy":"product_tag","embeddable":true,"href":"https:\/\/evebegalli.com\/en\/wp-json\/wp\/v2\/product_tag?post=17634"}],"curies":[{"name":"wp","href":"https:\/\/api.w.org\/{rel}","templated":true}]}}