{"id":17613,"date":"2024-04-18T17:18:14","date_gmt":"2024-04-18T17:18:14","guid":{"rendered":"https:\/\/evebegalli.com\/?post_type=product&#038;p=17613"},"modified":"2024-04-20T19:47:43","modified_gmt":"2024-04-20T19:47:43","slug":"masque-lobi-sikire-kambire-burkina-faso","status":"publish","type":"product","link":"https:\/\/evebegalli.com\/en\/product\/masque-lobi-sikire-kambire-burkina-faso\/","title":{"rendered":"Masque Lobi, Sikir\u00e9 Kambir\u00e9, Burkina Faso"},"content":{"rendered":"","protected":false},"excerpt":{"rendered":"<p>Masque attribu\u00e9 au c\u00e9l\u00e8bre sculpteur Sikir\u00e9 Kambir\u00e9 de Gaoua (1896 &#8211; 1963).<br \/>\n<span lang=\"EN-US\">Il est caract\u00e9ris\u00e9 par des yeux se<\/span><span lang=\"EN-US\">mi-circulaires \u00e0 bord relev\u00e9 et pupilles perc\u00e9es, des bandes de scarifications rectangulaires aux tempes, <\/span>une coiffure <span lang=\"EN-US\">stri\u00e9e finement incis\u00e9e <\/span>en forme de d\u00f4me, <span lang=\"EN-US\">s\u00e9par\u00e9e du plan du visage par une bande relev\u00e9e, <\/span>un nez large surmontant des l\u00e8vres \u00e9tendues montrant les dents.\u00a0 Ces traits, les proportions du visage, ainsi que le dos \u00e9vid\u00e9 sont caract\u00e9ristiques des masques de ce sculpteur. On notera \u00e9galement les petites incisions sur les c\u00f4t\u00e9s des ailes du nez.<\/p>\n<p style=\"font-weight: 400;\">L&rsquo;apparition des masques Lobi remonte \u00e0 Henri Labouret, qui de 1914 \u00e0 1924 fut administrateur colonial fran\u00e7ais de la r\u00e9gion de Gaoua et qui avait charg\u00e9 un sculpteur Lobi de copier un masque Baule. En 1981, l&rsquo;ethnologue Piet Meyer avance l&rsquo;hypoth\u00e8se que ce sculpteur serait Sikir\u00e9 Kambir\u00e9. Cette hypoth\u00e8se a ensuite \u00e9t\u00e9 valid\u00e9e par Keller en 2015. Keller a \u00e9galement analys\u00e9 les proportions de l&rsquo;\u0153uvre de Sikir\u00e9 et a constat\u00e9 que, concernant la conception du visage, la distance entre les incisions oculaires caract\u00e9ristiques et le bord inf\u00e9rieur des ailes du nez est presque identique \u00e0 celle entre les ailes du nez et le plan m\u00e9dian de la bouche. Il a en outre remarqu\u00e9 que dans la plupart des cas, de petites incisions existent sur les c\u00f4t\u00e9s des ailes du nez, ce qui peut \u00eatre interpr\u00e9t\u00e9 comme des restes de marques de position.<\/p>\n<p><strong>Origin<\/strong><br \/>\nEx private collection from the south of France.<\/p>","protected":false},"featured_media":17619,"template":"","meta":{"_exactmetrics_skip_tracking":false,"_exactmetrics_sitenote_active":false,"_exactmetrics_sitenote_note":"","_exactmetrics_sitenote_category":0,"neve_meta_sidebar":"","neve_meta_container":"","neve_meta_enable_content_width":"on","neve_meta_content_width":100,"neve_meta_title_alignment":"","neve_meta_author_avatar":"","neve_post_elements_order":"","neve_meta_disable_header":"","neve_meta_disable_footer":"","neve_meta_disable_title":"","_themeisle_gutenberg_block_has_review":false},"product_brand":[],"product_cat":[26],"product_tag":[],"class_list":{"0":"post-17613","1":"product","2":"type-product","3":"status-publish","4":"has-post-thumbnail","6":"product_cat-masques","7":"pa_dimensions-h-22-cm-2","8":"pa_epoque-ca-1930","9":"pa_ethnie-lobi","10":"pa_materiaux-bois","11":"pa_pays-burkina-faso","13":"first","14":"instock","15":"sold-individually","16":"taxable","17":"shipping-taxable","18":"purchasable","19":"product-type-simple","20":"add-to-wishlist-before_image"},"_links":{"self":[{"href":"https:\/\/evebegalli.com\/en\/wp-json\/wp\/v2\/product\/17613","targetHints":{"allow":["GET"]}}],"collection":[{"href":"https:\/\/evebegalli.com\/en\/wp-json\/wp\/v2\/product"}],"about":[{"href":"https:\/\/evebegalli.com\/en\/wp-json\/wp\/v2\/types\/product"}],"version-history":[{"count":9,"href":"https:\/\/evebegalli.com\/en\/wp-json\/wp\/v2\/product\/17613\/revisions"}],"predecessor-version":[{"id":17628,"href":"https:\/\/evebegalli.com\/en\/wp-json\/wp\/v2\/product\/17613\/revisions\/17628"}],"wp:featuredmedia":[{"embeddable":true,"href":"https:\/\/evebegalli.com\/en\/wp-json\/wp\/v2\/media\/17619"}],"wp:attachment":[{"href":"https:\/\/evebegalli.com\/en\/wp-json\/wp\/v2\/media?parent=17613"}],"wp:term":[{"taxonomy":"product_brand","embeddable":true,"href":"https:\/\/evebegalli.com\/en\/wp-json\/wp\/v2\/product_brand?post=17613"},{"taxonomy":"product_cat","embeddable":true,"href":"https:\/\/evebegalli.com\/en\/wp-json\/wp\/v2\/product_cat?post=17613"},{"taxonomy":"product_tag","embeddable":true,"href":"https:\/\/evebegalli.com\/en\/wp-json\/wp\/v2\/product_tag?post=17613"}],"curies":[{"name":"wp","href":"https:\/\/api.w.org\/{rel}","templated":true}]}}