{"id":17334,"date":"2024-03-09T15:21:21","date_gmt":"2024-03-09T15:21:21","guid":{"rendered":"https:\/\/evebegalli.com\/?post_type=product&#038;p=17334"},"modified":"2024-03-10T18:53:36","modified_gmt":"2024-03-10T18:53:36","slug":"masque-we-guere-cote-divoire","status":"publish","type":"product","link":"https:\/\/evebegalli.com\/en\/product\/masque-we-guere-cote-divoire\/","title":{"rendered":"Masque W\u00e9\/Guere, C\u00f4te d&rsquo;Ivoire"},"content":{"rendered":"","protected":false},"excerpt":{"rendered":"<p>Impressionnant masque anthropo-zoomorphe du culte <em>Gla<\/em> \u00e0 triple regard et deux grandes cornes. Un large front en visi\u00e8re marqu\u00e9 d&rsquo;une scarification m\u00e9diane surplombe un loup r\u00e9hauss\u00e9 de kaolin ou sont pratiqu\u00e9es deux ouvertures rectangulaires et une paire d&rsquo;yeux en coque perc\u00e9s d&rsquo;une fente. En dessous un long nez et une troisi\u00e8me paire d&rsquo;yeux tubulaires r\u00e9hauss\u00e9s de pigments rouges. La bouche ouverte montre des dents en m\u00e9tal blanc et la langue rouge.<br \/>\nL&rsquo;expressivit\u00e9 f\u00e9roce et intrigante de ce masque m\u00ealant l&rsquo;humain, l&rsquo;animal et le v\u00e9g\u00e9tal est intensifi\u00e9e par la richesse des \u00e9l\u00e9ments l&rsquo;entourant, en ayant conserv\u00e9 une bonne partie de ses ornements d&rsquo;origine : une barbe \u00e9paisse en fibres v\u00e9g\u00e9tales tress\u00e9es, du crin remontant jusqu&rsquo;au tempes, du tissus sur le contour du masque, deux rang\u00e9es de cauris et pompons rouges ornant le front.<br \/>\nLa patine tant \u00e0 la surface du masque qu&rsquo;en son int\u00e9rieur t\u00e9moignent de nombreuses danses et c\u00e9r\u00e9monie.<br \/>\nCe masque apparaissait lors des c\u00e9r\u00e9monies fun\u00e9raires, des conflits les plus importants d&rsquo;un village, ou \u00e0 l&rsquo;occasion des rencontres inter-villageoises.<\/p>\n<p><strong>Origin<\/strong><br \/>\nEx private collection from the south of France.<\/p>\n<p style=\"text-align: center;\">","protected":false},"featured_media":17356,"template":"","meta":{"_exactmetrics_skip_tracking":false,"_exactmetrics_sitenote_active":false,"_exactmetrics_sitenote_note":"","_exactmetrics_sitenote_category":0,"neve_meta_sidebar":"","neve_meta_container":"","neve_meta_enable_content_width":"on","neve_meta_content_width":100,"neve_meta_title_alignment":"","neve_meta_author_avatar":"","neve_post_elements_order":"","neve_meta_disable_header":"","neve_meta_disable_footer":"","neve_meta_disable_title":"","_themeisle_gutenberg_block_has_review":false},"product_brand":[],"product_cat":[26],"product_tag":[],"class_list":{"0":"post-17334","1":"product","2":"type-product","3":"status-publish","4":"has-post-thumbnail","6":"product_cat-masques","7":"pa_dimensions-h-37-cm","8":"pa_dimensions-sans-la-barbe","9":"pa_epoque-premiere-moitie-xx-siecle","10":"pa_ethnie-guere","11":"pa_ethnie-we","12":"pa_materiaux-bois","13":"pa_materiaux-cauris","14":"pa_materiaux-crin","15":"pa_materiaux-fibres-vegetales-2","16":"pa_materiaux-metal","17":"pa_materiaux-pigments","18":"pa_materiaux-tissus","19":"pa_pays-cote-divoire","21":"first","22":"instock","23":"sold-individually","24":"taxable","25":"shipping-taxable","26":"purchasable","27":"product-type-simple","28":"add-to-wishlist-before_image"},"_links":{"self":[{"href":"https:\/\/evebegalli.com\/en\/wp-json\/wp\/v2\/product\/17334","targetHints":{"allow":["GET"]}}],"collection":[{"href":"https:\/\/evebegalli.com\/en\/wp-json\/wp\/v2\/product"}],"about":[{"href":"https:\/\/evebegalli.com\/en\/wp-json\/wp\/v2\/types\/product"}],"version-history":[{"count":4,"href":"https:\/\/evebegalli.com\/en\/wp-json\/wp\/v2\/product\/17334\/revisions"}],"predecessor-version":[{"id":17354,"href":"https:\/\/evebegalli.com\/en\/wp-json\/wp\/v2\/product\/17334\/revisions\/17354"}],"wp:featuredmedia":[{"embeddable":true,"href":"https:\/\/evebegalli.com\/en\/wp-json\/wp\/v2\/media\/17356"}],"wp:attachment":[{"href":"https:\/\/evebegalli.com\/en\/wp-json\/wp\/v2\/media?parent=17334"}],"wp:term":[{"taxonomy":"product_brand","embeddable":true,"href":"https:\/\/evebegalli.com\/en\/wp-json\/wp\/v2\/product_brand?post=17334"},{"taxonomy":"product_cat","embeddable":true,"href":"https:\/\/evebegalli.com\/en\/wp-json\/wp\/v2\/product_cat?post=17334"},{"taxonomy":"product_tag","embeddable":true,"href":"https:\/\/evebegalli.com\/en\/wp-json\/wp\/v2\/product_tag?post=17334"}],"curies":[{"name":"wp","href":"https:\/\/api.w.org\/{rel}","templated":true}]}}