{"id":17316,"date":"2024-03-05T17:02:01","date_gmt":"2024-03-05T17:02:01","guid":{"rendered":"https:\/\/evebegalli.com\/?post_type=product&#038;p=17316"},"modified":"2024-03-09T15:02:49","modified_gmt":"2024-03-09T15:02:49","slug":"masque-we-guere-wobe-cote-divoire-2","status":"publish","type":"product","link":"https:\/\/evebegalli.com\/en\/product\/masque-we-guere-wobe-cote-divoire-2\/","title":{"rendered":"Masque W\u00e9\/Guere\/Wob\u00e9, C\u00f4te d&rsquo;Ivoire"},"content":{"rendered":"","protected":false},"excerpt":{"rendered":"<p>Masque W\u00e9 figurant un visage aux traits stylis\u00e9s marqu\u00e9 par deux imposants yeux tubulaires aux extr\u00e9mit\u00e9s blanchies surmont\u00e9s par une deuxi\u00e8me paire d&rsquo;yeux fendue, un large nez \u00e9pat\u00e9, et une bouche grande ouverte vers l&rsquo;avant\u00a0 laissant appara\u00eetre la langue, le tout encadr\u00e9 par un front pro\u00e9minant et quatre paires de cornes dont celle au niveau du nez tourn\u00e9e vers l&rsquo;int\u00e9rieur. L&rsquo;ensemble est rehauss\u00e9 de peinture rouge et de kaolin.<br \/>\nLa patine tant \u00e0 la surface du masque qu&rsquo;en son int\u00e9rieur est le t\u00e9moin d&rsquo;une belle anciennet\u00e9.<br \/>\nCe masque jouait un r\u00f4le dans la vie politique de la soci\u00e9t\u00e9, il intervenait \u00e9galement pour la guerre et les f\u00eates rituelles familiales, en particulier, les fun\u00e9railles.<br \/>\nDestin\u00e9 \u00e0 imposer la paix lors de conflits internes ou venant \u00ab\u00a0se m\u00ealer aux combattants au cours de la bataille, lan\u00e7ant des fl\u00e8ches ou des sagaies destin\u00e9es moins aux adversaires r\u00e9els qu\u2019aux esprits venus les soutenir\u00a0\u00bb (<em>Marie-No\u00eblle Verger-F\u00e8vre, \u00ab\u00a0C\u00f4te d\u2019Ivoire\u00a0: Masques du pays We \u00bb\u00a0in Tribal Art,\u00a0Printemps 2005, n\u00b0 9, p. 108<\/em>), le masque T<em>\u00e9\u00e9 Gla <\/em>imposait sa figure terrifiante, mat\u00e9rialisant les forces hostiles de la for\u00eat.<\/p>\n<p><strong>Origin<\/strong><br \/>\nEx private collection from the south of France.<\/p>\n<p style=\"text-align: center;\">","protected":false},"featured_media":17326,"template":"","meta":{"_exactmetrics_skip_tracking":false,"_exactmetrics_sitenote_active":false,"_exactmetrics_sitenote_note":"","_exactmetrics_sitenote_category":0,"neve_meta_sidebar":"","neve_meta_container":"","neve_meta_enable_content_width":"on","neve_meta_content_width":100,"neve_meta_title_alignment":"","neve_meta_author_avatar":"","neve_post_elements_order":"","neve_meta_disable_header":"","neve_meta_disable_footer":"","neve_meta_disable_title":"","_themeisle_gutenberg_block_has_review":false},"product_brand":[],"product_cat":[26],"product_tag":[],"class_list":{"0":"post-17316","1":"product","2":"type-product","3":"status-publish","4":"has-post-thumbnail","6":"product_cat-masques","7":"pa_dimensions-h-23cm","8":"pa_epoque-premiere-moitie-xx-siecle","9":"pa_ethnie-guere","10":"pa_ethnie-we","11":"pa_materiaux-bois","12":"pa_materiaux-peinture","13":"pa_materiaux-pigments","14":"pa_pays-cote-divoire","16":"first","17":"instock","18":"sold-individually","19":"taxable","20":"shipping-taxable","21":"purchasable","22":"product-type-simple","23":"add-to-wishlist-before_image"},"_links":{"self":[{"href":"https:\/\/evebegalli.com\/en\/wp-json\/wp\/v2\/product\/17316","targetHints":{"allow":["GET"]}}],"collection":[{"href":"https:\/\/evebegalli.com\/en\/wp-json\/wp\/v2\/product"}],"about":[{"href":"https:\/\/evebegalli.com\/en\/wp-json\/wp\/v2\/types\/product"}],"version-history":[{"count":7,"href":"https:\/\/evebegalli.com\/en\/wp-json\/wp\/v2\/product\/17316\/revisions"}],"predecessor-version":[{"id":17333,"href":"https:\/\/evebegalli.com\/en\/wp-json\/wp\/v2\/product\/17316\/revisions\/17333"}],"wp:featuredmedia":[{"embeddable":true,"href":"https:\/\/evebegalli.com\/en\/wp-json\/wp\/v2\/media\/17326"}],"wp:attachment":[{"href":"https:\/\/evebegalli.com\/en\/wp-json\/wp\/v2\/media?parent=17316"}],"wp:term":[{"taxonomy":"product_brand","embeddable":true,"href":"https:\/\/evebegalli.com\/en\/wp-json\/wp\/v2\/product_brand?post=17316"},{"taxonomy":"product_cat","embeddable":true,"href":"https:\/\/evebegalli.com\/en\/wp-json\/wp\/v2\/product_cat?post=17316"},{"taxonomy":"product_tag","embeddable":true,"href":"https:\/\/evebegalli.com\/en\/wp-json\/wp\/v2\/product_tag?post=17316"}],"curies":[{"name":"wp","href":"https:\/\/api.w.org\/{rel}","templated":true}]}}