{"id":17290,"date":"2024-03-05T10:45:39","date_gmt":"2024-03-05T10:45:39","guid":{"rendered":"https:\/\/evebegalli.com\/?post_type=product&#038;p=17290"},"modified":"2024-03-05T12:19:01","modified_gmt":"2024-03-05T12:19:01","slug":"masque-we-guere-wobe-cote-divoire","status":"publish","type":"product","link":"https:\/\/evebegalli.com\/en\/product\/masque-we-guere-wobe-cote-divoire\/","title":{"rendered":"Masque W\u00e9\/Guere\/Wob\u00e9, C\u00f4te d&rsquo;Ivoire"},"content":{"rendered":"","protected":false},"excerpt":{"rendered":"<p>Impressionnant masque de guerre anthropo-zoomorphe dit T\u00e9\u00e9 Gla. Le masque adopte le style fortement expressionniste si caract\u00e9ristique des W\u00e9. Sur une face plane sont superpos\u00e9s des volumes formant les diff\u00e9rentes parties du visage : la bouche ouverte montrant les dents, le nez en triangle, les yeux form\u00e9s de deux cylindres creux. La face est surplomb\u00e9e par un large front pro\u00e9minant encadr\u00e9 par des cornes stylis\u00e9es.\u00a0 L&rsquo;alternance des vides et des pleins conf\u00e8re \u00e0 l&rsquo;objet un rythme dans l&rsquo;espace. Il a conserv\u00e9 \u00e9galement sa superbe patine polychrome faite de pigments rouges, blancs et bleus. La patine tant \u00e0 la surface du masque qu&rsquo;en son int\u00e9rieur est le t\u00e9moin d&rsquo;une belle anciennet\u00e9.<br \/>\nCe masque apparaissait lors des c\u00e9r\u00e9monies fun\u00e9raires, d&rsquo;audiences judiciaires ou \u00e0 l&rsquo;occasion des rencontres inter-villageoises.<br \/>\nL&rsquo;institution du masque guerrier, commune \u00e0 l&rsquo;ensemble des peuples du Sud-Ouest ivoirien, s&rsquo;inscrivait, \u00e0 l&rsquo;\u00e9poque pr\u00e9coloniale, dans un ph\u00e9nom\u00e8ne de guerre couvrant, \u00ab au-del\u00e0 de ses enjeux r\u00e9els, un vaste champ culturel (r\u00e9cits \u00e9piques, art musical et chor\u00e9graphique) \u00bb (<em>Dozon, La soci\u00e9t\u00e9 b\u00e9t\u00e9. Histoires d&rsquo;une ethnie de C\u00f4te-d&rsquo;Ivoire,<strong>\u00a0<\/strong>1985, p. 172<\/em>).<br \/>\nDestin\u00e9 \u00e0 imposer la paix lors de conflits internes ou venant \u00ab\u00a0se m\u00ealer aux combattants au cours de la bataille, lan\u00e7ant des fl\u00e8ches ou des sagaies destin\u00e9es moins aux adversaires r\u00e9els qu\u2019aux esprits venus les soutenir\u00a0\u00bb (<em>Marie-No\u00eblle Verger-F\u00e8vre, \u00ab\u00a0C\u00f4te d\u2019Ivoire\u00a0: Masques du pays We \u00bb\u00a0in Tribal Art,\u00a0Printemps 2005, n\u00b0 9, p. 108<\/em>), le masque T<em>\u00e9\u00e9 Gla <\/em>imposait sa figure terrifiante, mat\u00e9rialisant les forces hostiles de la for\u00eat.<\/p>\n<p><strong>Origin<\/strong><br \/>\nEx private collection from the south of France.<\/p>\n<p style=\"text-align: center;\">","protected":false},"featured_media":17308,"template":"","meta":{"_exactmetrics_skip_tracking":false,"_exactmetrics_sitenote_active":false,"_exactmetrics_sitenote_note":"","_exactmetrics_sitenote_category":0,"neve_meta_sidebar":"","neve_meta_container":"","neve_meta_enable_content_width":"on","neve_meta_content_width":100,"neve_meta_title_alignment":"","neve_meta_author_avatar":"","neve_post_elements_order":"","neve_meta_disable_header":"","neve_meta_disable_footer":"","neve_meta_disable_title":"","_themeisle_gutenberg_block_has_review":false},"product_brand":[],"product_cat":[26],"product_tag":[],"class_list":{"0":"post-17290","1":"product","2":"type-product","3":"status-publish","4":"has-post-thumbnail","6":"product_cat-masques","7":"pa_dimensions-h-30-cm","8":"pa_epoque-premiere-moitie-xx-siecle","9":"pa_ethnie-guere","10":"pa_ethnie-we","11":"pa_materiaux-bois","12":"pa_materiaux-metal","13":"pa_materiaux-pigments","14":"pa_pays-cote-divoire","16":"first","17":"instock","18":"sold-individually","19":"taxable","20":"shipping-taxable","21":"purchasable","22":"product-type-simple","23":"add-to-wishlist-before_image"},"_links":{"self":[{"href":"https:\/\/evebegalli.com\/en\/wp-json\/wp\/v2\/product\/17290","targetHints":{"allow":["GET"]}}],"collection":[{"href":"https:\/\/evebegalli.com\/en\/wp-json\/wp\/v2\/product"}],"about":[{"href":"https:\/\/evebegalli.com\/en\/wp-json\/wp\/v2\/types\/product"}],"version-history":[{"count":6,"href":"https:\/\/evebegalli.com\/en\/wp-json\/wp\/v2\/product\/17290\/revisions"}],"predecessor-version":[{"id":17314,"href":"https:\/\/evebegalli.com\/en\/wp-json\/wp\/v2\/product\/17290\/revisions\/17314"}],"wp:featuredmedia":[{"embeddable":true,"href":"https:\/\/evebegalli.com\/en\/wp-json\/wp\/v2\/media\/17308"}],"wp:attachment":[{"href":"https:\/\/evebegalli.com\/en\/wp-json\/wp\/v2\/media?parent=17290"}],"wp:term":[{"taxonomy":"product_brand","embeddable":true,"href":"https:\/\/evebegalli.com\/en\/wp-json\/wp\/v2\/product_brand?post=17290"},{"taxonomy":"product_cat","embeddable":true,"href":"https:\/\/evebegalli.com\/en\/wp-json\/wp\/v2\/product_cat?post=17290"},{"taxonomy":"product_tag","embeddable":true,"href":"https:\/\/evebegalli.com\/en\/wp-json\/wp\/v2\/product_tag?post=17290"}],"curies":[{"name":"wp","href":"https:\/\/api.w.org\/{rel}","templated":true}]}}