{"id":17254,"date":"2024-03-01T23:42:38","date_gmt":"2024-03-01T23:42:38","guid":{"rendered":"https:\/\/evebegalli.com\/?post_type=product&#038;p=17254"},"modified":"2024-03-03T14:39:54","modified_gmt":"2024-03-03T14:39:54","slug":"masque-bassa-liberia-2","status":"publish","type":"product","link":"https:\/\/evebegalli.com\/en\/product\/masque-bassa-liberia-2\/","title":{"rendered":"Masque Bassa, Lib\u00e9ria"},"content":{"rendered":"","protected":false},"excerpt":{"rendered":"<p>Ancien masque <em>gela<\/em> ou <em>geh-naw <\/em>figurant un visage effil\u00e9, mettant en valeur les signes de beaut\u00e9 Bassa. La face surmont\u00e9e par un front bomb\u00e9 orn\u00e9 d&rsquo;une nervure m\u00e9diane finement scarifi\u00e9e et une coiffe \u00e9labor\u00e9e en une succession de tresses serr\u00e9es, les yeux brid\u00e9s, la bouche saillante aux l\u00e8vres en forme de c\u0153ur, le nez droit, les petites oreilles en demi cercle, le menton pointu.<br \/>\nCe masque figure dans les danses organis\u00e9es lors d&rsquo;\u00e9v\u00e9nements festifs, comme l&rsquo;arriv\u00e9e d&rsquo;invit\u00e9s de marque ou le retour des gar\u00e7ons nouvellement initi\u00e9s du camp de brousse. Plus petits que grandeur nature, ces masques \u00e9taient fix\u00e9 sur une armature en osier et port\u00e9s sur le front par les danseurs.<br \/>\nTr\u00e8s belle patine d&rsquo;usage brune nuanc\u00e9e brillante par endroits. Tr\u00e8s belle taille ancienne, trous de fixation de la coiffe sur le pourtour de la face.<\/p>\n<p><strong>Origin<\/strong><br \/>\nEx private collection from the south of France.<\/p>","protected":false},"featured_media":17265,"template":"","meta":{"_exactmetrics_skip_tracking":false,"_exactmetrics_sitenote_active":false,"_exactmetrics_sitenote_note":"","_exactmetrics_sitenote_category":0,"neve_meta_sidebar":"","neve_meta_container":"","neve_meta_enable_content_width":"on","neve_meta_content_width":100,"neve_meta_title_alignment":"","neve_meta_author_avatar":"","neve_post_elements_order":"","neve_meta_disable_header":"","neve_meta_disable_footer":"","neve_meta_disable_title":"","_themeisle_gutenberg_block_has_review":false},"product_brand":[],"product_cat":[26],"product_tag":[],"class_list":{"0":"post-17254","1":"product","2":"type-product","3":"status-publish","4":"has-post-thumbnail","6":"product_cat-masques","7":"pa_dimensions-h-22-cm-2","8":"pa_epoque-premiere-moitie-du-xxeme-siecle","9":"pa_ethnie-bassa","10":"pa_materiaux-bois","11":"pa_pays-liberia","13":"first","14":"instock","15":"sold-individually","16":"taxable","17":"shipping-taxable","18":"purchasable","19":"product-type-simple","20":"add-to-wishlist-before_image"},"_links":{"self":[{"href":"https:\/\/evebegalli.com\/en\/wp-json\/wp\/v2\/product\/17254","targetHints":{"allow":["GET"]}}],"collection":[{"href":"https:\/\/evebegalli.com\/en\/wp-json\/wp\/v2\/product"}],"about":[{"href":"https:\/\/evebegalli.com\/en\/wp-json\/wp\/v2\/types\/product"}],"version-history":[{"count":4,"href":"https:\/\/evebegalli.com\/en\/wp-json\/wp\/v2\/product\/17254\/revisions"}],"predecessor-version":[{"id":17272,"href":"https:\/\/evebegalli.com\/en\/wp-json\/wp\/v2\/product\/17254\/revisions\/17272"}],"wp:featuredmedia":[{"embeddable":true,"href":"https:\/\/evebegalli.com\/en\/wp-json\/wp\/v2\/media\/17265"}],"wp:attachment":[{"href":"https:\/\/evebegalli.com\/en\/wp-json\/wp\/v2\/media?parent=17254"}],"wp:term":[{"taxonomy":"product_brand","embeddable":true,"href":"https:\/\/evebegalli.com\/en\/wp-json\/wp\/v2\/product_brand?post=17254"},{"taxonomy":"product_cat","embeddable":true,"href":"https:\/\/evebegalli.com\/en\/wp-json\/wp\/v2\/product_cat?post=17254"},{"taxonomy":"product_tag","embeddable":true,"href":"https:\/\/evebegalli.com\/en\/wp-json\/wp\/v2\/product_tag?post=17254"}],"curies":[{"name":"wp","href":"https:\/\/api.w.org\/{rel}","templated":true}]}}