{"id":17232,"date":"2024-02-28T23:32:51","date_gmt":"2024-02-28T23:32:51","guid":{"rendered":"https:\/\/evebegalli.com\/?post_type=product&#038;p=17232"},"modified":"2024-03-03T14:27:17","modified_gmt":"2024-03-03T14:27:17","slug":"masque-bassa-liberia","status":"publish","type":"product","link":"https:\/\/evebegalli.com\/en\/product\/masque-bassa-liberia\/","title":{"rendered":"Masque Bassa, Lib\u00e9ria"},"content":{"rendered":"","protected":false},"excerpt":{"rendered":"<p>Tr\u00e8s ancien masque <em>geh-naw <\/em>figurant un visage qui s&rsquo;\u00e9tire en deux plans tendus vers l&rsquo;avant, mettant en valeur l&rsquo;id\u00e9al de beaut\u00e9 f\u00e9minine, la face ovale surmont\u00e9e par un front bomb\u00e9 et une coiffe \u00e0 plusieurs coques, la bouche ronde aux l\u00e8vres d\u00e9licates, les yeux clos en forme d&rsquo;amande, le nez droit, les oreilles bien marqu\u00e9es, le menton important et pro\u00e9minent. La beaut\u00e9 des traits raffin\u00e9s du visage de ce masque est renforc\u00e9e par la coiffure finement sculpt\u00e9e.<br \/>\nPlus petits que grandeur nature, ces masques \u00e9taient fix\u00e9 sur une armature en osier et port\u00e9s sur le front par les danseurs, pour divertir le public lorsque les gar\u00e7ons initi\u00e9s revenaient du camp de brousse ou lorsque des invit\u00e9s importants venaient visiter le village.<br \/>\nTr\u00e8s belle patine d&rsquo;usage brune nuanc\u00e9e. Quelques restaurations. Tr\u00e8s belle taille ancienne, trous de fixation de la coiffe sur le pourtour de la face.<\/p>\n<p><strong>Origin<\/strong><br \/>\nEx private collection from the south of France.<\/p>","protected":false},"featured_media":17267,"template":"","meta":{"_exactmetrics_skip_tracking":false,"_exactmetrics_sitenote_active":false,"_exactmetrics_sitenote_note":"","_exactmetrics_sitenote_category":0,"neve_meta_sidebar":"","neve_meta_container":"","neve_meta_enable_content_width":"on","neve_meta_content_width":100,"neve_meta_title_alignment":"","neve_meta_author_avatar":"","neve_post_elements_order":"","neve_meta_disable_header":"","neve_meta_disable_footer":"","neve_meta_disable_title":"","_themeisle_gutenberg_block_has_review":false},"product_brand":[],"product_cat":[26],"product_tag":[],"class_list":{"0":"post-17232","1":"product","2":"type-product","3":"status-publish","4":"has-post-thumbnail","6":"product_cat-masques","7":"pa_dimensions-h-22-cm-2","8":"pa_epoque-debut-du-xxeme-siecle","9":"pa_ethnie-bassa","10":"pa_materiaux-bois","11":"pa_pays-liberia","13":"first","14":"instock","15":"sold-individually","16":"taxable","17":"shipping-taxable","18":"purchasable","19":"product-type-simple","20":"add-to-wishlist-before_image"},"_links":{"self":[{"href":"https:\/\/evebegalli.com\/en\/wp-json\/wp\/v2\/product\/17232","targetHints":{"allow":["GET"]}}],"collection":[{"href":"https:\/\/evebegalli.com\/en\/wp-json\/wp\/v2\/product"}],"about":[{"href":"https:\/\/evebegalli.com\/en\/wp-json\/wp\/v2\/types\/product"}],"version-history":[{"count":5,"href":"https:\/\/evebegalli.com\/en\/wp-json\/wp\/v2\/product\/17232\/revisions"}],"predecessor-version":[{"id":17268,"href":"https:\/\/evebegalli.com\/en\/wp-json\/wp\/v2\/product\/17232\/revisions\/17268"}],"wp:featuredmedia":[{"embeddable":true,"href":"https:\/\/evebegalli.com\/en\/wp-json\/wp\/v2\/media\/17267"}],"wp:attachment":[{"href":"https:\/\/evebegalli.com\/en\/wp-json\/wp\/v2\/media?parent=17232"}],"wp:term":[{"taxonomy":"product_brand","embeddable":true,"href":"https:\/\/evebegalli.com\/en\/wp-json\/wp\/v2\/product_brand?post=17232"},{"taxonomy":"product_cat","embeddable":true,"href":"https:\/\/evebegalli.com\/en\/wp-json\/wp\/v2\/product_cat?post=17232"},{"taxonomy":"product_tag","embeddable":true,"href":"https:\/\/evebegalli.com\/en\/wp-json\/wp\/v2\/product_tag?post=17232"}],"curies":[{"name":"wp","href":"https:\/\/api.w.org\/{rel}","templated":true}]}}