{"id":17205,"date":"2024-02-28T18:11:22","date_gmt":"2024-02-28T18:11:22","guid":{"rendered":"https:\/\/evebegalli.com\/?post_type=product&#038;p=17205"},"modified":"2024-02-29T00:58:46","modified_gmt":"2024-02-29T00:58:46","slug":"teke-statue-republique-democratique-du-congo-4","status":"publish","type":"product","link":"https:\/\/evebegalli.com\/en\/product\/teke-statue-republique-democratique-du-congo-4\/","title":{"rendered":"Teke statue, R\u00e9publique D\u00e9mocratique du Congo"},"content":{"rendered":"","protected":false},"excerpt":{"rendered":"<p class=\"descriptionLineWrap\">F\u00e9tiche <em>Buti<\/em>, d&rsquo;une belle anciennet\u00e9, \u00e0 fonction magico-religieuse. Repr\u00e9sent\u00e9 debout, une cavit\u00e9 ventrale t\u00e9moignant d&rsquo;une charge magique ancienne. Le visage porte une barbiche, les joues sont orn\u00e9es de scarifications, la t\u00eate est par\u00e9e d&rsquo;une coiffe plate. Belle patine brune\/miel avec des restes de patine sacrificielle.<\/p>\n<p><strong>Origin<\/strong><br \/>\nEx private collection from the south of France.<\/p>","protected":false},"featured_media":17227,"template":"","meta":{"_exactmetrics_skip_tracking":false,"_exactmetrics_sitenote_active":false,"_exactmetrics_sitenote_note":"","_exactmetrics_sitenote_category":0,"neve_meta_sidebar":"","neve_meta_container":"","neve_meta_enable_content_width":"on","neve_meta_content_width":100,"neve_meta_title_alignment":"","neve_meta_author_avatar":"","neve_post_elements_order":"","neve_meta_disable_header":"","neve_meta_disable_footer":"","neve_meta_disable_title":"","_themeisle_gutenberg_block_has_review":false},"product_brand":[],"product_cat":[27],"product_tag":[],"class_list":{"0":"post-17205","1":"product","2":"type-product","3":"status-publish","4":"has-post-thumbnail","6":"product_cat-statues","7":"pa_dimensions-h-22-cm-2","8":"pa_epoque-premiere-moitie-xx-siecle","9":"pa_ethnie-teke","10":"pa_materiaux-bois","11":"pa_pays-r-d-du-congo","13":"first","14":"instock","15":"sold-individually","16":"taxable","17":"shipping-taxable","18":"purchasable","19":"product-type-simple","20":"add-to-wishlist-before_image"},"_links":{"self":[{"href":"https:\/\/evebegalli.com\/en\/wp-json\/wp\/v2\/product\/17205","targetHints":{"allow":["GET"]}}],"collection":[{"href":"https:\/\/evebegalli.com\/en\/wp-json\/wp\/v2\/product"}],"about":[{"href":"https:\/\/evebegalli.com\/en\/wp-json\/wp\/v2\/types\/product"}],"version-history":[{"count":4,"href":"https:\/\/evebegalli.com\/en\/wp-json\/wp\/v2\/product\/17205\/revisions"}],"predecessor-version":[{"id":17229,"href":"https:\/\/evebegalli.com\/en\/wp-json\/wp\/v2\/product\/17205\/revisions\/17229"}],"wp:featuredmedia":[{"embeddable":true,"href":"https:\/\/evebegalli.com\/en\/wp-json\/wp\/v2\/media\/17227"}],"wp:attachment":[{"href":"https:\/\/evebegalli.com\/en\/wp-json\/wp\/v2\/media?parent=17205"}],"wp:term":[{"taxonomy":"product_brand","embeddable":true,"href":"https:\/\/evebegalli.com\/en\/wp-json\/wp\/v2\/product_brand?post=17205"},{"taxonomy":"product_cat","embeddable":true,"href":"https:\/\/evebegalli.com\/en\/wp-json\/wp\/v2\/product_cat?post=17205"},{"taxonomy":"product_tag","embeddable":true,"href":"https:\/\/evebegalli.com\/en\/wp-json\/wp\/v2\/product_tag?post=17205"}],"curies":[{"name":"wp","href":"https:\/\/api.w.org\/{rel}","templated":true}]}}