{"id":17141,"date":"2024-02-24T22:29:30","date_gmt":"2024-02-24T22:29:30","guid":{"rendered":"https:\/\/evebegalli.com\/?post_type=product&#038;p=17141"},"modified":"2024-02-24T23:41:51","modified_gmt":"2024-02-24T23:41:51","slug":"masque-dan-cote-divoire-3","status":"publish","type":"product","link":"https:\/\/evebegalli.com\/en\/product\/masque-dan-cote-divoire-3\/","title":{"rendered":"Dan Mask, Ivory Coast"},"content":{"rendered":"","protected":false},"excerpt":{"rendered":"<p>Beau masque figurant un beau visage ovale, le front bomb\u00e9, les yeux ronds, cette derni\u00e8re caract\u00e9ristique \u00e9tant g\u00e9n\u00e9ralement associ\u00e9e \u00e0 la typologie des masques <em>guny\u00e9 g\u00e9<\/em> dit \u00abde course\u00bb. La bouche saillante en forme de losange est l\u00e9g\u00e8rement entrouverte. Elle est surmont\u00e9e d&rsquo;un nez l\u00e9g\u00e8rement aquilin. On notera la belle ar\u00eate frontale et la pr\u00e9sence de r\u00e9sine au niveau des yeux.<br \/>\nLes Dan organisaient autrefois lors des f\u00eates villageoises des courses destin\u00e9es \u00e0 entra\u00eener les jeunes hommes au combat. Le coureur le plus rapide remportait un masque, qu&rsquo;il conservait jusqu&rsquo;\u00e0 \u00eatre d\u00e9tr\u00f4n\u00e9 par un concurrent plus agile, qui gagnait le masque \u00e0 son tour.<br \/>\nBelle patine profonde nuanc\u00e9e brune. Tr\u00e8s belle taille ancienne, traces de portage \u00e0 l&rsquo;arri\u00e8re. Trous de fixation de la coiffe sur le pourtour du masque.<\/p>\n<p><strong>Origin<\/strong><br \/>\nEx private collection from the south of France.<\/p>","protected":false},"featured_media":17155,"template":"","meta":{"_exactmetrics_skip_tracking":false,"_exactmetrics_sitenote_active":false,"_exactmetrics_sitenote_note":"","_exactmetrics_sitenote_category":0,"neve_meta_sidebar":"","neve_meta_container":"","neve_meta_enable_content_width":"on","neve_meta_content_width":100,"neve_meta_title_alignment":"","neve_meta_author_avatar":"","neve_post_elements_order":"","neve_meta_disable_header":"","neve_meta_disable_footer":"","neve_meta_disable_title":"","_themeisle_gutenberg_block_has_review":false},"product_brand":[],"product_cat":[26],"product_tag":[],"class_list":{"0":"post-17141","1":"product","2":"type-product","3":"status-publish","4":"has-post-thumbnail","6":"product_cat-masques","7":"pa_dimensions-h-22-5-cm","8":"pa_epoque-premier-tiers-du-xxeme-siecle-2","9":"pa_ethnie-dan","10":"pa_materiaux-bois","11":"pa_pays-cote-divoire","13":"first","14":"instock","15":"sold-individually","16":"taxable","17":"shipping-taxable","18":"purchasable","19":"product-type-simple","20":"add-to-wishlist-before_image"},"_links":{"self":[{"href":"https:\/\/evebegalli.com\/en\/wp-json\/wp\/v2\/product\/17141","targetHints":{"allow":["GET"]}}],"collection":[{"href":"https:\/\/evebegalli.com\/en\/wp-json\/wp\/v2\/product"}],"about":[{"href":"https:\/\/evebegalli.com\/en\/wp-json\/wp\/v2\/types\/product"}],"version-history":[{"count":4,"href":"https:\/\/evebegalli.com\/en\/wp-json\/wp\/v2\/product\/17141\/revisions"}],"predecessor-version":[{"id":17159,"href":"https:\/\/evebegalli.com\/en\/wp-json\/wp\/v2\/product\/17141\/revisions\/17159"}],"wp:featuredmedia":[{"embeddable":true,"href":"https:\/\/evebegalli.com\/en\/wp-json\/wp\/v2\/media\/17155"}],"wp:attachment":[{"href":"https:\/\/evebegalli.com\/en\/wp-json\/wp\/v2\/media?parent=17141"}],"wp:term":[{"taxonomy":"product_brand","embeddable":true,"href":"https:\/\/evebegalli.com\/en\/wp-json\/wp\/v2\/product_brand?post=17141"},{"taxonomy":"product_cat","embeddable":true,"href":"https:\/\/evebegalli.com\/en\/wp-json\/wp\/v2\/product_cat?post=17141"},{"taxonomy":"product_tag","embeddable":true,"href":"https:\/\/evebegalli.com\/en\/wp-json\/wp\/v2\/product_tag?post=17141"}],"curies":[{"name":"wp","href":"https:\/\/api.w.org\/{rel}","templated":true}]}}