{"id":16891,"date":"2024-02-01T21:33:38","date_gmt":"2024-02-01T21:33:38","guid":{"rendered":"https:\/\/evebegalli.com\/?post_type=product&#038;p=16891"},"modified":"2024-02-02T00:11:34","modified_gmt":"2024-02-02T00:11:34","slug":"masque-we-cote-divoire","status":"publish","type":"product","link":"https:\/\/evebegalli.com\/en\/product\/masque-we-cote-divoire\/","title":{"rendered":"Masque W\u00e9 Gu\u00e9r\u00e9, C\u00f4te d&rsquo;Ivoire"},"content":{"rendered":"","protected":false},"excerpt":{"rendered":"<p>Masque W\u00e9 pr\u00e9sentant un visage polychrome aux yeux fendus typiquement d\u2019inspiration Dan, probablement un masque danseur ou mendiant, invit\u00e9 aux f\u00eates de r\u00e9jouissances. Il est peint de couleurs vivaces, rouge, blanc, noir et bleu et orn\u00e9 d&rsquo;une barbe en fils de laine. Sur la bordure est encore pr\u00e9sent un tissus fix\u00e9 aux trous d&rsquo;attache du costume.\u00a0 Anciennes marques de portage internes.<\/p>\n<p><strong>Origin<\/strong><br \/>\nEx private collection from the south of France.<\/p>","protected":false},"featured_media":16905,"template":"","meta":{"_exactmetrics_skip_tracking":false,"_exactmetrics_sitenote_active":false,"_exactmetrics_sitenote_note":"","_exactmetrics_sitenote_category":0,"neve_meta_sidebar":"","neve_meta_container":"","neve_meta_enable_content_width":"on","neve_meta_content_width":100,"neve_meta_title_alignment":"","neve_meta_author_avatar":"","neve_post_elements_order":"","neve_meta_disable_header":"","neve_meta_disable_footer":"","neve_meta_disable_title":"","_themeisle_gutenberg_block_has_review":false},"product_brand":[],"product_cat":[26],"product_tag":[],"class_list":{"0":"post-16891","1":"product","2":"type-product","3":"status-publish","4":"has-post-thumbnail","6":"product_cat-masques","7":"pa_dimensions-h-27-cm","8":"pa_epoque-moitie-du-xxeme-siecle-ou-avant","9":"pa_ethnie-guere","10":"pa_ethnie-we","11":"pa_materiaux-bois","12":"pa_materiaux-metal","13":"pa_materiaux-peinture","14":"pa_materiaux-tissus","15":"pa_pays-cote-divoire","17":"first","18":"instock","19":"sold-individually","20":"taxable","21":"shipping-taxable","22":"purchasable","23":"product-type-simple","24":"add-to-wishlist-before_image"},"_links":{"self":[{"href":"https:\/\/evebegalli.com\/en\/wp-json\/wp\/v2\/product\/16891","targetHints":{"allow":["GET"]}}],"collection":[{"href":"https:\/\/evebegalli.com\/en\/wp-json\/wp\/v2\/product"}],"about":[{"href":"https:\/\/evebegalli.com\/en\/wp-json\/wp\/v2\/types\/product"}],"version-history":[{"count":7,"href":"https:\/\/evebegalli.com\/en\/wp-json\/wp\/v2\/product\/16891\/revisions"}],"predecessor-version":[{"id":16912,"href":"https:\/\/evebegalli.com\/en\/wp-json\/wp\/v2\/product\/16891\/revisions\/16912"}],"wp:featuredmedia":[{"embeddable":true,"href":"https:\/\/evebegalli.com\/en\/wp-json\/wp\/v2\/media\/16905"}],"wp:attachment":[{"href":"https:\/\/evebegalli.com\/en\/wp-json\/wp\/v2\/media?parent=16891"}],"wp:term":[{"taxonomy":"product_brand","embeddable":true,"href":"https:\/\/evebegalli.com\/en\/wp-json\/wp\/v2\/product_brand?post=16891"},{"taxonomy":"product_cat","embeddable":true,"href":"https:\/\/evebegalli.com\/en\/wp-json\/wp\/v2\/product_cat?post=16891"},{"taxonomy":"product_tag","embeddable":true,"href":"https:\/\/evebegalli.com\/en\/wp-json\/wp\/v2\/product_tag?post=16891"}],"curies":[{"name":"wp","href":"https:\/\/api.w.org\/{rel}","templated":true}]}}