{"id":16868,"date":"2024-02-01T17:11:28","date_gmt":"2024-02-01T17:11:28","guid":{"rendered":"https:\/\/evebegalli.com\/?post_type=product&#038;p=16868"},"modified":"2024-02-01T19:12:38","modified_gmt":"2024-02-01T19:12:38","slug":"fanti-doll-ghana","status":"publish","type":"product","link":"https:\/\/evebegalli.com\/en\/product\/fanti-doll-ghana\/","title":{"rendered":"Fanti doll, Ghana"},"content":{"rendered":"","protected":false},"excerpt":{"rendered":"<p>Charmante poup\u00e9e de fertilit\u00e9 \u00ab <em>Akuaba<\/em> \u00bb figurant un personnage au corps tubulaire, les seins et les bras repr\u00e9sent\u00e9s, le cou annel\u00e9, la t\u00eate plate inclin\u00e9e vers le haut, les traits du visage stylis\u00e9s.<br \/>\nBelle patine couleur miel.<\/p>\n<p><strong>Origin<\/strong><br \/>\nEx private collection from the south of France.<\/p>","protected":false},"featured_media":16888,"template":"","meta":{"_exactmetrics_skip_tracking":false,"_exactmetrics_sitenote_active":false,"_exactmetrics_sitenote_note":"","_exactmetrics_sitenote_category":0,"neve_meta_sidebar":"","neve_meta_container":"","neve_meta_enable_content_width":"on","neve_meta_content_width":100,"neve_meta_title_alignment":"","neve_meta_author_avatar":"","neve_post_elements_order":"","neve_meta_disable_header":"","neve_meta_disable_footer":"","neve_meta_disable_title":"","_themeisle_gutenberg_block_has_review":false},"product_brand":[],"product_cat":[27],"product_tag":[],"class_list":{"0":"post-16868","1":"product","2":"type-product","3":"status-publish","4":"has-post-thumbnail","6":"product_cat-statues","7":"pa_dimensions-h-185-cm","8":"pa_epoque-premiere-moitie-xx-siecle","9":"pa_ethnie-fanti","10":"pa_materiaux-bois","11":"pa_pays-ghana","13":"first","14":"instock","15":"sold-individually","16":"taxable","17":"shipping-taxable","18":"purchasable","19":"product-type-simple","20":"add-to-wishlist-before_image"},"_links":{"self":[{"href":"https:\/\/evebegalli.com\/en\/wp-json\/wp\/v2\/product\/16868","targetHints":{"allow":["GET"]}}],"collection":[{"href":"https:\/\/evebegalli.com\/en\/wp-json\/wp\/v2\/product"}],"about":[{"href":"https:\/\/evebegalli.com\/en\/wp-json\/wp\/v2\/types\/product"}],"version-history":[{"count":3,"href":"https:\/\/evebegalli.com\/en\/wp-json\/wp\/v2\/product\/16868\/revisions"}],"predecessor-version":[{"id":16890,"href":"https:\/\/evebegalli.com\/en\/wp-json\/wp\/v2\/product\/16868\/revisions\/16890"}],"wp:featuredmedia":[{"embeddable":true,"href":"https:\/\/evebegalli.com\/en\/wp-json\/wp\/v2\/media\/16888"}],"wp:attachment":[{"href":"https:\/\/evebegalli.com\/en\/wp-json\/wp\/v2\/media?parent=16868"}],"wp:term":[{"taxonomy":"product_brand","embeddable":true,"href":"https:\/\/evebegalli.com\/en\/wp-json\/wp\/v2\/product_brand?post=16868"},{"taxonomy":"product_cat","embeddable":true,"href":"https:\/\/evebegalli.com\/en\/wp-json\/wp\/v2\/product_cat?post=16868"},{"taxonomy":"product_tag","embeddable":true,"href":"https:\/\/evebegalli.com\/en\/wp-json\/wp\/v2\/product_tag?post=16868"}],"curies":[{"name":"wp","href":"https:\/\/api.w.org\/{rel}","templated":true}]}}