{"id":16789,"date":"2024-01-17T20:09:22","date_gmt":"2024-01-17T20:09:22","guid":{"rendered":"https:\/\/evebegalli.com\/?post_type=product&#038;p=16789"},"modified":"2024-01-20T14:37:33","modified_gmt":"2024-01-20T14:37:33","slug":"masque-gelede-yoruba-nigeria","status":"publish","type":"product","link":"https:\/\/evebegalli.com\/en\/product\/masque-gelede-yoruba-nigeria\/","title":{"rendered":"Masque Gelede Yoruba, Nigeria"},"content":{"rendered":"","protected":false},"excerpt":{"rendered":"<p class=\"descriptionLineWrap\">Beau masque Gelede \u00e0 visage polychrome \u00e0 base de pigments naturels rouges, noirs, blancs et bleus.\u00a0 Le visage avec des yeux semi-circulaires perc\u00e9s, des scarifications sur les joues. Il pr\u00e9sente des traces de portage \u00e0 l&rsquo;int\u00e9rieur. \u00a0Erosions du temps localis\u00e9es sur la coiffe.<br \/>\nLa soci\u00e9t\u00e9 secr\u00e8te <em>Gelede<\/em> est d\u00e9di\u00e9e aux femmes \u00e2g\u00e9es ou celles que les Yoruba appellent \u00abnos m\u00e8res\u00bb, r\u00e9put\u00e9es d\u00e9tenir \u00e0 la fois des pouvoirs bienfaisants, favorisant la fertilit\u00e9, et d&rsquo;autres malfaisants, comme la sorcellerie. Les mascarades Gelede ont donc pour but d\u2019apaiser le courroux des femmes et des m\u00e8res, et de s\u2019attirer leurs faveurs. Elles sont pr\u00e9c\u00e9d\u00e9es de grandes c\u00e9r\u00e9monies de nuit, les Efe, au cours desquelles la parole est libre et qui sont, de nos jours, des f\u00eates o\u00f9 se jouent com\u00e9dies et satires.<\/p>\n<p><strong>Origin<\/strong><br \/>\nEx private collection from the south of France.<\/p>","protected":false},"featured_media":16805,"template":"","meta":{"_exactmetrics_skip_tracking":false,"_exactmetrics_sitenote_active":false,"_exactmetrics_sitenote_note":"","_exactmetrics_sitenote_category":0,"neve_meta_sidebar":"","neve_meta_container":"","neve_meta_enable_content_width":"on","neve_meta_content_width":100,"neve_meta_title_alignment":"","neve_meta_author_avatar":"","neve_post_elements_order":"","neve_meta_disable_header":"","neve_meta_disable_footer":"","neve_meta_disable_title":"","_themeisle_gutenberg_block_has_review":false},"product_brand":[],"product_cat":[26],"product_tag":[],"class_list":{"0":"post-16789","1":"product","2":"type-product","3":"status-publish","4":"has-post-thumbnail","6":"product_cat-masques","7":"pa_dimensions-h-405cm","8":"pa_epoque-premiere-moitie-du-xxeme-siecle","9":"pa_ethnie-yoruba","10":"pa_materiaux-bois-pigments","11":"pa_pays-nigeria","13":"first","14":"instock","15":"sold-individually","16":"taxable","17":"shipping-taxable","18":"purchasable","19":"product-type-simple","20":"add-to-wishlist-before_image"},"_links":{"self":[{"href":"https:\/\/evebegalli.com\/en\/wp-json\/wp\/v2\/product\/16789","targetHints":{"allow":["GET"]}}],"collection":[{"href":"https:\/\/evebegalli.com\/en\/wp-json\/wp\/v2\/product"}],"about":[{"href":"https:\/\/evebegalli.com\/en\/wp-json\/wp\/v2\/types\/product"}],"version-history":[{"count":7,"href":"https:\/\/evebegalli.com\/en\/wp-json\/wp\/v2\/product\/16789\/revisions"}],"predecessor-version":[{"id":16814,"href":"https:\/\/evebegalli.com\/en\/wp-json\/wp\/v2\/product\/16789\/revisions\/16814"}],"wp:featuredmedia":[{"embeddable":true,"href":"https:\/\/evebegalli.com\/en\/wp-json\/wp\/v2\/media\/16805"}],"wp:attachment":[{"href":"https:\/\/evebegalli.com\/en\/wp-json\/wp\/v2\/media?parent=16789"}],"wp:term":[{"taxonomy":"product_brand","embeddable":true,"href":"https:\/\/evebegalli.com\/en\/wp-json\/wp\/v2\/product_brand?post=16789"},{"taxonomy":"product_cat","embeddable":true,"href":"https:\/\/evebegalli.com\/en\/wp-json\/wp\/v2\/product_cat?post=16789"},{"taxonomy":"product_tag","embeddable":true,"href":"https:\/\/evebegalli.com\/en\/wp-json\/wp\/v2\/product_tag?post=16789"}],"curies":[{"name":"wp","href":"https:\/\/api.w.org\/{rel}","templated":true}]}}