{"id":16729,"date":"2024-01-15T20:29:08","date_gmt":"2024-01-15T20:29:08","guid":{"rendered":"https:\/\/evebegalli.com\/?post_type=product&#038;p=16729"},"modified":"2024-01-15T22:00:14","modified_gmt":"2024-01-15T22:00:14","slug":"lobi-bateba-phuwe-burkina-faso","status":"publish","type":"product","link":"https:\/\/evebegalli.com\/en\/product\/lobi-bateba-phuwe-burkina-faso\/","title":{"rendered":"Lobi Bateba Phuwe, Burkina Faso"},"content":{"rendered":"","protected":false},"excerpt":{"rendered":"<p>Ancienne statue repr\u00e9sentant un personnage f\u00e9minin tr\u00e8s finement sculpt\u00e9 aux volumes anguleux. La t\u00eate ovo\u00efde abrite un joli visage aux yeux en grain de caf\u00e9, la face l\u00e9g\u00e8rement concave sous un front tr\u00e8s haut, le nez droit et la bouche aux l\u00e8vres charnues. Les bras solidement articul\u00e9s aux \u00e9paules et \u00e0 la poitrine forment une succession de lignes particuli\u00e8rement dynamiques. On retrouve ce jeu d&rsquo;angles au niveau des jambes et des pieds. Belle patine rituelle cro\u00fbteuse avec des restes de plumes.<\/p>\n<p><strong>Origin<\/strong><br \/>\nEx private collection from the south of France.<\/p>","protected":false},"featured_media":16752,"template":"","meta":{"_exactmetrics_skip_tracking":false,"_exactmetrics_sitenote_active":false,"_exactmetrics_sitenote_note":"","_exactmetrics_sitenote_category":0,"neve_meta_sidebar":"","neve_meta_container":"","neve_meta_enable_content_width":"on","neve_meta_content_width":100,"neve_meta_title_alignment":"","neve_meta_author_avatar":"","neve_post_elements_order":"","neve_meta_disable_header":"","neve_meta_disable_footer":"","neve_meta_disable_title":"","_themeisle_gutenberg_block_has_review":false},"product_brand":[],"product_cat":[27],"product_tag":[],"class_list":{"0":"post-16729","1":"product","2":"type-product","3":"status-publish","4":"has-post-thumbnail","6":"product_cat-statues","7":"pa_dimensions-h-37-cm","8":"pa_epoque-premiere-moitie-du-xxeme-siecle","9":"pa_ethnie-lobi","10":"pa_materiaux-bois-patine-sacrificielle","11":"pa_pays-burkina-faso","13":"first","14":"instock","15":"sold-individually","16":"taxable","17":"shipping-taxable","18":"purchasable","19":"product-type-simple","20":"add-to-wishlist-before_image"},"_links":{"self":[{"href":"https:\/\/evebegalli.com\/en\/wp-json\/wp\/v2\/product\/16729","targetHints":{"allow":["GET"]}}],"collection":[{"href":"https:\/\/evebegalli.com\/en\/wp-json\/wp\/v2\/product"}],"about":[{"href":"https:\/\/evebegalli.com\/en\/wp-json\/wp\/v2\/types\/product"}],"version-history":[{"count":3,"href":"https:\/\/evebegalli.com\/en\/wp-json\/wp\/v2\/product\/16729\/revisions"}],"predecessor-version":[{"id":16756,"href":"https:\/\/evebegalli.com\/en\/wp-json\/wp\/v2\/product\/16729\/revisions\/16756"}],"wp:featuredmedia":[{"embeddable":true,"href":"https:\/\/evebegalli.com\/en\/wp-json\/wp\/v2\/media\/16752"}],"wp:attachment":[{"href":"https:\/\/evebegalli.com\/en\/wp-json\/wp\/v2\/media?parent=16729"}],"wp:term":[{"taxonomy":"product_brand","embeddable":true,"href":"https:\/\/evebegalli.com\/en\/wp-json\/wp\/v2\/product_brand?post=16729"},{"taxonomy":"product_cat","embeddable":true,"href":"https:\/\/evebegalli.com\/en\/wp-json\/wp\/v2\/product_cat?post=16729"},{"taxonomy":"product_tag","embeddable":true,"href":"https:\/\/evebegalli.com\/en\/wp-json\/wp\/v2\/product_tag?post=16729"}],"curies":[{"name":"wp","href":"https:\/\/api.w.org\/{rel}","templated":true}]}}