{"id":16706,"date":"2024-01-14T15:33:11","date_gmt":"2024-01-14T15:33:11","guid":{"rendered":"https:\/\/evebegalli.com\/?post_type=product&#038;p=16706"},"modified":"2024-01-15T20:16:05","modified_gmt":"2024-01-15T20:16:05","slug":"lobi-bateba-ti-puo-burkina-faso-3","status":"publish","type":"product","link":"https:\/\/evebegalli.com\/en\/product\/lobi-bateba-ti-puo-burkina-faso-3\/","title":{"rendered":"Lobi Bateba Ti Puo, Burkina Faso"},"content":{"rendered":"","protected":false},"excerpt":{"rendered":"<p>Belle figure Bateba \u00ab\u00a0<em>Ti Puo<\/em>\u00a0\u00bb ou \u00ab\u00a0<em>dangereux<\/em> \u00bb repr\u00e9sentant un personnage masculin debout, un bras dress\u00e9 vers l&rsquo;avant. Plac\u00e9e sur l&rsquo;autel familial, il implore le \u00ab <em>Thila<\/em> \u00bb pour la protection contre la sorcellerie et les mal\u00e9dictions. Bien que le model\u00e9 du corps soit minimaliste, les lignes sont nerveuses, dynamiques. Le visage se dissimule sous une importante patine cro\u00fbteuse et laisse entrevoir deux yeux creus\u00e9s surplombant un nez \u00e9pat\u00e9 ainsi qu&rsquo;une bouche entrouverte. Une corde avec des cauris entoure la taille et un bracelet en m\u00e9tal le bras.<\/p>\n<p><strong>Origin<\/strong><br \/>\nEx private collection from the south of France.<\/p>","protected":false},"featured_media":16726,"template":"","meta":{"_exactmetrics_skip_tracking":false,"_exactmetrics_sitenote_active":false,"_exactmetrics_sitenote_note":"","_exactmetrics_sitenote_category":0,"neve_meta_sidebar":"","neve_meta_container":"","neve_meta_enable_content_width":"on","neve_meta_content_width":100,"neve_meta_title_alignment":"","neve_meta_author_avatar":"","neve_post_elements_order":"","neve_meta_disable_header":"","neve_meta_disable_footer":"","neve_meta_disable_title":"","_themeisle_gutenberg_block_has_review":false},"product_brand":[],"product_cat":[27],"product_tag":[],"class_list":{"0":"post-16706","1":"product","2":"type-product","3":"status-publish","4":"has-post-thumbnail","6":"product_cat-statues","7":"pa_dimensions-h-325-cm","8":"pa_epoque-premiere-moitie-du-xxeme-siecle","9":"pa_ethnie-lobi","10":"pa_materiaux-bois-fer-patine-de-sang","11":"pa_materiaux-cauris","12":"pa_materiaux-cordes","13":"pa_pays-burkina-faso","15":"first","16":"instock","17":"sold-individually","18":"taxable","19":"shipping-taxable","20":"purchasable","21":"product-type-simple","22":"add-to-wishlist-before_image"},"_links":{"self":[{"href":"https:\/\/evebegalli.com\/en\/wp-json\/wp\/v2\/product\/16706","targetHints":{"allow":["GET"]}}],"collection":[{"href":"https:\/\/evebegalli.com\/en\/wp-json\/wp\/v2\/product"}],"about":[{"href":"https:\/\/evebegalli.com\/en\/wp-json\/wp\/v2\/types\/product"}],"version-history":[{"count":3,"href":"https:\/\/evebegalli.com\/en\/wp-json\/wp\/v2\/product\/16706\/revisions"}],"predecessor-version":[{"id":16728,"href":"https:\/\/evebegalli.com\/en\/wp-json\/wp\/v2\/product\/16706\/revisions\/16728"}],"wp:featuredmedia":[{"embeddable":true,"href":"https:\/\/evebegalli.com\/en\/wp-json\/wp\/v2\/media\/16726"}],"wp:attachment":[{"href":"https:\/\/evebegalli.com\/en\/wp-json\/wp\/v2\/media?parent=16706"}],"wp:term":[{"taxonomy":"product_brand","embeddable":true,"href":"https:\/\/evebegalli.com\/en\/wp-json\/wp\/v2\/product_brand?post=16706"},{"taxonomy":"product_cat","embeddable":true,"href":"https:\/\/evebegalli.com\/en\/wp-json\/wp\/v2\/product_cat?post=16706"},{"taxonomy":"product_tag","embeddable":true,"href":"https:\/\/evebegalli.com\/en\/wp-json\/wp\/v2\/product_tag?post=16706"}],"curies":[{"name":"wp","href":"https:\/\/api.w.org\/{rel}","templated":true}]}}