{"id":16678,"date":"2024-01-12T22:44:44","date_gmt":"2024-01-12T22:44:44","guid":{"rendered":"https:\/\/evebegalli.com\/?post_type=product&#038;p=16678"},"modified":"2024-01-13T14:17:44","modified_gmt":"2024-01-13T14:17:44","slug":"grande-statue-ewe-togo-ghana","status":"publish","type":"product","link":"https:\/\/evebegalli.com\/en\/product\/grande-statue-ewe-togo-ghana\/","title":{"rendered":"Grande Statue Ewe, Togo\/Ghana"},"content":{"rendered":"","protected":false},"excerpt":{"rendered":"<p>Belle et ancienne statue f\u00e9minine, assez rare de cette taille, en position debout, les bras d\u00e9tach\u00e9s du corps. Les volumes tout en rondeur sont habilement trait\u00e9s. Grande expressivit\u00e9 du visage, renforc\u00e9e par l&rsquo;asym\u00e9trie des yeux et des oreilles et la bouche ouverte comme pour s&rsquo;exprimer. Le d\u00e9calage est pr\u00e9sent aussi dans la hauteur des \u00e9paules et des seins. Beau profil caract\u00e9ris\u00e9 par un visage compl\u00e9tement droit et une coiffe bomb\u00e9e contrebalanc\u00e9 par un fessier pro\u00e9minant. Magnifique patine miel brillante, qui t\u00e9moigne d\u2019une longue utilisation rituelle.<\/p>\n<p><strong>Origin<\/strong><br \/>\nEx private collection from the south of France.<\/p>\n<p style=\"text-align: center;\">","protected":false},"featured_media":16694,"template":"","meta":{"_exactmetrics_skip_tracking":false,"_exactmetrics_sitenote_active":false,"_exactmetrics_sitenote_note":"","_exactmetrics_sitenote_category":0,"neve_meta_sidebar":"","neve_meta_container":"","neve_meta_enable_content_width":"on","neve_meta_content_width":100,"neve_meta_title_alignment":"","neve_meta_author_avatar":"","neve_post_elements_order":"","neve_meta_disable_header":"","neve_meta_disable_footer":"","neve_meta_disable_title":"","_themeisle_gutenberg_block_has_review":false},"product_brand":[],"product_cat":[27],"product_tag":[],"class_list":{"0":"post-16678","1":"product","2":"type-product","3":"status-publish","4":"has-post-thumbnail","6":"product_cat-statues","7":"pa_dimensions-h-405cm","8":"pa_epoque-premiere-moitie-du-xxeme-siecle","9":"pa_ethnie-ewe","10":"pa_materiaux-bois","11":"pa_pays-togo-ghana","13":"first","14":"instock","15":"sold-individually","16":"taxable","17":"shipping-taxable","18":"purchasable","19":"product-type-simple","20":"add-to-wishlist-before_image"},"_links":{"self":[{"href":"https:\/\/evebegalli.com\/en\/wp-json\/wp\/v2\/product\/16678","targetHints":{"allow":["GET"]}}],"collection":[{"href":"https:\/\/evebegalli.com\/en\/wp-json\/wp\/v2\/product"}],"about":[{"href":"https:\/\/evebegalli.com\/en\/wp-json\/wp\/v2\/types\/product"}],"version-history":[{"count":5,"href":"https:\/\/evebegalli.com\/en\/wp-json\/wp\/v2\/product\/16678\/revisions"}],"predecessor-version":[{"id":16705,"href":"https:\/\/evebegalli.com\/en\/wp-json\/wp\/v2\/product\/16678\/revisions\/16705"}],"wp:featuredmedia":[{"embeddable":true,"href":"https:\/\/evebegalli.com\/en\/wp-json\/wp\/v2\/media\/16694"}],"wp:attachment":[{"href":"https:\/\/evebegalli.com\/en\/wp-json\/wp\/v2\/media?parent=16678"}],"wp:term":[{"taxonomy":"product_brand","embeddable":true,"href":"https:\/\/evebegalli.com\/en\/wp-json\/wp\/v2\/product_brand?post=16678"},{"taxonomy":"product_cat","embeddable":true,"href":"https:\/\/evebegalli.com\/en\/wp-json\/wp\/v2\/product_cat?post=16678"},{"taxonomy":"product_tag","embeddable":true,"href":"https:\/\/evebegalli.com\/en\/wp-json\/wp\/v2\/product_tag?post=16678"}],"curies":[{"name":"wp","href":"https:\/\/api.w.org\/{rel}","templated":true}]}}