{"id":16651,"date":"2024-01-04T15:07:54","date_gmt":"2024-01-04T15:07:54","guid":{"rendered":"https:\/\/evebegalli.com\/?post_type=product&#038;p=16651"},"modified":"2024-01-04T22:53:16","modified_gmt":"2024-01-04T22:53:16","slug":"statuette-tugubele-senoufo-cote-divoire-9","status":"publish","type":"product","link":"https:\/\/evebegalli.com\/en\/product\/statuette-tugubele-senoufo-cote-divoire-9\/","title":{"rendered":"Statuette Tugubele Senoufo, C\u00f4te d\u2019Ivoire"},"content":{"rendered":"","protected":false},"excerpt":{"rendered":"<p>Belle statuette divinatoire en position debout, les jambes \u00e9mergeant d\u2019une base circulaire, les bras d\u00e9tach\u00e9s du corps et l\u00e9g\u00e8rement fl\u00e9chis, les mains pos\u00e9es sur les hanches. Le visage aux lignes \u00e9pur\u00e9es et \u00e0 la douce expression est encadr\u00e9 par des grandes oreilles et surmont\u00e9 d\u2019une coiffe en cr\u00eate sagittale. Elle repr\u00e9sente les esprits de la brousse appel\u00e9s \u00ab <em>tugubele<\/em> \u00bb. Le nom tugubele s\u2019applique \u00e0 la fois aux esprits et aux statuettes m\u00e9diatrices. Elles \u00e9taient utilis\u00e9es par les devins senoufo, appel\u00e9s Sando\u2019o, pour communiquer avec les esprits vivant dans la nature. Les artistes cr\u00e9ant le tugubele ont suivi de pr\u00e8s les instructions qui leur ont \u00e9t\u00e9 donn\u00e9es par le devin \u00e0 qui on aurait dit certains d\u00e9tails sur l\u2019apparence, le sexe, la posture, les marques de scarification etc. de la figure directement par l\u2019esprit. Les devins \u00e9taient souvent contact\u00e9s par les esprits pendant qu\u2019ils dormaient sous la forme d\u2019un r\u00eave.<br \/>\nLes traces d\u2019outil r\u00e9guli\u00e8res font jouer la lumi\u00e8re sur la belle patine brune et miel, brillante \u00e0 certains endroits, qui t\u00e9moigne d\u2019une longue utilisation rituelle.<\/p>\n<p><strong>Origin<\/strong><br \/>\nEx private collection from the south of France.<\/p>\n<p style=\"text-align: center;\">","protected":false},"featured_media":16672,"template":"","meta":{"_exactmetrics_skip_tracking":false,"_exactmetrics_sitenote_active":false,"_exactmetrics_sitenote_note":"","_exactmetrics_sitenote_category":0,"neve_meta_sidebar":"","neve_meta_container":"","neve_meta_enable_content_width":"on","neve_meta_content_width":100,"neve_meta_title_alignment":"","neve_meta_author_avatar":"","neve_post_elements_order":"","neve_meta_disable_header":"","neve_meta_disable_footer":"","neve_meta_disable_title":"","_themeisle_gutenberg_block_has_review":false},"product_brand":[],"product_cat":[27],"product_tag":[],"class_list":{"0":"post-16651","1":"product","2":"type-product","3":"status-publish","4":"has-post-thumbnail","6":"product_cat-statues","7":"pa_dimensions-h-26-cm","8":"pa_epoque-premiere-moitie-du-xxeme-siecle","9":"pa_ethnie-senoufo","10":"pa_materiaux-bois","11":"pa_pays-cote-divoire","13":"first","14":"instock","15":"sold-individually","16":"taxable","17":"shipping-taxable","18":"purchasable","19":"product-type-simple","20":"add-to-wishlist-before_image"},"_links":{"self":[{"href":"https:\/\/evebegalli.com\/en\/wp-json\/wp\/v2\/product\/16651","targetHints":{"allow":["GET"]}}],"collection":[{"href":"https:\/\/evebegalli.com\/en\/wp-json\/wp\/v2\/product"}],"about":[{"href":"https:\/\/evebegalli.com\/en\/wp-json\/wp\/v2\/types\/product"}],"version-history":[{"count":5,"href":"https:\/\/evebegalli.com\/en\/wp-json\/wp\/v2\/product\/16651\/revisions"}],"predecessor-version":[{"id":16677,"href":"https:\/\/evebegalli.com\/en\/wp-json\/wp\/v2\/product\/16651\/revisions\/16677"}],"wp:featuredmedia":[{"embeddable":true,"href":"https:\/\/evebegalli.com\/en\/wp-json\/wp\/v2\/media\/16672"}],"wp:attachment":[{"href":"https:\/\/evebegalli.com\/en\/wp-json\/wp\/v2\/media?parent=16651"}],"wp:term":[{"taxonomy":"product_brand","embeddable":true,"href":"https:\/\/evebegalli.com\/en\/wp-json\/wp\/v2\/product_brand?post=16651"},{"taxonomy":"product_cat","embeddable":true,"href":"https:\/\/evebegalli.com\/en\/wp-json\/wp\/v2\/product_cat?post=16651"},{"taxonomy":"product_tag","embeddable":true,"href":"https:\/\/evebegalli.com\/en\/wp-json\/wp\/v2\/product_tag?post=16651"}],"curies":[{"name":"wp","href":"https:\/\/api.w.org\/{rel}","templated":true}]}}