{"id":16624,"date":"2024-01-04T12:16:13","date_gmt":"2024-01-04T12:16:13","guid":{"rendered":"https:\/\/evebegalli.com\/?post_type=product&#038;p=16624"},"modified":"2024-01-04T14:58:19","modified_gmt":"2024-01-04T14:58:19","slug":"lobi-bateba-ti-puo-burkina-faso-2","status":"publish","type":"product","link":"https:\/\/evebegalli.com\/en\/product\/lobi-bateba-ti-puo-burkina-faso-2\/","title":{"rendered":"Lobi Bateba Ti Puo, Burkina Faso"},"content":{"rendered":"","protected":false},"excerpt":{"rendered":"<p>Belle figure Bateba \u00ab\u00a0<em>Ti Puo<\/em>\u00a0\u00bb ou \u00ab\u00a0<em>dangereux<\/em> \u00bb repr\u00e9sentant un personnage masculin debout, les bras dress\u00e9s vers le ciel. Plac\u00e9e sur l&rsquo;autel familial, il implore le \u00ab <em>Thila<\/em> \u00bb pour la protection contre la sorcellerie et les mal\u00e9dictions. Bien que le model\u00e9 du corps soit minimaliste, les lignes sont nerveuses, dynamiques.\u00a0 A la souplesse de la pose et \u00e0 la fluidit\u00e9 des membres s&rsquo;ajoute ici la force des traits stylis\u00e9s du visage.<br \/>\nIl est recouvert d\u2019une tr\u00e8s ancienne patine cro\u00fbteuse due aux libations.<\/p>\n<p><strong>Origin<\/strong><br \/>\nEx private collection from the south of France.<\/p>","protected":false},"featured_media":16647,"template":"","meta":{"_exactmetrics_skip_tracking":false,"_exactmetrics_sitenote_active":false,"_exactmetrics_sitenote_note":"","_exactmetrics_sitenote_category":0,"neve_meta_sidebar":"","neve_meta_container":"","neve_meta_enable_content_width":"on","neve_meta_content_width":100,"neve_meta_title_alignment":"","neve_meta_author_avatar":"","neve_post_elements_order":"","neve_meta_disable_header":"","neve_meta_disable_footer":"","neve_meta_disable_title":"","_themeisle_gutenberg_block_has_review":false},"product_brand":[],"product_cat":[27],"product_tag":[],"class_list":{"0":"post-16624","1":"product","2":"type-product","3":"status-publish","4":"has-post-thumbnail","6":"product_cat-statues","7":"pa_dimensions-h-31-cm-2","8":"pa_epoque-premiere-moitie-du-xxeme-siecle","9":"pa_ethnie-lobi","10":"pa_materiaux-bois-patine-sacrificielle","11":"pa_pays-burkina-faso","13":"first","14":"instock","15":"sold-individually","16":"taxable","17":"shipping-taxable","18":"purchasable","19":"product-type-simple","20":"add-to-wishlist-before_image"},"_links":{"self":[{"href":"https:\/\/evebegalli.com\/en\/wp-json\/wp\/v2\/product\/16624","targetHints":{"allow":["GET"]}}],"collection":[{"href":"https:\/\/evebegalli.com\/en\/wp-json\/wp\/v2\/product"}],"about":[{"href":"https:\/\/evebegalli.com\/en\/wp-json\/wp\/v2\/types\/product"}],"version-history":[{"count":3,"href":"https:\/\/evebegalli.com\/en\/wp-json\/wp\/v2\/product\/16624\/revisions"}],"predecessor-version":[{"id":16649,"href":"https:\/\/evebegalli.com\/en\/wp-json\/wp\/v2\/product\/16624\/revisions\/16649"}],"wp:featuredmedia":[{"embeddable":true,"href":"https:\/\/evebegalli.com\/en\/wp-json\/wp\/v2\/media\/16647"}],"wp:attachment":[{"href":"https:\/\/evebegalli.com\/en\/wp-json\/wp\/v2\/media?parent=16624"}],"wp:term":[{"taxonomy":"product_brand","embeddable":true,"href":"https:\/\/evebegalli.com\/en\/wp-json\/wp\/v2\/product_brand?post=16624"},{"taxonomy":"product_cat","embeddable":true,"href":"https:\/\/evebegalli.com\/en\/wp-json\/wp\/v2\/product_cat?post=16624"},{"taxonomy":"product_tag","embeddable":true,"href":"https:\/\/evebegalli.com\/en\/wp-json\/wp\/v2\/product_tag?post=16624"}],"curies":[{"name":"wp","href":"https:\/\/api.w.org\/{rel}","templated":true}]}}