{"id":16581,"date":"2024-01-02T22:04:14","date_gmt":"2024-01-02T22:04:14","guid":{"rendered":"https:\/\/evebegalli.com\/?post_type=product&#038;p=16581"},"modified":"2024-01-02T22:28:21","modified_gmt":"2024-01-02T22:28:21","slug":"paire-fon-hohovi-benin-2","status":"publish","type":"product","link":"https:\/\/evebegalli.com\/en\/product\/paire-fon-hohovi-benin-2\/","title":{"rendered":"Paire Fon Hohovi, B\u00e9nin"},"content":{"rendered":"","protected":false},"excerpt":{"rendered":"<p class=\"descriptionLineWrap\">Magnifique ancienne paire de statuettes Hohovi r\u00e9alis\u00e9es \u00e0 la naissance de jumeaux. Les visages estomp\u00e9s montrent qu\u2019ils ont \u00e9t\u00e9 l\u2019objet de beaucoup de soins sur plusieurs g\u00e9n\u00e9rations. La beaut\u00e9 de ces figures caract\u00e9ris\u00e9es par une sculpture forte est exalt\u00e9e par une profonde patine claire brillante. Traces de libations.<\/p>\n<p><strong>Origin<\/strong><br \/>\nEx private collection from the south of France.<\/p>","protected":false},"featured_media":16600,"template":"","meta":{"_exactmetrics_skip_tracking":false,"_exactmetrics_sitenote_active":false,"_exactmetrics_sitenote_note":"","_exactmetrics_sitenote_category":0,"neve_meta_sidebar":"","neve_meta_container":"","neve_meta_enable_content_width":"on","neve_meta_content_width":100,"neve_meta_title_alignment":"","neve_meta_author_avatar":"","neve_post_elements_order":"","neve_meta_disable_header":"","neve_meta_disable_footer":"","neve_meta_disable_title":"","_themeisle_gutenberg_block_has_review":false},"product_brand":[],"product_cat":[27],"product_tag":[],"class_list":{"0":"post-16581","1":"product","2":"type-product","3":"status-publish","4":"has-post-thumbnail","6":"product_cat-statues","7":"pa_dimensions-20-cm-185-cm","8":"pa_epoque-circa-1950","9":"pa_ethnie-fon","10":"pa_materiaux-bois","11":"pa_pays-benin","13":"first","14":"instock","15":"sold-individually","16":"taxable","17":"shipping-taxable","18":"purchasable","19":"product-type-simple","20":"add-to-wishlist-before_image"},"_links":{"self":[{"href":"https:\/\/evebegalli.com\/en\/wp-json\/wp\/v2\/product\/16581","targetHints":{"allow":["GET"]}}],"collection":[{"href":"https:\/\/evebegalli.com\/en\/wp-json\/wp\/v2\/product"}],"about":[{"href":"https:\/\/evebegalli.com\/en\/wp-json\/wp\/v2\/types\/product"}],"version-history":[{"count":2,"href":"https:\/\/evebegalli.com\/en\/wp-json\/wp\/v2\/product\/16581\/revisions"}],"predecessor-version":[{"id":16602,"href":"https:\/\/evebegalli.com\/en\/wp-json\/wp\/v2\/product\/16581\/revisions\/16602"}],"wp:featuredmedia":[{"embeddable":true,"href":"https:\/\/evebegalli.com\/en\/wp-json\/wp\/v2\/media\/16600"}],"wp:attachment":[{"href":"https:\/\/evebegalli.com\/en\/wp-json\/wp\/v2\/media?parent=16581"}],"wp:term":[{"taxonomy":"product_brand","embeddable":true,"href":"https:\/\/evebegalli.com\/en\/wp-json\/wp\/v2\/product_brand?post=16581"},{"taxonomy":"product_cat","embeddable":true,"href":"https:\/\/evebegalli.com\/en\/wp-json\/wp\/v2\/product_cat?post=16581"},{"taxonomy":"product_tag","embeddable":true,"href":"https:\/\/evebegalli.com\/en\/wp-json\/wp\/v2\/product_tag?post=16581"}],"curies":[{"name":"wp","href":"https:\/\/api.w.org\/{rel}","templated":true}]}}