{"id":16534,"date":"2023-12-27T17:04:13","date_gmt":"2023-12-27T17:04:13","guid":{"rendered":"https:\/\/evebegalli.com\/?post_type=product&#038;p=16534"},"modified":"2023-12-27T20:27:32","modified_gmt":"2023-12-27T20:27:32","slug":"statue-toussian-burkina-faso","status":"publish","type":"product","link":"https:\/\/evebegalli.com\/en\/product\/statue-toussian-burkina-faso\/","title":{"rendered":"Statue Toussian, Burkina Faso"},"content":{"rendered":"","protected":false},"excerpt":{"rendered":"<p>Int\u00e9ressante statue de l&rsquo;aire stylistique Toussian, repr\u00e9sentant un personnage \u00e0 l&rsquo;allure simiesque, les bras ballants, les jambes l\u00e9g\u00e8rement fl\u00e9chies, la poitrine marqu\u00e9e, la t\u00eate au visage pointu.<br \/>\nMagnifique patine miel tr\u00e8s us\u00e9e qui t\u00e9moigne d\u2019une longue utilisation rituelle.<\/p>\n<p><strong>Origin<\/strong><br \/>\nEx private collection from the south of France.<\/p>\n<p style=\"text-align: center;\">","protected":false},"featured_media":16555,"template":"","meta":{"_exactmetrics_skip_tracking":false,"_exactmetrics_sitenote_active":false,"_exactmetrics_sitenote_note":"","_exactmetrics_sitenote_category":0,"neve_meta_sidebar":"","neve_meta_container":"","neve_meta_enable_content_width":"on","neve_meta_content_width":100,"neve_meta_title_alignment":"","neve_meta_author_avatar":"","neve_post_elements_order":"","neve_meta_disable_header":"","neve_meta_disable_footer":"","neve_meta_disable_title":"","_themeisle_gutenberg_block_has_review":false},"product_brand":[],"product_cat":[27],"product_tag":[],"class_list":{"0":"post-16534","1":"product","2":"type-product","3":"status-publish","4":"has-post-thumbnail","6":"product_cat-statues","7":"pa_dimensions-h-40-cm","8":"pa_epoque-premiere-moitie-du-xxeme-siecle","9":"pa_ethnie-toussian","10":"pa_materiaux-bois","11":"pa_pays-burkina-faso","13":"first","14":"instock","15":"sold-individually","16":"taxable","17":"shipping-taxable","18":"purchasable","19":"product-type-simple","20":"add-to-wishlist-before_image"},"_links":{"self":[{"href":"https:\/\/evebegalli.com\/en\/wp-json\/wp\/v2\/product\/16534","targetHints":{"allow":["GET"]}}],"collection":[{"href":"https:\/\/evebegalli.com\/en\/wp-json\/wp\/v2\/product"}],"about":[{"href":"https:\/\/evebegalli.com\/en\/wp-json\/wp\/v2\/types\/product"}],"version-history":[{"count":2,"href":"https:\/\/evebegalli.com\/en\/wp-json\/wp\/v2\/product\/16534\/revisions"}],"predecessor-version":[{"id":16557,"href":"https:\/\/evebegalli.com\/en\/wp-json\/wp\/v2\/product\/16534\/revisions\/16557"}],"wp:featuredmedia":[{"embeddable":true,"href":"https:\/\/evebegalli.com\/en\/wp-json\/wp\/v2\/media\/16555"}],"wp:attachment":[{"href":"https:\/\/evebegalli.com\/en\/wp-json\/wp\/v2\/media?parent=16534"}],"wp:term":[{"taxonomy":"product_brand","embeddable":true,"href":"https:\/\/evebegalli.com\/en\/wp-json\/wp\/v2\/product_brand?post=16534"},{"taxonomy":"product_cat","embeddable":true,"href":"https:\/\/evebegalli.com\/en\/wp-json\/wp\/v2\/product_cat?post=16534"},{"taxonomy":"product_tag","embeddable":true,"href":"https:\/\/evebegalli.com\/en\/wp-json\/wp\/v2\/product_tag?post=16534"}],"curies":[{"name":"wp","href":"https:\/\/api.w.org\/{rel}","templated":true}]}}