{"id":16390,"date":"2023-11-13T13:56:42","date_gmt":"2023-11-13T13:56:42","guid":{"rendered":"https:\/\/evebegalli.com\/?post_type=product&#038;p=16390"},"modified":"2023-11-27T13:08:59","modified_gmt":"2023-11-27T13:08:59","slug":"baoule-statuette-fetichee-cote-divoire","status":"publish","type":"product","link":"https:\/\/evebegalli.com\/en\/product\/baoule-statuette-fetichee-cote-divoire\/","title":{"rendered":"Baoul\u00e9 statuette f\u00e9tich\u00e9e, C\u00f4te d&rsquo;ivoire"},"content":{"rendered":"","protected":false},"excerpt":{"rendered":"<p>Surprenante et atypique sculpture f\u00e9minine, dont les bras ont \u00e9t\u00e9 amput\u00e9s et le torse envelopp\u00e9 de cuir.<br \/>\nL&rsquo;ensemble est recouvert d&rsquo;une \u00e9paisse patine sacrificielle.<\/p>\n<p><strong>Origin<\/strong><br \/>\nEx private collection from the south of France.<\/p>","protected":false},"featured_media":16414,"template":"","meta":{"_exactmetrics_skip_tracking":false,"_exactmetrics_sitenote_active":false,"_exactmetrics_sitenote_note":"","_exactmetrics_sitenote_category":0,"neve_meta_sidebar":"","neve_meta_container":"","neve_meta_enable_content_width":"on","neve_meta_content_width":100,"neve_meta_title_alignment":"","neve_meta_author_avatar":"","neve_post_elements_order":"","neve_meta_disable_header":"","neve_meta_disable_footer":"","neve_meta_disable_title":"","_themeisle_gutenberg_block_has_review":false},"product_brand":[],"product_cat":[27],"product_tag":[],"class_list":{"0":"post-16390","1":"product","2":"type-product","3":"status-publish","4":"has-post-thumbnail","6":"product_cat-statues","7":"pa_dimensions-h-37-cm","8":"pa_epoque-debut-du-xxeme-siecle","9":"pa_ethnie-baoule","10":"pa_materiaux-bois-patine-sacrificielle","11":"pa_materiaux-cordes","12":"pa_materiaux-cuir","13":"pa_materiaux-graines-rouges","14":"pa_pays-cote-divoire","16":"first","17":"instock","18":"sold-individually","19":"taxable","20":"shipping-taxable","21":"purchasable","22":"product-type-simple","23":"add-to-wishlist-before_image"},"_links":{"self":[{"href":"https:\/\/evebegalli.com\/en\/wp-json\/wp\/v2\/product\/16390","targetHints":{"allow":["GET"]}}],"collection":[{"href":"https:\/\/evebegalli.com\/en\/wp-json\/wp\/v2\/product"}],"about":[{"href":"https:\/\/evebegalli.com\/en\/wp-json\/wp\/v2\/types\/product"}],"version-history":[{"count":4,"href":"https:\/\/evebegalli.com\/en\/wp-json\/wp\/v2\/product\/16390\/revisions"}],"predecessor-version":[{"id":17357,"href":"https:\/\/evebegalli.com\/en\/wp-json\/wp\/v2\/product\/16390\/revisions\/17357"}],"wp:featuredmedia":[{"embeddable":true,"href":"https:\/\/evebegalli.com\/en\/wp-json\/wp\/v2\/media\/16414"}],"wp:attachment":[{"href":"https:\/\/evebegalli.com\/en\/wp-json\/wp\/v2\/media?parent=16390"}],"wp:term":[{"taxonomy":"product_brand","embeddable":true,"href":"https:\/\/evebegalli.com\/en\/wp-json\/wp\/v2\/product_brand?post=16390"},{"taxonomy":"product_cat","embeddable":true,"href":"https:\/\/evebegalli.com\/en\/wp-json\/wp\/v2\/product_cat?post=16390"},{"taxonomy":"product_tag","embeddable":true,"href":"https:\/\/evebegalli.com\/en\/wp-json\/wp\/v2\/product_tag?post=16390"}],"curies":[{"name":"wp","href":"https:\/\/api.w.org\/{rel}","templated":true}]}}