{"id":16367,"date":"2023-11-08T15:36:53","date_gmt":"2023-11-08T15:36:53","guid":{"rendered":"https:\/\/evebegalli.com\/?post_type=product&#038;p=16367"},"modified":"2023-11-27T13:09:38","modified_gmt":"2023-11-27T13:09:38","slug":"lobi-bateba-ti-puo-burkina-faso","status":"publish","type":"product","link":"https:\/\/evebegalli.com\/en\/product\/lobi-bateba-ti-puo-burkina-faso\/","title":{"rendered":"Lobi Bateba Ti Puo, Burkina Faso"},"content":{"rendered":"","protected":false},"excerpt":{"rendered":"<p>Belle figure Bateba Ti Puo repr\u00e9sentant un personnage masculin debout, le corps longiligne avec un bras lev\u00e9 symboliquement vers le ciel et l\u2019autre pos\u00e9 sur le flanc.\u00a0 L\u2019ensemble de la sculpture est trait\u00e9 de fa\u00e7on particuli\u00e8rement vigoureuse, ou chaque d\u00e9tail du corps &#8211; le visage, le torse, les \u00e9paules, les jambes etc. &#8211; donne lieu \u00e0 un style cubiste tr\u00e8s affirm\u00e9. La fonction de ces figures est celle de bloquer l&rsquo;entr\u00e9e des forces n\u00e9fastes telles que la maladie ou la sorcellerie, et sont repr\u00e9sent\u00e9es avec un ou les deux bras lev\u00e9s.<br \/>\nBois dur, recouvert d&rsquo;une ancienne et profonde patine de sang l\u00e9g\u00e8rement terreuse par endroit.<\/p>\n<p><strong>Origin<\/strong><br \/>\nEx private collection from the south of France.<\/p>","protected":false},"featured_media":16387,"template":"","meta":{"_exactmetrics_skip_tracking":false,"_exactmetrics_sitenote_active":false,"_exactmetrics_sitenote_note":"","_exactmetrics_sitenote_category":0,"neve_meta_sidebar":"","neve_meta_container":"","neve_meta_enable_content_width":"on","neve_meta_content_width":100,"neve_meta_title_alignment":"","neve_meta_author_avatar":"","neve_post_elements_order":"","neve_meta_disable_header":"","neve_meta_disable_footer":"","neve_meta_disable_title":"","_themeisle_gutenberg_block_has_review":false},"product_brand":[],"product_cat":[27],"product_tag":[],"class_list":{"0":"post-16367","1":"product","2":"type-product","3":"status-publish","4":"has-post-thumbnail","6":"product_cat-statues","7":"pa_dimensions-h-34cm","8":"pa_epoque-premiere-moitie-du-xxeme-siecle","9":"pa_ethnie-lobi","10":"pa_materiaux-bois-patine-sacrificielle","11":"pa_pays-burkina-faso","13":"first","14":"instock","15":"sold-individually","16":"taxable","17":"shipping-taxable","18":"purchasable","19":"product-type-simple","20":"add-to-wishlist-before_image"},"_links":{"self":[{"href":"https:\/\/evebegalli.com\/en\/wp-json\/wp\/v2\/product\/16367","targetHints":{"allow":["GET"]}}],"collection":[{"href":"https:\/\/evebegalli.com\/en\/wp-json\/wp\/v2\/product"}],"about":[{"href":"https:\/\/evebegalli.com\/en\/wp-json\/wp\/v2\/types\/product"}],"version-history":[{"count":2,"href":"https:\/\/evebegalli.com\/en\/wp-json\/wp\/v2\/product\/16367\/revisions"}],"predecessor-version":[{"id":16389,"href":"https:\/\/evebegalli.com\/en\/wp-json\/wp\/v2\/product\/16367\/revisions\/16389"}],"wp:featuredmedia":[{"embeddable":true,"href":"https:\/\/evebegalli.com\/en\/wp-json\/wp\/v2\/media\/16387"}],"wp:attachment":[{"href":"https:\/\/evebegalli.com\/en\/wp-json\/wp\/v2\/media?parent=16367"}],"wp:term":[{"taxonomy":"product_brand","embeddable":true,"href":"https:\/\/evebegalli.com\/en\/wp-json\/wp\/v2\/product_brand?post=16367"},{"taxonomy":"product_cat","embeddable":true,"href":"https:\/\/evebegalli.com\/en\/wp-json\/wp\/v2\/product_cat?post=16367"},{"taxonomy":"product_tag","embeddable":true,"href":"https:\/\/evebegalli.com\/en\/wp-json\/wp\/v2\/product_tag?post=16367"}],"curies":[{"name":"wp","href":"https:\/\/api.w.org\/{rel}","templated":true}]}}