{"id":16336,"date":"2023-10-25T13:34:24","date_gmt":"2023-10-25T13:34:24","guid":{"rendered":"https:\/\/evebegalli.com\/?post_type=product&#038;p=16336"},"modified":"2023-10-27T15:53:40","modified_gmt":"2023-10-27T15:53:40","slug":"statue-feminine-tiv-nigeria","status":"publish","type":"product","link":"https:\/\/evebegalli.com\/en\/product\/statue-feminine-tiv-nigeria\/","title":{"rendered":"Statue f\u00e9minine Tiv, Nigeria"},"content":{"rendered":"","protected":false},"excerpt":{"rendered":"<p>Belle statuette f\u00e9minine archa\u00efque provenant certainement du peuple Tiv. Son visage concave, observ\u00e9 sur de nombreuses figures Tiv, ainsi que la cr\u00eate sur la t\u00eate, l&#8217;emplacement des oreilles, ses traits simples et ses \u00e9paules rectangulaires, sugg\u00e8rent tous que cette sculpture pourrait appartenir au corpus des figures \u00abIhambe\u00bb. Le corps est habilement sculpt\u00e9, taill\u00e9 en coupes franches, les bras le long du corps et les mains se rejoignant au-dessous du nombril. Le bas des jambes manque sans alt\u00e9rer la sculpture.\u00a0 Bois d&rsquo;acajou tr\u00e8s dur \u00e0 patine ancienne brune fonc\u00e9e brillante par endroits.<br \/>\nLes ihambe pouvaient \u00eatre \u00e0 la fois des hommes et des femmes et gardaient g\u00e9n\u00e9ralement les entr\u00e9es des maisons des femmes mari\u00e9es.<\/p>\n<p><strong>Origin<\/strong><br \/>\nEx private collection from the south of France.<\/p>","protected":false},"featured_media":16360,"template":"","meta":{"_exactmetrics_skip_tracking":false,"_exactmetrics_sitenote_active":false,"_exactmetrics_sitenote_note":"","_exactmetrics_sitenote_category":0,"neve_meta_sidebar":"","neve_meta_container":"","neve_meta_enable_content_width":"on","neve_meta_content_width":100,"neve_meta_title_alignment":"","neve_meta_author_avatar":"","neve_post_elements_order":"","neve_meta_disable_header":"","neve_meta_disable_footer":"","neve_meta_disable_title":"","_themeisle_gutenberg_block_has_review":false},"product_brand":[],"product_cat":[27],"product_tag":[],"class_list":{"0":"post-16336","1":"product","2":"type-product","3":"status-publish","4":"has-post-thumbnail","6":"product_cat-statues","7":"pa_dimensions-h-34cm","8":"pa_epoque-premiere-moitie-du-xxeme-siecle","9":"pa_ethnie-tiv","10":"pa_materiaux-bois","11":"pa_pays-nigeria","13":"first","14":"instock","15":"sold-individually","16":"taxable","17":"shipping-taxable","18":"purchasable","19":"product-type-simple","20":"add-to-wishlist-before_image"},"_links":{"self":[{"href":"https:\/\/evebegalli.com\/en\/wp-json\/wp\/v2\/product\/16336","targetHints":{"allow":["GET"]}}],"collection":[{"href":"https:\/\/evebegalli.com\/en\/wp-json\/wp\/v2\/product"}],"about":[{"href":"https:\/\/evebegalli.com\/en\/wp-json\/wp\/v2\/types\/product"}],"version-history":[{"count":3,"href":"https:\/\/evebegalli.com\/en\/wp-json\/wp\/v2\/product\/16336\/revisions"}],"predecessor-version":[{"id":16363,"href":"https:\/\/evebegalli.com\/en\/wp-json\/wp\/v2\/product\/16336\/revisions\/16363"}],"wp:featuredmedia":[{"embeddable":true,"href":"https:\/\/evebegalli.com\/en\/wp-json\/wp\/v2\/media\/16360"}],"wp:attachment":[{"href":"https:\/\/evebegalli.com\/en\/wp-json\/wp\/v2\/media?parent=16336"}],"wp:term":[{"taxonomy":"product_brand","embeddable":true,"href":"https:\/\/evebegalli.com\/en\/wp-json\/wp\/v2\/product_brand?post=16336"},{"taxonomy":"product_cat","embeddable":true,"href":"https:\/\/evebegalli.com\/en\/wp-json\/wp\/v2\/product_cat?post=16336"},{"taxonomy":"product_tag","embeddable":true,"href":"https:\/\/evebegalli.com\/en\/wp-json\/wp\/v2\/product_tag?post=16336"}],"curies":[{"name":"wp","href":"https:\/\/api.w.org\/{rel}","templated":true}]}}