{"id":16214,"date":"2023-09-07T13:49:32","date_gmt":"2023-09-07T13:49:32","guid":{"rendered":"https:\/\/evebegalli.com\/?post_type=product&#038;p=16214"},"modified":"2024-11-25T12:40:29","modified_gmt":"2024-11-25T12:40:29","slug":"paire-de-jumeaux-ibeji-yoruba-nigeria-2","status":"publish","type":"product","link":"https:\/\/evebegalli.com\/en\/product\/paire-de-jumeaux-ibeji-yoruba-nigeria-2\/","title":{"rendered":"Paire de jumeaux Ibeji Yoruba, Nigeria"},"content":{"rendered":"","protected":false},"excerpt":{"rendered":"<p>Tr\u00e8s belle petite paire de statuettes Ibeji, repr\u00e9sentant une figure masculine et une f\u00e9minine, les mains sur les hanches, les visages scarifi\u00e9s, les coiffures incis\u00e9es.<br \/>\nBelle patine brune\/rouge\u00e2tre nuanc\u00e9e.<br \/>\nLes jumeaux, enfants du dieu tonnerre Shango, sont \u00e0 la fois craints et porteurs de chance. Au cas o\u00f9 l\u2019un des deux \u2013 ou les deux \u2013 jumeaux d\u00e9c\u00e9derait, les parents devront faire fabriquer une effigie <i>ibeji<\/i> repr\u00e9sentant un enfant, symboliquement figur\u00e9 sous des traits adultes et qui accompagnera l\u2019enfant rest\u00e9 vivant. La statuette, ou r\u00e9side l\u2019esprit du jumeau d\u00e9c\u00e9d\u00e9, fera partie int\u00e9grante de la vie quotidienne et recevra alors les m\u00eames attentions que son jumeau. Il est lav\u00e9, soign\u00e9, huil\u00e9, nourri, v\u00eatu et entour\u00e9 de chants et de pri\u00e8res. Il est plac\u00e9 debout le jour sur l\u2019autel, ou port\u00e9 par les femmes et allong\u00e9 la nuit. Leur coiffure est r\u00e9guli\u00e8rement enduite du bleu indigo, et leur corps est rougi par les pigments de bois rouge.<\/p>\n<p><strong>Origin<\/strong><br \/>\nEx private collection from the south of France.<br \/>\nEx Galerie Wolfgang Jaenicke, Berlin<\/p>","protected":false},"featured_media":16227,"template":"","meta":{"_exactmetrics_skip_tracking":false,"_exactmetrics_sitenote_active":false,"_exactmetrics_sitenote_note":"","_exactmetrics_sitenote_category":0,"neve_meta_sidebar":"","neve_meta_container":"","neve_meta_enable_content_width":"on","neve_meta_content_width":100,"neve_meta_title_alignment":"","neve_meta_author_avatar":"","neve_post_elements_order":"","neve_meta_disable_header":"","neve_meta_disable_footer":"","neve_meta_disable_title":"","_themeisle_gutenberg_block_has_review":false},"product_brand":[],"product_cat":[27],"product_tag":[],"class_list":{"0":"post-16214","1":"product","2":"type-product","3":"status-publish","4":"has-post-thumbnail","6":"product_cat-statues","7":"pa_dimensions-h-13-cm","8":"pa_epoque-circa-1950","9":"pa_ethnie-yoruba","10":"pa_materiaux-bois","11":"pa_materiaux-camwood","12":"pa_materiaux-perles","13":"pa_pays-nigeria","15":"first","16":"outofstock","17":"sold-individually","18":"taxable","19":"shipping-taxable","20":"product-type-simple","21":"add-to-wishlist-before_image"},"_links":{"self":[{"href":"https:\/\/evebegalli.com\/en\/wp-json\/wp\/v2\/product\/16214","targetHints":{"allow":["GET"]}}],"collection":[{"href":"https:\/\/evebegalli.com\/en\/wp-json\/wp\/v2\/product"}],"about":[{"href":"https:\/\/evebegalli.com\/en\/wp-json\/wp\/v2\/types\/product"}],"version-history":[{"count":4,"href":"https:\/\/evebegalli.com\/en\/wp-json\/wp\/v2\/product\/16214\/revisions"}],"predecessor-version":[{"id":16231,"href":"https:\/\/evebegalli.com\/en\/wp-json\/wp\/v2\/product\/16214\/revisions\/16231"}],"wp:featuredmedia":[{"embeddable":true,"href":"https:\/\/evebegalli.com\/en\/wp-json\/wp\/v2\/media\/16227"}],"wp:attachment":[{"href":"https:\/\/evebegalli.com\/en\/wp-json\/wp\/v2\/media?parent=16214"}],"wp:term":[{"taxonomy":"product_brand","embeddable":true,"href":"https:\/\/evebegalli.com\/en\/wp-json\/wp\/v2\/product_brand?post=16214"},{"taxonomy":"product_cat","embeddable":true,"href":"https:\/\/evebegalli.com\/en\/wp-json\/wp\/v2\/product_cat?post=16214"},{"taxonomy":"product_tag","embeddable":true,"href":"https:\/\/evebegalli.com\/en\/wp-json\/wp\/v2\/product_tag?post=16214"}],"curies":[{"name":"wp","href":"https:\/\/api.w.org\/{rel}","templated":true}]}}