{"id":16109,"date":"2023-05-21T19:29:29","date_gmt":"2023-05-21T19:29:29","guid":{"rendered":"https:\/\/evebegalli.com\/?post_type=product&#038;p=16109"},"modified":"2023-09-07T11:24:47","modified_gmt":"2023-09-07T11:24:47","slug":"paire-fon-hohovi-benin","status":"publish","type":"product","link":"https:\/\/evebegalli.com\/en\/product\/paire-fon-hohovi-benin\/","title":{"rendered":"Paire Fon Hohovi, B\u00e9nin"},"content":{"rendered":"<p><a name=\"v257\"><\/a><br \/>\n<div class=\"epyt-video-wrapper\"><iframe  id=\"_ytid_79471\"  width=\"1200\" height=\"675\"  data-origwidth=\"1200\" data-origheight=\"675\" src=\"https:\/\/www.youtube.com\/embed\/jz7GdseyIp0?enablejsapi=1&autoplay=0&cc_load_policy=0&cc_lang_pref=&iv_load_policy=1&loop=0&rel=0&fs=1&playsinline=0&autohide=2&theme=dark&color=red&controls=1&disablekb=0&\" class=\"__youtube_prefs__  no-lazyload\" title=\"YouTube player\"  allow=\"fullscreen; accelerometer; autoplay; clipboard-write; encrypted-media; gyroscope; picture-in-picture; web-share\" referrerpolicy=\"strict-origin-when-cross-origin\" allowfullscreen data-no-lazy=\"1\" data-skipgform_ajax_framebjll=\"\"><\/iframe><\/div><\/p>","protected":false},"excerpt":{"rendered":"<p class=\"descriptionLineWrap\">Magnifique ancienne paire de statuettes Hohovi r\u00e9alis\u00e9es \u00e0 la naissance de jumeaux. Les bouches estomp\u00e9s montrent qu\u2019ils ont \u00e9t\u00e9 l\u2019objet de beaucoup de soins sur plusieurs g\u00e9n\u00e9rations. La beaut\u00e9 de ces figures caract\u00e9ris\u00e9es par une sculpture forte est exalt\u00e9e par une profonde patine claire brillante.<\/p>\n<p><strong>Origin<\/strong><br \/>\nEx private collection from the south of France.<\/p>\n<p style=\"text-align: center;\"><a class=\"maxbutton-1 maxbutton maxbutton-regardez-la-video\" href=\"#v257\"><span class='mb-text'>GO TO THE VIDEO<\/span><\/a><\/p>","protected":false},"featured_media":16127,"template":"","meta":{"_exactmetrics_skip_tracking":false,"_exactmetrics_sitenote_active":false,"_exactmetrics_sitenote_note":"","_exactmetrics_sitenote_category":0,"neve_meta_sidebar":"","neve_meta_container":"","neve_meta_enable_content_width":"on","neve_meta_content_width":100,"neve_meta_title_alignment":"","neve_meta_author_avatar":"","neve_post_elements_order":"","neve_meta_disable_header":"","neve_meta_disable_footer":"","neve_meta_disable_title":"","_themeisle_gutenberg_block_has_review":false},"product_brand":[],"product_cat":[27],"product_tag":[],"class_list":{"0":"post-16109","1":"product","2":"type-product","3":"status-publish","4":"has-post-thumbnail","6":"product_cat-statues","7":"pa_dimensions-h-17-cm","8":"pa_epoque-circa-1950","9":"pa_ethnie-fon","10":"pa_materiaux-bois-perles","11":"pa_pays-benin","13":"first","14":"instock","15":"sold-individually","16":"taxable","17":"shipping-taxable","18":"purchasable","19":"product-type-simple","20":"add-to-wishlist-before_image"},"_links":{"self":[{"href":"https:\/\/evebegalli.com\/en\/wp-json\/wp\/v2\/product\/16109","targetHints":{"allow":["GET"]}}],"collection":[{"href":"https:\/\/evebegalli.com\/en\/wp-json\/wp\/v2\/product"}],"about":[{"href":"https:\/\/evebegalli.com\/en\/wp-json\/wp\/v2\/types\/product"}],"version-history":[{"count":5,"href":"https:\/\/evebegalli.com\/en\/wp-json\/wp\/v2\/product\/16109\/revisions"}],"predecessor-version":[{"id":16186,"href":"https:\/\/evebegalli.com\/en\/wp-json\/wp\/v2\/product\/16109\/revisions\/16186"}],"wp:featuredmedia":[{"embeddable":true,"href":"https:\/\/evebegalli.com\/en\/wp-json\/wp\/v2\/media\/16127"}],"wp:attachment":[{"href":"https:\/\/evebegalli.com\/en\/wp-json\/wp\/v2\/media?parent=16109"}],"wp:term":[{"taxonomy":"product_brand","embeddable":true,"href":"https:\/\/evebegalli.com\/en\/wp-json\/wp\/v2\/product_brand?post=16109"},{"taxonomy":"product_cat","embeddable":true,"href":"https:\/\/evebegalli.com\/en\/wp-json\/wp\/v2\/product_cat?post=16109"},{"taxonomy":"product_tag","embeddable":true,"href":"https:\/\/evebegalli.com\/en\/wp-json\/wp\/v2\/product_tag?post=16109"}],"curies":[{"name":"wp","href":"https:\/\/api.w.org\/{rel}","templated":true}]}}