{"id":16082,"date":"2023-05-21T10:22:16","date_gmt":"2023-05-21T10:22:16","guid":{"rendered":"https:\/\/evebegalli.com\/?post_type=product&#038;p=16082"},"modified":"2023-05-22T22:04:41","modified_gmt":"2023-05-22T22:04:41","slug":"masque-mossi-burkina-faso-2","status":"publish","type":"product","link":"https:\/\/evebegalli.com\/en\/product\/masque-mossi-burkina-faso-2\/","title":{"rendered":"Mossi Mask, Burkina Faso"},"content":{"rendered":"<p><a name=\"v256\"><\/a><br \/>\n<div class=\"epyt-video-wrapper\"><iframe  id=\"_ytid_82030\"  width=\"1200\" height=\"675\"  data-origwidth=\"1200\" data-origheight=\"675\" src=\"https:\/\/www.youtube.com\/embed\/Pp62z_er0Pk?enablejsapi=1&autoplay=0&cc_load_policy=0&cc_lang_pref=&iv_load_policy=1&loop=0&rel=0&fs=1&playsinline=0&autohide=2&theme=dark&color=red&controls=1&disablekb=0&\" class=\"__youtube_prefs__  no-lazyload\" title=\"YouTube player\"  allow=\"fullscreen; accelerometer; autoplay; clipboard-write; encrypted-media; gyroscope; picture-in-picture; web-share\" referrerpolicy=\"strict-origin-when-cross-origin\" allowfullscreen data-no-lazy=\"1\" data-skipgform_ajax_framebjll=\"\"><\/iframe><\/div><\/p>","protected":false},"excerpt":{"rendered":"<p class=\"descriptionLineWrap\">Rare et spectaculaire masque monoxyle anthropomorphe \u00e0 visage polychrome \u00e0 base de pigments naturels rouges, noirs et blancs. Il est orn\u00e9 de symboles, les yeux en losanges soulign\u00e9s en noir, la bouche entrouverte garnie de dents et la t\u00eate surmont\u00e9e d&rsquo;un pangolin stylis\u00e9. \u00a0Il pr\u00e9sente des traces de portage \u00e0 l&rsquo;int\u00e9rieur. Un masque similaire faisait partie de la <em>collection Liliane et Michel Durand-Dessert <\/em>(vente Debaecque et Associ\u00e9s 2019).<\/p>\n<p><strong>Origin<\/strong><br \/>\nEx private collection from the south of France.<\/p>\n<p style=\"text-align: center;\"><a class=\"maxbutton-1 maxbutton maxbutton-regardez-la-video\" href=\"#v256\"><span class='mb-text'>GO TO THE VIDEO<\/span><\/a><\/p>","protected":false},"featured_media":16098,"template":"","meta":{"_exactmetrics_skip_tracking":false,"_exactmetrics_sitenote_active":false,"_exactmetrics_sitenote_note":"","_exactmetrics_sitenote_category":0,"neve_meta_sidebar":"","neve_meta_container":"","neve_meta_enable_content_width":"on","neve_meta_content_width":100,"neve_meta_title_alignment":"","neve_meta_author_avatar":"","neve_post_elements_order":"","neve_meta_disable_header":"","neve_meta_disable_footer":"","neve_meta_disable_title":"","_themeisle_gutenberg_block_has_review":false},"product_brand":[],"product_cat":[26],"product_tag":[],"class_list":{"0":"post-16082","1":"product","2":"type-product","3":"status-publish","4":"has-post-thumbnail","6":"product_cat-masques","7":"pa_dimensions-h-31-cm-2","8":"pa_epoque-premiere-moitie-du-xxeme-siecle","9":"pa_ethnie-mossi","10":"pa_materiaux-bois-pigments","11":"pa_pays-burkina-faso","13":"first","14":"instock","15":"sold-individually","16":"taxable","17":"shipping-taxable","18":"purchasable","19":"product-type-simple","20":"add-to-wishlist-before_image"},"_links":{"self":[{"href":"https:\/\/evebegalli.com\/en\/wp-json\/wp\/v2\/product\/16082","targetHints":{"allow":["GET"]}}],"collection":[{"href":"https:\/\/evebegalli.com\/en\/wp-json\/wp\/v2\/product"}],"about":[{"href":"https:\/\/evebegalli.com\/en\/wp-json\/wp\/v2\/types\/product"}],"version-history":[{"count":6,"href":"https:\/\/evebegalli.com\/en\/wp-json\/wp\/v2\/product\/16082\/revisions"}],"predecessor-version":[{"id":16104,"href":"https:\/\/evebegalli.com\/en\/wp-json\/wp\/v2\/product\/16082\/revisions\/16104"}],"wp:featuredmedia":[{"embeddable":true,"href":"https:\/\/evebegalli.com\/en\/wp-json\/wp\/v2\/media\/16098"}],"wp:attachment":[{"href":"https:\/\/evebegalli.com\/en\/wp-json\/wp\/v2\/media?parent=16082"}],"wp:term":[{"taxonomy":"product_brand","embeddable":true,"href":"https:\/\/evebegalli.com\/en\/wp-json\/wp\/v2\/product_brand?post=16082"},{"taxonomy":"product_cat","embeddable":true,"href":"https:\/\/evebegalli.com\/en\/wp-json\/wp\/v2\/product_cat?post=16082"},{"taxonomy":"product_tag","embeddable":true,"href":"https:\/\/evebegalli.com\/en\/wp-json\/wp\/v2\/product_tag?post=16082"}],"curies":[{"name":"wp","href":"https:\/\/api.w.org\/{rel}","templated":true}]}}