{"id":15990,"date":"2023-05-09T16:22:12","date_gmt":"2023-05-09T16:22:12","guid":{"rendered":"https:\/\/evebegalli.com\/?post_type=product&#038;p=15990"},"modified":"2023-05-13T21:33:16","modified_gmt":"2023-05-13T21:33:16","slug":"yoruba-paire-de-statuettes-eshu-nigeria","status":"publish","type":"product","link":"https:\/\/evebegalli.com\/en\/product\/yoruba-paire-de-statuettes-eshu-nigeria\/","title":{"rendered":"Yoruba paire de statuettes Eshu, Nigeria"},"content":{"rendered":"<p><a name=\"v254\"><\/a><br \/>\n<div class=\"epyt-video-wrapper\"><iframe  id=\"_ytid_96205\"  width=\"1200\" height=\"675\"  data-origwidth=\"1200\" data-origheight=\"675\" src=\"https:\/\/www.youtube.com\/embed\/pY6kR4y1uZM?enablejsapi=1&autoplay=0&cc_load_policy=0&cc_lang_pref=&iv_load_policy=1&loop=0&rel=0&fs=1&playsinline=0&autohide=2&theme=dark&color=red&controls=1&disablekb=0&\" class=\"__youtube_prefs__  no-lazyload\" title=\"YouTube player\"  allow=\"fullscreen; accelerometer; autoplay; clipboard-write; encrypted-media; gyroscope; picture-in-picture; web-share\" referrerpolicy=\"strict-origin-when-cross-origin\" allowfullscreen data-no-lazy=\"1\" data-skipgform_ajax_framebjll=\"\"><\/iframe><\/div><\/p>","protected":false},"excerpt":{"rendered":"<p>Belle paire de statuettes, l&rsquo;une masculine tenant une flute \u00e0 sa bouche, l&rsquo;autre f\u00e9minine tenant ses seins, les deux dot\u00e9es d&rsquo;une imposante coiffure pigment\u00e9e de bleu orn\u00e9e de calebasses sculpt\u00e9es, des longues guirlandes de cauris d\u00e9ferlant sur les corps et attach\u00e9es entre elles par des lani\u00e8res en cuir au cou. Belle patine ancienne noire profonde. Les signes r\u00e9v\u00e9lateurs de l&rsquo;\u00e2ge de cette pi\u00e8ce proviennent aussi de la patine des cauris et des lani\u00e8res de cuir avec lesquelles ils ont \u00e9t\u00e9 attach\u00e9s.<br \/>\nAu sein du vaste panth\u00e9on yoruba, o\u00f9 foisonnent esprits et divinit\u00e9s, la personnalit\u00e9 d&rsquo;Eshu, personnage espi\u00e8gle et parfois perfide, domine par son caract\u00e8re trivial et festif. Il est repr\u00e9sent\u00e9 par diff\u00e9rentes sculptures qui, comme celles-ci pr\u00e9sentent souvent des caract\u00e8res phalliques dissimul\u00e9s dans la coiffure et l&rsquo;ornementation.<\/p>\n<p><strong>Origin<\/strong><br \/>\nEx private collection from the south of France.<\/p>\n<p style=\"text-align: center;\"><a class=\"maxbutton-1 maxbutton maxbutton-regardez-la-video\" href=\"#v254\"><span class='mb-text'>GO TO THE VIDEO<\/span><\/a><\/p>","protected":false},"featured_media":16011,"template":"","meta":{"_exactmetrics_skip_tracking":false,"_exactmetrics_sitenote_active":false,"_exactmetrics_sitenote_note":"","_exactmetrics_sitenote_category":0,"neve_meta_sidebar":"","neve_meta_container":"","neve_meta_enable_content_width":"on","neve_meta_content_width":100,"neve_meta_title_alignment":"","neve_meta_author_avatar":"","neve_post_elements_order":"","neve_meta_disable_header":"","neve_meta_disable_footer":"","neve_meta_disable_title":"","_themeisle_gutenberg_block_has_review":false},"product_brand":[],"product_cat":[27],"product_tag":[],"class_list":{"0":"post-15990","1":"product","2":"type-product","3":"status-publish","4":"has-post-thumbnail","6":"product_cat-statues","7":"pa_dimensions-h-32-cm","8":"pa_epoque-circa-1950","9":"pa_ethnie-yoruba","10":"pa_materiaux-bois","11":"pa_materiaux-cauris","12":"pa_materiaux-pigments","13":"pa_pays-nigeria","15":"first","16":"outofstock","17":"sold-individually","18":"taxable","19":"shipping-taxable","20":"product-type-simple","21":"add-to-wishlist-before_image"},"_links":{"self":[{"href":"https:\/\/evebegalli.com\/en\/wp-json\/wp\/v2\/product\/15990","targetHints":{"allow":["GET"]}}],"collection":[{"href":"https:\/\/evebegalli.com\/en\/wp-json\/wp\/v2\/product"}],"about":[{"href":"https:\/\/evebegalli.com\/en\/wp-json\/wp\/v2\/types\/product"}],"version-history":[{"count":7,"href":"https:\/\/evebegalli.com\/en\/wp-json\/wp\/v2\/product\/15990\/revisions"}],"predecessor-version":[{"id":16017,"href":"https:\/\/evebegalli.com\/en\/wp-json\/wp\/v2\/product\/15990\/revisions\/16017"}],"wp:featuredmedia":[{"embeddable":true,"href":"https:\/\/evebegalli.com\/en\/wp-json\/wp\/v2\/media\/16011"}],"wp:attachment":[{"href":"https:\/\/evebegalli.com\/en\/wp-json\/wp\/v2\/media?parent=15990"}],"wp:term":[{"taxonomy":"product_brand","embeddable":true,"href":"https:\/\/evebegalli.com\/en\/wp-json\/wp\/v2\/product_brand?post=15990"},{"taxonomy":"product_cat","embeddable":true,"href":"https:\/\/evebegalli.com\/en\/wp-json\/wp\/v2\/product_cat?post=15990"},{"taxonomy":"product_tag","embeddable":true,"href":"https:\/\/evebegalli.com\/en\/wp-json\/wp\/v2\/product_tag?post=15990"}],"curies":[{"name":"wp","href":"https:\/\/api.w.org\/{rel}","templated":true}]}}