{"id":15757,"date":"2023-02-12T18:08:36","date_gmt":"2023-02-12T18:08:36","guid":{"rendered":"https:\/\/evebegalli.com\/?post_type=product&#038;p=15757"},"modified":"2023-02-12T20:19:11","modified_gmt":"2023-02-12T20:19:11","slug":"masque-chewa-malawi-zambie-3","status":"publish","type":"product","link":"https:\/\/evebegalli.com\/en\/product\/masque-chewa-malawi-zambie-3\/","title":{"rendered":"Chewa mask, Malawi \/ Zambia"},"content":{"rendered":"<p><a name=\"v246\"><\/a><br \/>\n<div class=\"epyt-video-wrapper\"><iframe  id=\"_ytid_46838\"  width=\"1200\" height=\"675\"  data-origwidth=\"1200\" data-origheight=\"675\" src=\"https:\/\/www.youtube.com\/embed\/YNRaGeUTurE?enablejsapi=1&autoplay=0&cc_load_policy=0&cc_lang_pref=&iv_load_policy=1&loop=0&rel=0&fs=1&playsinline=0&autohide=2&theme=dark&color=red&controls=1&disablekb=0&\" class=\"__youtube_prefs__  no-lazyload\" title=\"YouTube player\"  allow=\"fullscreen; accelerometer; autoplay; clipboard-write; encrypted-media; gyroscope; picture-in-picture; web-share\" referrerpolicy=\"strict-origin-when-cross-origin\" allowfullscreen data-no-lazy=\"1\" data-skipgform_ajax_framebjll=\"\"><\/iframe><\/div><\/p>","protected":false},"excerpt":{"rendered":"<p>Tr\u00e8s ancien et rare masque Chewa au visage recouvert d\u2019une peinture bleu r\u00e9hauss\u00e9e de symboles blancs, les yeux saillants aux orbites remplies de blanc et les dents m\u00e9talliques \u00e0 l\u2019int\u00e9rieur de la bouche qui renforcent ainsi l\u2019impression de peur.\u00a0 Autour du visage les restes de tissus qui composait la coiffe de ce beau masque tr\u00e8s expressif.\u00a0 A l\u2019int\u00e9rieur magnifique patine d\u2019usage.<br \/>\nLes masques Chewa ne sont port\u00e9s que par les membres masculins de la soci\u00e9t\u00e9. Le porteur de masque est consid\u00e9r\u00e9 comme incarnant l\u2019esprit d\u2019un anc\u00eatre mort et jouit donc de l\u2019immunit\u00e9 pour tout acte lorsqu\u2019il est masqu\u00e9. Ils sont dans\u00e9s lors de la plupart des \u00e9v\u00e9nements majeurs de la vie, y compris l\u2019initiation des jeunes hommes, l\u2019\u00e9l\u00e9vation d\u2019un nouveau chef et les fun\u00e9railles.<\/p>\n<p style=\"text-align: left;\"><strong>Origin<\/strong><br \/>\nEx private collection from the south of France.<\/p>\n<p style=\"text-align: center;\"><a class=\"maxbutton-1 maxbutton maxbutton-regardez-la-video\" href=\"#v246\"><span class='mb-text'>GO TO THE VIDEO<\/span><\/a><\/p>\n<p style=\"text-align: center;\">","protected":false},"featured_media":15772,"template":"","meta":{"_exactmetrics_skip_tracking":false,"_exactmetrics_sitenote_active":false,"_exactmetrics_sitenote_note":"","_exactmetrics_sitenote_category":0,"neve_meta_sidebar":"","neve_meta_container":"","neve_meta_enable_content_width":"on","neve_meta_content_width":100,"neve_meta_title_alignment":"","neve_meta_author_avatar":"","neve_post_elements_order":"","neve_meta_disable_header":"","neve_meta_disable_footer":"","neve_meta_disable_title":"","_themeisle_gutenberg_block_has_review":false},"product_brand":[],"product_cat":[26],"product_tag":[],"class_list":{"0":"post-15757","1":"product","2":"type-product","3":"status-publish","4":"has-post-thumbnail","6":"product_cat-masques","7":"pa_dimensions-h-28cm","8":"pa_epoque-premiere-moitie-du-xxeme-siecle","9":"pa_ethnie-chewa","10":"pa_materiaux-bois-metal","11":"pa_materiaux-pigments","12":"pa_materiaux-tissus","13":"pa_pays-malawi-zambie","15":"first","16":"instock","17":"sold-individually","18":"taxable","19":"shipping-taxable","20":"purchasable","21":"product-type-simple","22":"add-to-wishlist-before_image"},"_links":{"self":[{"href":"https:\/\/evebegalli.com\/en\/wp-json\/wp\/v2\/product\/15757","targetHints":{"allow":["GET"]}}],"collection":[{"href":"https:\/\/evebegalli.com\/en\/wp-json\/wp\/v2\/product"}],"about":[{"href":"https:\/\/evebegalli.com\/en\/wp-json\/wp\/v2\/types\/product"}],"version-history":[{"count":6,"href":"https:\/\/evebegalli.com\/en\/wp-json\/wp\/v2\/product\/15757\/revisions"}],"predecessor-version":[{"id":15778,"href":"https:\/\/evebegalli.com\/en\/wp-json\/wp\/v2\/product\/15757\/revisions\/15778"}],"wp:featuredmedia":[{"embeddable":true,"href":"https:\/\/evebegalli.com\/en\/wp-json\/wp\/v2\/media\/15772"}],"wp:attachment":[{"href":"https:\/\/evebegalli.com\/en\/wp-json\/wp\/v2\/media?parent=15757"}],"wp:term":[{"taxonomy":"product_brand","embeddable":true,"href":"https:\/\/evebegalli.com\/en\/wp-json\/wp\/v2\/product_brand?post=15757"},{"taxonomy":"product_cat","embeddable":true,"href":"https:\/\/evebegalli.com\/en\/wp-json\/wp\/v2\/product_cat?post=15757"},{"taxonomy":"product_tag","embeddable":true,"href":"https:\/\/evebegalli.com\/en\/wp-json\/wp\/v2\/product_tag?post=15757"}],"curies":[{"name":"wp","href":"https:\/\/api.w.org\/{rel}","templated":true}]}}