{"id":15741,"date":"2023-02-10T19:41:46","date_gmt":"2023-02-10T19:41:46","guid":{"rendered":"https:\/\/evebegalli.com\/?post_type=product&#038;p=15741"},"modified":"2023-02-12T14:03:51","modified_gmt":"2023-02-12T14:03:51","slug":"masque-chokwe-angola-3","status":"publish","type":"product","link":"https:\/\/evebegalli.com\/en\/product\/masque-chokwe-angola-3\/","title":{"rendered":"Masque Chokwe, Angola"},"content":{"rendered":"<p><a name=\"v245\"><\/a><br \/>\n<div class=\"epyt-video-wrapper\"><iframe  id=\"_ytid_44812\"  width=\"1200\" height=\"675\"  data-origwidth=\"1200\" data-origheight=\"675\" src=\"https:\/\/www.youtube.com\/embed\/xsJOfQqXdZM?enablejsapi=1&autoplay=0&cc_load_policy=0&cc_lang_pref=&iv_load_policy=1&loop=0&rel=0&fs=1&playsinline=0&autohide=2&theme=dark&color=red&controls=1&disablekb=0&\" class=\"__youtube_prefs__  no-lazyload\" title=\"YouTube player\"  allow=\"fullscreen; accelerometer; autoplay; clipboard-write; encrypted-media; gyroscope; picture-in-picture; web-share\" referrerpolicy=\"strict-origin-when-cross-origin\" allowfullscreen data-no-lazy=\"1\" data-skipgform_ajax_framebjll=\"\"><\/iframe><\/div><\/p>","protected":false},"excerpt":{"rendered":"<p>Masque f\u00e9minin Pwo (femme, ou mwana pwo, jeune femme) inspir\u00e9 des traits d\u2019une femme dont la beaut\u00e9 suscitait la plus grande admiration, il symbolise le r\u00f4le primordial jou\u00e9 par les femmes au sein de la soci\u00e9t\u00e9 matrilin\u00e9aire Chokwe, et en exprime pleinement l\u2019id\u00e9al de beaut\u00e9.<br \/>\nLes orbites tr\u00e8s creus\u00e9es concentrant l\u2019attention sur les larges yeux mi-clos en grain de caf\u00e9 perc\u00e9s d\u2019une mince fente plac\u00e9s sous des sourcils en relief, cr\u00e9ent un jeu subtil de courbes et contre-courbes avec les joues et la bouche entrouverte vers l\u2019avant accentuant visuellement l\u2019extr\u00eame sensibilit\u00e9 des model\u00e9s. La beaut\u00e9 id\u00e9alis\u00e9e du visage f\u00e9minin s\u2019exprime tant dans le soin accord\u00e9 \u00e0 la parure, \u00e9l\u00e9gance des scarifications, dents lim\u00e9es en pointe, coiffe en diad\u00e8me, que par la profonde spiritualit\u00e9 qui l\u2019impr\u00e8gne. Enfin une superbe patine brune profonde. Marques d\u2019usage internes.<br \/>\nLes scarifications en relief sur la face ont des significations bien pr\u00e9cises, r\u00e9v\u00e9latrices d\u2019une riche cosmogonie.<br \/>\nLe masque Pwo, port\u00e9 lors des danses par des hommes afin d\u2019honorer les femmes, notamment les m\u00e8res des initi\u00e9s, durant la mukanda, l\u2019initiation des jeunes gar\u00e7ons, est bien plus qu\u2019une repr\u00e9sentation f\u00e9minine, il incarne le lien de la nouvelle classe d\u2019\u00e2ge avec une anc\u00eatre, et plus largement les rapports fondamentaux \u00ab entre la communaut\u00e9 villageoise et la chefferie, les anc\u00eatres et les esprits tut\u00e9laires (Wastiau, 2006: 44-45).<\/p>\n<p style=\"text-align: left;\"><strong>Origin<\/strong><br \/>\nEx private collection from the south of France.<\/p>\n<p style=\"text-align: center;\"><a class=\"maxbutton-1 maxbutton maxbutton-regardez-la-video\" href=\"#v245\"><span class='mb-text'>GO TO THE VIDEO<\/span><\/a><\/p>\n<p style=\"text-align: center;\">","protected":false},"featured_media":15752,"template":"","meta":{"_exactmetrics_skip_tracking":false,"_exactmetrics_sitenote_active":false,"_exactmetrics_sitenote_note":"","_exactmetrics_sitenote_category":0,"neve_meta_sidebar":"","neve_meta_container":"","neve_meta_enable_content_width":"on","neve_meta_content_width":100,"neve_meta_title_alignment":"","neve_meta_author_avatar":"","neve_post_elements_order":"","neve_meta_disable_header":"","neve_meta_disable_footer":"","neve_meta_disable_title":"","_themeisle_gutenberg_block_has_review":false},"product_brand":[],"product_cat":[26],"product_tag":[],"class_list":{"0":"post-15741","1":"product","2":"type-product","3":"status-publish","4":"has-post-thumbnail","6":"product_cat-masques","7":"pa_dimensions-h-23cm","8":"pa_epoque-premiere-moitie-du-xxeme-siecle","9":"pa_ethnie-chokwe","10":"pa_materiaux-bois-metal","11":"pa_pays-angola","13":"first","14":"outofstock","15":"sold-individually","16":"taxable","17":"shipping-taxable","18":"product-type-simple","19":"add-to-wishlist-before_image"},"_links":{"self":[{"href":"https:\/\/evebegalli.com\/en\/wp-json\/wp\/v2\/product\/15741","targetHints":{"allow":["GET"]}}],"collection":[{"href":"https:\/\/evebegalli.com\/en\/wp-json\/wp\/v2\/product"}],"about":[{"href":"https:\/\/evebegalli.com\/en\/wp-json\/wp\/v2\/types\/product"}],"version-history":[{"count":4,"href":"https:\/\/evebegalli.com\/en\/wp-json\/wp\/v2\/product\/15741\/revisions"}],"predecessor-version":[{"id":15756,"href":"https:\/\/evebegalli.com\/en\/wp-json\/wp\/v2\/product\/15741\/revisions\/15756"}],"wp:featuredmedia":[{"embeddable":true,"href":"https:\/\/evebegalli.com\/en\/wp-json\/wp\/v2\/media\/15752"}],"wp:attachment":[{"href":"https:\/\/evebegalli.com\/en\/wp-json\/wp\/v2\/media?parent=15741"}],"wp:term":[{"taxonomy":"product_brand","embeddable":true,"href":"https:\/\/evebegalli.com\/en\/wp-json\/wp\/v2\/product_brand?post=15741"},{"taxonomy":"product_cat","embeddable":true,"href":"https:\/\/evebegalli.com\/en\/wp-json\/wp\/v2\/product_cat?post=15741"},{"taxonomy":"product_tag","embeddable":true,"href":"https:\/\/evebegalli.com\/en\/wp-json\/wp\/v2\/product_tag?post=15741"}],"curies":[{"name":"wp","href":"https:\/\/api.w.org\/{rel}","templated":true}]}}