{"id":15657,"date":"2023-01-29T17:16:38","date_gmt":"2023-01-29T17:16:38","guid":{"rendered":"https:\/\/evebegalli.com\/?post_type=product&#038;p=15657"},"modified":"2023-01-29T18:12:54","modified_gmt":"2023-01-29T18:12:54","slug":"statuette-ibeji-yoruba-owu-nigeria","status":"publish","type":"product","link":"https:\/\/evebegalli.com\/en\/product\/statuette-ibeji-yoruba-owu-nigeria\/","title":{"rendered":"Statuette Ibeji Yoruba Owu, Nigeria"},"content":{"rendered":"<p><a name=\"v242\"><\/a><br \/>\n<div class=\"epyt-video-wrapper\"><iframe  id=\"_ytid_79151\"  width=\"1200\" height=\"675\"  data-origwidth=\"1200\" data-origheight=\"675\" src=\"https:\/\/www.youtube.com\/embed\/NuqI9GIJ65E?enablejsapi=1&autoplay=0&cc_load_policy=0&cc_lang_pref=&iv_load_policy=1&loop=0&rel=0&fs=1&playsinline=0&autohide=2&theme=dark&color=red&controls=1&disablekb=0&\" class=\"__youtube_prefs__  no-lazyload\" title=\"YouTube player\"  allow=\"fullscreen; accelerometer; autoplay; clipboard-write; encrypted-media; gyroscope; picture-in-picture; web-share\" referrerpolicy=\"strict-origin-when-cross-origin\" allowfullscreen data-no-lazy=\"1\" data-skipgform_ajax_framebjll=\"\"><\/iframe><\/div><\/p>","protected":false},"excerpt":{"rendered":"<p>Effigie f\u00e9minine Yoruba inscrite sur un socle circulaire, les pieds digit\u00e9s sculpt\u00e9s avec finesse. Les bras aux mains larges entourent le buste. Le visage tr\u00e8s expressif, s\u2019ouvre sur d\u2019amples yeux en demi-cercle, les arcades sourcili\u00e8res qui dessinent un nez en T aplati, les joues marqu\u00e9es de profondes entailles. Les oreilles tr\u00e8s hautes rejoignent la belle coiffure en deuz chignons, sur laquelle ont perdur\u00e9 des traces de pigment bleu indigo. Tr\u00e8s belle patine d&rsquo;usage noir avec traces rouge\u00e2tres de camwood.<br \/>\nDes ibeji de la m\u00eame r\u00e9gion d\u2019Ibadan, sont r\u00e9pertori\u00e9s dans <em>Ibeji Archive<\/em>\u00a0qui pr\u00e9sente des Ibeji \u00e9valu\u00e9s par Fausto Polo depuis 2001 (voir link ci dessous).<br \/>\n<a href=\"http:\/\/www.ibejiarchive.com\/ibadan1018.html\">http:\/\/www.ibejiarchive.com\/ibadan1018.html<\/a><\/p>\n<p><strong>Origin\u00a0 \u00a0 \u00a0 \u00a0 \u00a0 \u00a0 \u00a0 \u00a0 \u00a0 \u00a0 \u00a0 \u00a0<\/strong><br \/>\nEx private collection from the south of France.<\/p>\n<p style=\"text-align: center;\"><a class=\"maxbutton-1 maxbutton maxbutton-regardez-la-video\" href=\"#v242\"><span class='mb-text'>GO TO THE VIDEO<\/span><\/a><\/p>","protected":false},"featured_media":15675,"template":"","meta":{"_exactmetrics_skip_tracking":false,"_exactmetrics_sitenote_active":false,"_exactmetrics_sitenote_note":"","_exactmetrics_sitenote_category":0,"neve_meta_sidebar":"","neve_meta_container":"","neve_meta_enable_content_width":"on","neve_meta_content_width":100,"neve_meta_title_alignment":"","neve_meta_author_avatar":"","neve_post_elements_order":"","neve_meta_disable_header":"","neve_meta_disable_footer":"","neve_meta_disable_title":"","_themeisle_gutenberg_block_has_review":false},"product_brand":[],"product_cat":[27],"product_tag":[],"class_list":{"0":"post-15657","1":"product","2":"type-product","3":"status-publish","4":"has-post-thumbnail","6":"product_cat-statues","7":"pa_dimensions-h-24-cm","8":"pa_epoque-premiere-moitie-du-xxeme-siecle","9":"pa_ethnie-yoruba","10":"pa_materiaux-bois","11":"pa_materiaux-camwood","12":"pa_pays-nigeria","14":"first","15":"instock","16":"sold-individually","17":"taxable","18":"shipping-taxable","19":"purchasable","20":"product-type-simple","21":"add-to-wishlist-before_image"},"_links":{"self":[{"href":"https:\/\/evebegalli.com\/en\/wp-json\/wp\/v2\/product\/15657","targetHints":{"allow":["GET"]}}],"collection":[{"href":"https:\/\/evebegalli.com\/en\/wp-json\/wp\/v2\/product"}],"about":[{"href":"https:\/\/evebegalli.com\/en\/wp-json\/wp\/v2\/types\/product"}],"version-history":[{"count":5,"href":"https:\/\/evebegalli.com\/en\/wp-json\/wp\/v2\/product\/15657\/revisions"}],"predecessor-version":[{"id":15680,"href":"https:\/\/evebegalli.com\/en\/wp-json\/wp\/v2\/product\/15657\/revisions\/15680"}],"wp:featuredmedia":[{"embeddable":true,"href":"https:\/\/evebegalli.com\/en\/wp-json\/wp\/v2\/media\/15675"}],"wp:attachment":[{"href":"https:\/\/evebegalli.com\/en\/wp-json\/wp\/v2\/media?parent=15657"}],"wp:term":[{"taxonomy":"product_brand","embeddable":true,"href":"https:\/\/evebegalli.com\/en\/wp-json\/wp\/v2\/product_brand?post=15657"},{"taxonomy":"product_cat","embeddable":true,"href":"https:\/\/evebegalli.com\/en\/wp-json\/wp\/v2\/product_cat?post=15657"},{"taxonomy":"product_tag","embeddable":true,"href":"https:\/\/evebegalli.com\/en\/wp-json\/wp\/v2\/product_tag?post=15657"}],"curies":[{"name":"wp","href":"https:\/\/api.w.org\/{rel}","templated":true}]}}