{"id":15630,"date":"2023-01-29T15:44:01","date_gmt":"2023-01-29T15:44:01","guid":{"rendered":"https:\/\/evebegalli.com\/?post_type=product&#038;p=15630"},"modified":"2023-01-29T16:36:07","modified_gmt":"2023-01-29T16:36:07","slug":"fon-bo-benin","status":"publish","type":"product","link":"https:\/\/evebegalli.com\/en\/product\/fon-bo-benin\/","title":{"rendered":"Fon Bo, B\u00e9nin"},"content":{"rendered":"<p><a name=\"v241\"><\/a><br \/>\n<div class=\"epyt-video-wrapper\"><iframe  id=\"_ytid_79700\"  width=\"1200\" height=\"675\"  data-origwidth=\"1200\" data-origheight=\"675\" src=\"https:\/\/www.youtube.com\/embed\/PBgxgnkJx7Y?enablejsapi=1&autoplay=0&cc_load_policy=0&cc_lang_pref=&iv_load_policy=1&loop=0&rel=0&fs=1&playsinline=0&autohide=2&theme=dark&color=red&controls=1&disablekb=0&\" class=\"__youtube_prefs__  no-lazyload\" title=\"YouTube player\"  allow=\"fullscreen; accelerometer; autoplay; clipboard-write; encrypted-media; gyroscope; picture-in-picture; web-share\" referrerpolicy=\"strict-origin-when-cross-origin\" allowfullscreen data-no-lazy=\"1\" data-skipgform_ajax_framebjll=\"\"><\/iframe><\/div><\/p>","protected":false},"excerpt":{"rendered":"<p>Superbe composition constitu\u00e9 d&rsquo;un cr\u00e2ne de chien dans lequel est ins\u00e9r\u00e9e une cloche en fer, le tout li\u00e9 avec des lien en tissus et recouvert d\u2019une \u00e9paisse cro\u00fbte de sang animal s\u00e9ch\u00e9. Pi\u00e8ce ancienne et rare du culte Vaudou, tr\u00e8s imposante par la force qu&rsquo;elle d\u00e9gage.<\/p>\n<p><strong>Origin\u00a0<\/strong><br \/>\nEx collection Ann De Pauw et Luc Huysveld<br \/>\nEx private collection from the south of France.<\/p>\n<p><em><strong>Vendu avec certificat de provenance d&rsquo;Ann De Pauw<\/strong><\/em><\/p>\n<p style=\"text-align: center;\"><a class=\"maxbutton-1 maxbutton maxbutton-regardez-la-video\" href=\"#v241\"><span class='mb-text'>GO TO THE VIDEO<\/span><\/a><\/p>\n<p>&nbsp;<\/p>","protected":false},"featured_media":15649,"template":"","meta":{"_exactmetrics_skip_tracking":false,"_exactmetrics_sitenote_active":false,"_exactmetrics_sitenote_note":"","_exactmetrics_sitenote_category":0,"neve_meta_sidebar":"","neve_meta_container":"","neve_meta_enable_content_width":"on","neve_meta_content_width":100,"neve_meta_title_alignment":"","neve_meta_author_avatar":"","neve_post_elements_order":"","neve_meta_disable_header":"","neve_meta_disable_footer":"","neve_meta_disable_title":"","_themeisle_gutenberg_block_has_review":false},"product_brand":[],"product_cat":[27],"product_tag":[],"class_list":{"0":"post-15630","1":"product","2":"type-product","3":"status-publish","4":"has-post-thumbnail","6":"product_cat-statues","7":"pa_dimensions-h-28cm","8":"pa_epoque-moitie-du-xxeme-siecle-ou-avant","9":"pa_ethnie-fon","10":"pa_materiaux-cloche-en-fer","11":"pa_materiaux-crane-de-chien","12":"pa_materiaux-patine-sacrificielle","13":"pa_materiaux-tissus","14":"pa_pays-abomey-region","15":"pa_pays-benin","17":"first","18":"instock","19":"sold-individually","20":"taxable","21":"shipping-taxable","22":"purchasable","23":"product-type-simple","24":"add-to-wishlist-before_image"},"_links":{"self":[{"href":"https:\/\/evebegalli.com\/en\/wp-json\/wp\/v2\/product\/15630","targetHints":{"allow":["GET"]}}],"collection":[{"href":"https:\/\/evebegalli.com\/en\/wp-json\/wp\/v2\/product"}],"about":[{"href":"https:\/\/evebegalli.com\/en\/wp-json\/wp\/v2\/types\/product"}],"version-history":[{"count":7,"href":"https:\/\/evebegalli.com\/en\/wp-json\/wp\/v2\/product\/15630\/revisions"}],"predecessor-version":[{"id":15656,"href":"https:\/\/evebegalli.com\/en\/wp-json\/wp\/v2\/product\/15630\/revisions\/15656"}],"wp:featuredmedia":[{"embeddable":true,"href":"https:\/\/evebegalli.com\/en\/wp-json\/wp\/v2\/media\/15649"}],"wp:attachment":[{"href":"https:\/\/evebegalli.com\/en\/wp-json\/wp\/v2\/media?parent=15630"}],"wp:term":[{"taxonomy":"product_brand","embeddable":true,"href":"https:\/\/evebegalli.com\/en\/wp-json\/wp\/v2\/product_brand?post=15630"},{"taxonomy":"product_cat","embeddable":true,"href":"https:\/\/evebegalli.com\/en\/wp-json\/wp\/v2\/product_cat?post=15630"},{"taxonomy":"product_tag","embeddable":true,"href":"https:\/\/evebegalli.com\/en\/wp-json\/wp\/v2\/product_tag?post=15630"}],"curies":[{"name":"wp","href":"https:\/\/api.w.org\/{rel}","templated":true}]}}