{"id":15569,"date":"2023-01-26T19:37:56","date_gmt":"2023-01-26T19:37:56","guid":{"rendered":"https:\/\/evebegalli.com\/?post_type=product&#038;p=15569"},"modified":"2023-01-26T22:56:36","modified_gmt":"2023-01-26T22:56:36","slug":"statuette-tugubele-senoufo-cote-divoire-3","status":"publish","type":"product","link":"https:\/\/evebegalli.com\/en\/product\/statuette-tugubele-senoufo-cote-divoire-3\/","title":{"rendered":"Statuette tugubele Senoufo, C\u00f4te d&rsquo;Ivoire"},"content":{"rendered":"<p><a name=\"v239\"><\/a><br \/>\n<div class=\"epyt-video-wrapper\"><iframe  id=\"_ytid_26101\"  width=\"1200\" height=\"675\"  data-origwidth=\"1200\" data-origheight=\"675\" src=\"https:\/\/www.youtube.com\/embed\/962YMDQboPM?enablejsapi=1&autoplay=0&cc_load_policy=0&cc_lang_pref=&iv_load_policy=1&loop=0&rel=0&fs=1&playsinline=0&autohide=2&theme=dark&color=red&controls=1&disablekb=0&\" class=\"__youtube_prefs__  no-lazyload\" title=\"YouTube player\"  allow=\"fullscreen; accelerometer; autoplay; clipboard-write; encrypted-media; gyroscope; picture-in-picture; web-share\" referrerpolicy=\"strict-origin-when-cross-origin\" allowfullscreen data-no-lazy=\"1\" data-skipgform_ajax_framebjll=\"\"><\/iframe><\/div><\/p>","protected":false},"excerpt":{"rendered":"<p>Statuette masculine assise sur un tabouret, les jambes se confondant avec les pieds avant de l&rsquo;assise, le buste allong\u00e9 qui s&rsquo;affine \u00e0 partir de la poitrine jusqu&rsquo;au nombril en une surface tr\u00e8s fine, les bras le long du corps, les mains ouvertes avec les paumes vers l&rsquo;avant en \u00e9ventail. La t\u00eate est travers\u00e9e d\u2019une cr\u00eate sagittale qui s&rsquo;estompe dans un front ouvrant un visage l\u00e9g\u00e8rement concave dessin\u00e9 en forme de c\u0153ur par les arcades sourcili\u00e8res autour d&rsquo;un nez droit et plat, des yeux clos et une bouche confondue avec le menton. Bracelets figur\u00e9s par des traits \u00e0 la pliure des bras. Magnifique patine brune nuanc\u00e9e tr\u00e8s us\u00e9e \u00e0 certains endroits qui t\u00e9moigne d\u2019une longue utilisation rituelle.<\/p>\n<p><strong>Origin<\/strong><br \/>\nEx collection Emmanuel Bordier.<br \/>\nGiquello et Associ\u00e9s &#8211; <em>Arts d&rsquo;Afrique &#8211; Collections Bordier et Lanci, <\/em>20 mai 2021 Paris<\/p>\n<p style=\"text-align: center;\"><a class=\"maxbutton-1 maxbutton maxbutton-regardez-la-video\" href=\"#v239\"><span class='mb-text'>GO TO THE VIDEO<\/span><\/a><\/p>","protected":false},"featured_media":15595,"template":"","meta":{"_exactmetrics_skip_tracking":false,"_exactmetrics_sitenote_active":false,"_exactmetrics_sitenote_note":"","_exactmetrics_sitenote_category":0,"neve_meta_sidebar":"","neve_meta_container":"","neve_meta_enable_content_width":"on","neve_meta_content_width":100,"neve_meta_title_alignment":"","neve_meta_author_avatar":"","neve_post_elements_order":"","neve_meta_disable_header":"","neve_meta_disable_footer":"","neve_meta_disable_title":"","_themeisle_gutenberg_block_has_review":false},"product_brand":[],"product_cat":[27],"product_tag":[],"class_list":{"0":"post-15569","1":"product","2":"type-product","3":"status-publish","4":"has-post-thumbnail","6":"product_cat-statues","7":"pa_dimensions-h-29-cm","8":"pa_epoque-debut-du-xxeme-siecle","9":"pa_ethnie-senoufo","10":"pa_materiaux-bois","11":"pa_pays-cote-divoire","13":"first","14":"instock","15":"sold-individually","16":"taxable","17":"shipping-taxable","18":"purchasable","19":"product-type-simple","20":"add-to-wishlist-before_image"},"_links":{"self":[{"href":"https:\/\/evebegalli.com\/en\/wp-json\/wp\/v2\/product\/15569","targetHints":{"allow":["GET"]}}],"collection":[{"href":"https:\/\/evebegalli.com\/en\/wp-json\/wp\/v2\/product"}],"about":[{"href":"https:\/\/evebegalli.com\/en\/wp-json\/wp\/v2\/types\/product"}],"version-history":[{"count":10,"href":"https:\/\/evebegalli.com\/en\/wp-json\/wp\/v2\/product\/15569\/revisions"}],"predecessor-version":[{"id":15602,"href":"https:\/\/evebegalli.com\/en\/wp-json\/wp\/v2\/product\/15569\/revisions\/15602"}],"wp:featuredmedia":[{"embeddable":true,"href":"https:\/\/evebegalli.com\/en\/wp-json\/wp\/v2\/media\/15595"}],"wp:attachment":[{"href":"https:\/\/evebegalli.com\/en\/wp-json\/wp\/v2\/media?parent=15569"}],"wp:term":[{"taxonomy":"product_brand","embeddable":true,"href":"https:\/\/evebegalli.com\/en\/wp-json\/wp\/v2\/product_brand?post=15569"},{"taxonomy":"product_cat","embeddable":true,"href":"https:\/\/evebegalli.com\/en\/wp-json\/wp\/v2\/product_cat?post=15569"},{"taxonomy":"product_tag","embeddable":true,"href":"https:\/\/evebegalli.com\/en\/wp-json\/wp\/v2\/product_tag?post=15569"}],"curies":[{"name":"wp","href":"https:\/\/api.w.org\/{rel}","templated":true}]}}