{"id":15532,"date":"2023-01-26T16:22:23","date_gmt":"2023-01-26T16:22:23","guid":{"rendered":"https:\/\/evebegalli.com\/?post_type=product&#038;p=15532"},"modified":"2024-01-15T21:33:39","modified_gmt":"2024-01-15T21:33:39","slug":"lobi-bateba-burkina-faso-4","status":"publish","type":"product","link":"https:\/\/evebegalli.com\/en\/product\/lobi-bateba-burkina-faso-4\/","title":{"rendered":"Lobi Bateba, Burkina Faso"},"content":{"rendered":"<p><a name=\"v238\"><\/a><br \/>\n<div class=\"epyt-video-wrapper\"><iframe  id=\"_ytid_40399\"  width=\"1200\" height=\"675\"  data-origwidth=\"1200\" data-origheight=\"675\" src=\"https:\/\/www.youtube.com\/embed\/7lf0DYh1h7s?enablejsapi=1&autoplay=0&cc_load_policy=0&cc_lang_pref=&iv_load_policy=1&loop=0&rel=0&fs=1&playsinline=0&autohide=2&theme=dark&color=red&controls=1&disablekb=0&\" class=\"__youtube_prefs__  no-lazyload\" title=\"YouTube player\"  allow=\"fullscreen; accelerometer; autoplay; clipboard-write; encrypted-media; gyroscope; picture-in-picture; web-share\" referrerpolicy=\"strict-origin-when-cross-origin\" allowfullscreen data-no-lazy=\"1\" data-skipgform_ajax_framebjll=\"\"><\/iframe><\/div><\/p>","protected":false},"excerpt":{"rendered":"<p>Statuette tr\u00e8s int\u00e9ressante par sa belle stylisation repr\u00e9sentant un personnage f\u00e9minin debout, la t\u00eate dolichoc\u00e9phale travers\u00e9e d\u2019une cr\u00eate sagittale. Semble par\u00e9e d\u2019un collier. Contraste entre le traitement curviligne des bras et celui de la g\u00e9om\u00e9trie angulaire des jambes. Bois dur recouvert d&rsquo;une ancienne et profonde patine crouteuse sacrificielle.<\/p>\n<p><strong>Origin<\/strong><br \/>\nEx Collection Maine Durieu<br \/>\nEx private collection from the south of France.<\/p>\n<p style=\"text-align: center;\"><a class=\"maxbutton-1 maxbutton maxbutton-regardez-la-video\" href=\"#v238\"><span class='mb-text'>GO TO THE VIDEO<\/span><\/a><\/p>","protected":false},"featured_media":15560,"template":"","meta":{"_exactmetrics_skip_tracking":false,"_exactmetrics_sitenote_active":false,"_exactmetrics_sitenote_note":"","_exactmetrics_sitenote_category":0,"neve_meta_sidebar":"","neve_meta_container":"","neve_meta_enable_content_width":"on","neve_meta_content_width":100,"neve_meta_title_alignment":"","neve_meta_author_avatar":"","neve_post_elements_order":"","neve_meta_disable_header":"","neve_meta_disable_footer":"","neve_meta_disable_title":"","_themeisle_gutenberg_block_has_review":false},"product_brand":[],"product_cat":[27],"product_tag":[],"class_list":{"0":"post-15532","1":"product","2":"type-product","3":"status-publish","4":"has-post-thumbnail","6":"product_cat-statues","7":"pa_dimensions-h-32-cm","8":"pa_epoque-debut-du-xxeme-siecle","9":"pa_ethnie-lobi","10":"pa_materiaux-bois-patine-sacrificielle","11":"pa_pays-burkina-faso","13":"first","14":"instock","15":"sold-individually","16":"taxable","17":"shipping-taxable","18":"purchasable","19":"product-type-simple","20":"add-to-wishlist-before_image"},"_links":{"self":[{"href":"https:\/\/evebegalli.com\/en\/wp-json\/wp\/v2\/product\/15532","targetHints":{"allow":["GET"]}}],"collection":[{"href":"https:\/\/evebegalli.com\/en\/wp-json\/wp\/v2\/product"}],"about":[{"href":"https:\/\/evebegalli.com\/en\/wp-json\/wp\/v2\/types\/product"}],"version-history":[{"count":9,"href":"https:\/\/evebegalli.com\/en\/wp-json\/wp\/v2\/product\/15532\/revisions"}],"predecessor-version":[{"id":16755,"href":"https:\/\/evebegalli.com\/en\/wp-json\/wp\/v2\/product\/15532\/revisions\/16755"}],"wp:featuredmedia":[{"embeddable":true,"href":"https:\/\/evebegalli.com\/en\/wp-json\/wp\/v2\/media\/15560"}],"wp:attachment":[{"href":"https:\/\/evebegalli.com\/en\/wp-json\/wp\/v2\/media?parent=15532"}],"wp:term":[{"taxonomy":"product_brand","embeddable":true,"href":"https:\/\/evebegalli.com\/en\/wp-json\/wp\/v2\/product_brand?post=15532"},{"taxonomy":"product_cat","embeddable":true,"href":"https:\/\/evebegalli.com\/en\/wp-json\/wp\/v2\/product_cat?post=15532"},{"taxonomy":"product_tag","embeddable":true,"href":"https:\/\/evebegalli.com\/en\/wp-json\/wp\/v2\/product_tag?post=15532"}],"curies":[{"name":"wp","href":"https:\/\/api.w.org\/{rel}","templated":true}]}}