{"id":15440,"date":"2023-01-25T16:21:20","date_gmt":"2023-01-25T16:21:20","guid":{"rendered":"https:\/\/evebegalli.com\/?post_type=product&#038;p=15440"},"modified":"2023-01-25T17:57:56","modified_gmt":"2023-01-25T17:57:56","slug":"lobi-bateba-burkina-faso-3","status":"publish","type":"product","link":"https:\/\/evebegalli.com\/en\/product\/lobi-bateba-burkina-faso-3\/","title":{"rendered":"Lobi Bateba, Burkina Faso"},"content":{"rendered":"<p><a name=\"v235\"><\/a><br \/>\n<div class=\"epyt-video-wrapper\"><iframe  id=\"_ytid_47012\"  width=\"1200\" height=\"675\"  data-origwidth=\"1200\" data-origheight=\"675\" src=\"https:\/\/www.youtube.com\/embed\/Ukk-ax7_C10?enablejsapi=1&autoplay=0&cc_load_policy=0&cc_lang_pref=&iv_load_policy=1&loop=0&rel=0&fs=1&playsinline=0&autohide=2&theme=dark&color=red&controls=1&disablekb=0&\" class=\"__youtube_prefs__  no-lazyload\" title=\"YouTube player\"  allow=\"fullscreen; accelerometer; autoplay; clipboard-write; encrypted-media; gyroscope; picture-in-picture; web-share\" referrerpolicy=\"strict-origin-when-cross-origin\" allowfullscreen data-no-lazy=\"1\" data-skipgform_ajax_framebjll=\"\"><\/iframe><\/div><\/p>","protected":false},"excerpt":{"rendered":"<p>Ancienne statue repr\u00e9sentant un personnage masculin debout les bras et les jambes l\u00e9g\u00e8rement repli\u00e9es, les yeux et les oreilles en grain de caf\u00e9 dans un visage allong\u00e9, la partie haute l\u00e9g\u00e8rement concave sous un front bomb\u00e9 formant un casque, le nez droit et la partie en dessous convexe marqu\u00e9e par une bouche en creux. Bois recouvert d\u2019une tr\u00e8s ancienne patine sacrificielle.<\/p>\n<p><strong>Origin<\/strong><br \/>\nVersailles Ench\u00e8res \u2013 <em>Arts Premiers \u2013 Premi\u00e8re partie<\/em> \u2013 9 novembre 2021, Versailles<br \/>\nEx private collection from the south of France.<\/p>\n<p style=\"text-align: center;\"><a class=\"maxbutton-1 maxbutton maxbutton-regardez-la-video\" href=\"#v235\"><span class='mb-text'>GO TO THE VIDEO<\/span><\/a><\/p>","protected":false},"featured_media":15464,"template":"","meta":{"_exactmetrics_skip_tracking":false,"_exactmetrics_sitenote_active":false,"_exactmetrics_sitenote_note":"","_exactmetrics_sitenote_category":0,"neve_meta_sidebar":"","neve_meta_container":"","neve_meta_enable_content_width":"on","neve_meta_content_width":100,"neve_meta_title_alignment":"","neve_meta_author_avatar":"","neve_post_elements_order":"","neve_meta_disable_header":"","neve_meta_disable_footer":"","neve_meta_disable_title":"","_themeisle_gutenberg_block_has_review":false},"product_brand":[],"product_cat":[27],"product_tag":[],"class_list":{"0":"post-15440","1":"product","2":"type-product","3":"status-publish","4":"has-post-thumbnail","6":"product_cat-statues","7":"pa_dimensions-h-36-cm","8":"pa_epoque-circa-1950","9":"pa_ethnie-lobi","10":"pa_materiaux-bois-patine-sacrificielle","11":"pa_pays-burkina-faso","13":"first","14":"instock","15":"sold-individually","16":"taxable","17":"shipping-taxable","18":"purchasable","19":"product-type-simple","20":"add-to-wishlist-before_image"},"_links":{"self":[{"href":"https:\/\/evebegalli.com\/en\/wp-json\/wp\/v2\/product\/15440","targetHints":{"allow":["GET"]}}],"collection":[{"href":"https:\/\/evebegalli.com\/en\/wp-json\/wp\/v2\/product"}],"about":[{"href":"https:\/\/evebegalli.com\/en\/wp-json\/wp\/v2\/types\/product"}],"version-history":[{"count":7,"href":"https:\/\/evebegalli.com\/en\/wp-json\/wp\/v2\/product\/15440\/revisions"}],"predecessor-version":[{"id":15471,"href":"https:\/\/evebegalli.com\/en\/wp-json\/wp\/v2\/product\/15440\/revisions\/15471"}],"wp:featuredmedia":[{"embeddable":true,"href":"https:\/\/evebegalli.com\/en\/wp-json\/wp\/v2\/media\/15464"}],"wp:attachment":[{"href":"https:\/\/evebegalli.com\/en\/wp-json\/wp\/v2\/media?parent=15440"}],"wp:term":[{"taxonomy":"product_brand","embeddable":true,"href":"https:\/\/evebegalli.com\/en\/wp-json\/wp\/v2\/product_brand?post=15440"},{"taxonomy":"product_cat","embeddable":true,"href":"https:\/\/evebegalli.com\/en\/wp-json\/wp\/v2\/product_cat?post=15440"},{"taxonomy":"product_tag","embeddable":true,"href":"https:\/\/evebegalli.com\/en\/wp-json\/wp\/v2\/product_tag?post=15440"}],"curies":[{"name":"wp","href":"https:\/\/api.w.org\/{rel}","templated":true}]}}