{"id":15392,"date":"2023-01-24T09:12:40","date_gmt":"2023-01-24T09:12:40","guid":{"rendered":"https:\/\/evebegalli.com\/?post_type=product&#038;p=15392"},"modified":"2025-04-18T21:37:42","modified_gmt":"2025-04-18T21:37:42","slug":"masque-guere-we-cote-divoire-4","status":"publish","type":"product","link":"https:\/\/evebegalli.com\/en\/product\/masque-guere-we-cote-divoire-4\/","title":{"rendered":"Masque Guere\/We, C\u00f4te d&rsquo;Ivoire"},"content":{"rendered":"<p><a name=\"v233\"><\/a><br \/>\n<div class=\"epyt-video-wrapper\"><iframe  id=\"_ytid_13885\"  width=\"1200\" height=\"675\"  data-origwidth=\"1200\" data-origheight=\"675\" src=\"https:\/\/www.youtube.com\/embed\/WxMmSE3dInM?enablejsapi=1&autoplay=0&cc_load_policy=0&cc_lang_pref=&iv_load_policy=1&loop=0&rel=0&fs=1&playsinline=0&autohide=2&theme=dark&color=red&controls=1&disablekb=0&\" class=\"__youtube_prefs__  no-lazyload\" title=\"YouTube player\"  allow=\"fullscreen; accelerometer; autoplay; clipboard-write; encrypted-media; gyroscope; picture-in-picture; web-share\" referrerpolicy=\"strict-origin-when-cross-origin\" allowfullscreen data-no-lazy=\"1\" data-skipgform_ajax_framebjll=\"\"><\/iframe><\/div><\/p>","protected":false},"excerpt":{"rendered":"<p>Masque de danse pr\u00e9sentant un visage aux traits exorbit\u00e9s, le front bomb\u00e9 se terminant par des cornes recourb\u00e9es et jointes pour former une visi\u00e8re. L\u2019expressivit\u00e9 puissante est accentu\u00e9e par la bouche ouverte montrant les dents, ses deux paires d&rsquo;yeux tubulaires projet\u00e9s et une barbe de cheveux tress\u00e9s bien fournie. Sur la bordure est encore pr\u00e9sent un tissus fix\u00e9 aux trous d&rsquo;attache du costume. Bois dur, magnifique patine polychrome, anciennes marques de portage internes.<br \/>\nCes masques servaient autrefois \u00e0 pr\u00e9parer les hommes \u00e0 la guerre. Mais plus tard, ils sont apparus lors de festivit\u00e9s c\u00e9r\u00e9monielles comme les comm\u00e9morations en l&rsquo;honneur d&rsquo;une personnalit\u00e9 importante, lors d&rsquo;audiences judiciaires ou simplement pour divertir le village.<\/p>\n<p><strong>Origin<\/strong><br \/>\nEx private collection from the south of France.<\/p>\n<p style=\"text-align: center;\"><a class=\"maxbutton-1 maxbutton maxbutton-regardez-la-video\" href=\"#v233\"><span class='mb-text'>GO TO THE VIDEO<\/span><\/a><\/p>","protected":false},"featured_media":15404,"template":"","meta":{"_exactmetrics_skip_tracking":false,"_exactmetrics_sitenote_active":false,"_exactmetrics_sitenote_note":"","_exactmetrics_sitenote_category":0,"neve_meta_sidebar":"","neve_meta_container":"","neve_meta_enable_content_width":"on","neve_meta_content_width":100,"neve_meta_title_alignment":"","neve_meta_author_avatar":"","neve_post_elements_order":"","neve_meta_disable_header":"","neve_meta_disable_footer":"","neve_meta_disable_title":"","_themeisle_gutenberg_block_has_review":false},"product_brand":[],"product_cat":[26],"product_tag":[],"class_list":{"0":"post-15392","1":"product","2":"type-product","3":"status-publish","4":"has-post-thumbnail","6":"product_cat-masques","7":"pa_dimensions-h-28cm","8":"pa_epoque-premiere-moitie-xx-siecle","9":"pa_ethnie-guere","10":"pa_ethnie-we","11":"pa_materiaux-bois","12":"pa_materiaux-cheveux","13":"pa_materiaux-metal","14":"pa_materiaux-peinture","15":"pa_materiaux-pigments","16":"pa_materiaux-tissus","17":"pa_pays-cote-divoire","19":"first","20":"outofstock","21":"sold-individually","22":"taxable","23":"shipping-taxable","24":"product-type-simple","25":"add-to-wishlist-before_image"},"_links":{"self":[{"href":"https:\/\/evebegalli.com\/en\/wp-json\/wp\/v2\/product\/15392","targetHints":{"allow":["GET"]}}],"collection":[{"href":"https:\/\/evebegalli.com\/en\/wp-json\/wp\/v2\/product"}],"about":[{"href":"https:\/\/evebegalli.com\/en\/wp-json\/wp\/v2\/types\/product"}],"version-history":[{"count":4,"href":"https:\/\/evebegalli.com\/en\/wp-json\/wp\/v2\/product\/15392\/revisions"}],"predecessor-version":[{"id":15408,"href":"https:\/\/evebegalli.com\/en\/wp-json\/wp\/v2\/product\/15392\/revisions\/15408"}],"wp:featuredmedia":[{"embeddable":true,"href":"https:\/\/evebegalli.com\/en\/wp-json\/wp\/v2\/media\/15404"}],"wp:attachment":[{"href":"https:\/\/evebegalli.com\/en\/wp-json\/wp\/v2\/media?parent=15392"}],"wp:term":[{"taxonomy":"product_brand","embeddable":true,"href":"https:\/\/evebegalli.com\/en\/wp-json\/wp\/v2\/product_brand?post=15392"},{"taxonomy":"product_cat","embeddable":true,"href":"https:\/\/evebegalli.com\/en\/wp-json\/wp\/v2\/product_cat?post=15392"},{"taxonomy":"product_tag","embeddable":true,"href":"https:\/\/evebegalli.com\/en\/wp-json\/wp\/v2\/product_tag?post=15392"}],"curies":[{"name":"wp","href":"https:\/\/api.w.org\/{rel}","templated":true}]}}