{"id":15284,"date":"2023-01-18T14:49:21","date_gmt":"2023-01-18T14:49:21","guid":{"rendered":"https:\/\/evebegalli.com\/?post_type=product&#038;p=15284"},"modified":"2023-01-18T15:50:04","modified_gmt":"2023-01-18T15:50:04","slug":"statuette-dogon-mali-2","status":"publish","type":"product","link":"https:\/\/evebegalli.com\/en\/product\/statuette-dogon-mali-2\/","title":{"rendered":"Statuette Dogon, Mali"},"content":{"rendered":"<p><a name=\"v229\"><\/a><br \/>\n<div class=\"epyt-video-wrapper\"><iframe  id=\"_ytid_82339\"  width=\"1200\" height=\"675\"  data-origwidth=\"1200\" data-origheight=\"675\" src=\"https:\/\/www.youtube.com\/embed\/qyoOv4gnaLU?enablejsapi=1&autoplay=0&cc_load_policy=0&cc_lang_pref=&iv_load_policy=1&loop=0&rel=0&fs=1&playsinline=0&autohide=2&theme=dark&color=red&controls=1&disablekb=0&\" class=\"__youtube_prefs__  no-lazyload\" title=\"YouTube player\"  allow=\"fullscreen; accelerometer; autoplay; clipboard-write; encrypted-media; gyroscope; picture-in-picture; web-share\" referrerpolicy=\"strict-origin-when-cross-origin\" allowfullscreen data-no-lazy=\"1\" data-skipgform_ajax_framebjll=\"\"><\/iframe><\/div><\/p>","protected":false},"excerpt":{"rendered":"<p class=\"descriptionLineWrap\">Tr\u00e8s ancienne statuette repr\u00e9sentant un personnage debout, les jambes fl\u00e9chies, les bras repli\u00e9s aux coudes, les mains en avant retombant vers le bas. La t\u00eate en pain de sucre est marqu\u00e9e par deux \u00e9l\u00e9ments verticaux, un sous le menton, probablement une barbe ou un labret, et un \u00e0 l\u2019arri\u00e8re descendant depuis la base de la coiffe, accentuant l\u2019allongement du visage o\u00f9 les traits d&rsquo;origine apparaissent \u00e0 peine. L\u2019ensemble est recouvert d\u2019une patine cro\u00fbteuse, brun noire nuanc\u00e9e, p\u00e9trifi\u00e9e par le temps.<\/p>\n<p><strong>Origin\u00a0 \u00a0 \u00a0 \u00a0 \u00a0 \u00a0 \u00a0 \u00a0 \u00a0 \u00a0 \u00a0 \u00a0<\/strong><br \/>\nEx private collection from the south of France.<\/p>\n<p style=\"text-align: center;\"><a class=\"maxbutton-1 maxbutton maxbutton-regardez-la-video\" href=\"#v229\"><span class='mb-text'>GO TO THE VIDEO<\/span><\/a><\/p>","protected":false},"featured_media":15305,"template":"","meta":{"_exactmetrics_skip_tracking":false,"_exactmetrics_sitenote_active":false,"_exactmetrics_sitenote_note":"","_exactmetrics_sitenote_category":0,"neve_meta_sidebar":"","neve_meta_container":"","neve_meta_enable_content_width":"on","neve_meta_content_width":100,"neve_meta_title_alignment":"","neve_meta_author_avatar":"","neve_post_elements_order":"","neve_meta_disable_header":"","neve_meta_disable_footer":"","neve_meta_disable_title":"","_themeisle_gutenberg_block_has_review":false},"product_brand":[],"product_cat":[27],"product_tag":[],"class_list":{"0":"post-15284","1":"product","2":"type-product","3":"status-publish","4":"has-post-thumbnail","6":"product_cat-statues","7":"pa_dimensions-h-18-cm","8":"pa_epoque-xixeme-siecle","9":"pa_ethnie-dogon","10":"pa_materiaux-bois-patine-sacrificielle","11":"pa_pays-mali","13":"first","14":"instock","15":"sold-individually","16":"taxable","17":"shipping-taxable","18":"purchasable","19":"product-type-simple","20":"add-to-wishlist-before_image"},"_links":{"self":[{"href":"https:\/\/evebegalli.com\/en\/wp-json\/wp\/v2\/product\/15284","targetHints":{"allow":["GET"]}}],"collection":[{"href":"https:\/\/evebegalli.com\/en\/wp-json\/wp\/v2\/product"}],"about":[{"href":"https:\/\/evebegalli.com\/en\/wp-json\/wp\/v2\/types\/product"}],"version-history":[{"count":3,"href":"https:\/\/evebegalli.com\/en\/wp-json\/wp\/v2\/product\/15284\/revisions"}],"predecessor-version":[{"id":15308,"href":"https:\/\/evebegalli.com\/en\/wp-json\/wp\/v2\/product\/15284\/revisions\/15308"}],"wp:featuredmedia":[{"embeddable":true,"href":"https:\/\/evebegalli.com\/en\/wp-json\/wp\/v2\/media\/15305"}],"wp:attachment":[{"href":"https:\/\/evebegalli.com\/en\/wp-json\/wp\/v2\/media?parent=15284"}],"wp:term":[{"taxonomy":"product_brand","embeddable":true,"href":"https:\/\/evebegalli.com\/en\/wp-json\/wp\/v2\/product_brand?post=15284"},{"taxonomy":"product_cat","embeddable":true,"href":"https:\/\/evebegalli.com\/en\/wp-json\/wp\/v2\/product_cat?post=15284"},{"taxonomy":"product_tag","embeddable":true,"href":"https:\/\/evebegalli.com\/en\/wp-json\/wp\/v2\/product_tag?post=15284"}],"curies":[{"name":"wp","href":"https:\/\/api.w.org\/{rel}","templated":true}]}}