{"id":15251,"date":"2023-01-17T21:54:26","date_gmt":"2023-01-17T21:54:26","guid":{"rendered":"https:\/\/evebegalli.com\/?post_type=product&#038;p=15251"},"modified":"2023-01-17T22:46:03","modified_gmt":"2023-01-17T22:46:03","slug":"statuette-baoule-cote-divoire-2","status":"publish","type":"product","link":"https:\/\/evebegalli.com\/en\/product\/statuette-baoule-cote-divoire-2\/","title":{"rendered":"Statuette Baoul\u00e9, C\u00f4te d&rsquo;Ivoire"},"content":{"rendered":"<p><a name=\"v228\"><\/a><br \/>\n<div class=\"epyt-video-wrapper\"><iframe  id=\"_ytid_37983\"  width=\"1200\" height=\"675\"  data-origwidth=\"1200\" data-origheight=\"675\" src=\"https:\/\/www.youtube.com\/embed\/Q1rWxVhsaGI?enablejsapi=1&autoplay=0&cc_load_policy=0&cc_lang_pref=&iv_load_policy=1&loop=0&rel=0&fs=1&playsinline=0&autohide=2&theme=dark&color=red&controls=1&disablekb=0&\" class=\"__youtube_prefs__  no-lazyload\" title=\"YouTube player\"  allow=\"fullscreen; accelerometer; autoplay; clipboard-write; encrypted-media; gyroscope; picture-in-picture; web-share\" referrerpolicy=\"strict-origin-when-cross-origin\" allowfullscreen data-no-lazy=\"1\" data-skipgform_ajax_framebjll=\"\"><\/iframe><\/div><\/p>","protected":false},"excerpt":{"rendered":"<p>Fine et d\u00e9licate statuette repr\u00e9sentant un personnage f\u00e9minin debout sur un socle circulaire. Le visage taill\u00e9 tout en rondeur est doux et serein, et \u00e9l\u00e9gamment sculpt\u00e9 sur un cou annel\u00e9, le tout surmont\u00e9 d\u2019une belle coiffe faite d\u2019une succession de tresses. Les bras tr\u00e8s fins sont repli\u00e9s sur le ventre, les petites mains\u00a0 en \u00e9ventail autour de l\u2019ombilic pour souligner l\u2019importance de la transmission de la vie.<br \/>\nLa tr\u00e8s belle patine miel laqu\u00e9e d\u2019un noir profond et de rouge encore lisible par endroits, montre les soins r\u00e9p\u00e9t\u00e9s qui lui ont \u00e9t\u00e9 prodigu\u00e9s par son ancien propri\u00e9taire, permettant de l\u2019interpr\u00e9ter comme un <em>blolo bla<\/em> qui signifie \u00ab \u00e9pouse spirituelle \u00bb.<br \/>\nLes Baoul\u00e9 croient qu\u2019avant la naissance, les \u00eatres humains ont tous des conjoints <em>blolo bian<\/em>\u00a0et\u00a0<em>blolo bla ou\u00a0<\/em>\u00ab \u00e9pouse spirituelle \u00bb dans l\u2019autre monde, appel\u00e9\u00a0<em>Blolo,\u00a0<\/em>et que ces esprits ont une influence sur leur vie humaine. Lorsqu\u2019une personne baoul\u00e9 subit une forme de d\u00e9tresse, qu\u2019elle soit physique ou spirituelle, elle peut consulter un devin. La divination r\u00e9v\u00e8le g\u00e9n\u00e9ralement que son conjoint spirituel est en col\u00e8re et est la cause d\u2019une telle d\u00e9tresse. La solution est de faire sculpter une figure en bois et de lui consacrer un sanctuaire priv\u00e9, appel\u00e9 <em>tata<\/em>, pour que l\u2019esprit vengeur puisse \u00eatre apais\u00e9.<\/p>\n<p><strong>Origin\u00a0 \u00a0 \u00a0 \u00a0 \u00a0 \u00a0 \u00a0 \u00a0 \u00a0 \u00a0 \u00a0 \u00a0<\/strong><br \/>\nEx private collection from the south of France.<\/p>\n<p style=\"text-align: center;\"><a class=\"maxbutton-1 maxbutton maxbutton-regardez-la-video\" href=\"#v228\"><span class='mb-text'>GO TO THE VIDEO<\/span><\/a><\/p>","protected":false},"featured_media":15275,"template":"","meta":{"_exactmetrics_skip_tracking":false,"_exactmetrics_sitenote_active":false,"_exactmetrics_sitenote_note":"","_exactmetrics_sitenote_category":0,"neve_meta_sidebar":"","neve_meta_container":"","neve_meta_enable_content_width":"on","neve_meta_content_width":100,"neve_meta_title_alignment":"","neve_meta_author_avatar":"","neve_post_elements_order":"","neve_meta_disable_header":"","neve_meta_disable_footer":"","neve_meta_disable_title":"","_themeisle_gutenberg_block_has_review":false},"product_brand":[],"product_cat":[27],"product_tag":[],"class_list":{"0":"post-15251","1":"product","2":"type-product","3":"status-publish","4":"has-post-thumbnail","6":"product_cat-statues","7":"pa_dimensions-h-24-cm","8":"pa_epoque-premiere-moitie-du-xxeme-siecle","9":"pa_ethnie-baoule","10":"pa_materiaux-bois","11":"pa_pays-cote-divoire","13":"first","14":"instock","15":"sold-individually","16":"taxable","17":"shipping-taxable","18":"purchasable","19":"product-type-simple","20":"add-to-wishlist-before_image"},"_links":{"self":[{"href":"https:\/\/evebegalli.com\/en\/wp-json\/wp\/v2\/product\/15251","targetHints":{"allow":["GET"]}}],"collection":[{"href":"https:\/\/evebegalli.com\/en\/wp-json\/wp\/v2\/product"}],"about":[{"href":"https:\/\/evebegalli.com\/en\/wp-json\/wp\/v2\/types\/product"}],"version-history":[{"count":8,"href":"https:\/\/evebegalli.com\/en\/wp-json\/wp\/v2\/product\/15251\/revisions"}],"predecessor-version":[{"id":15283,"href":"https:\/\/evebegalli.com\/en\/wp-json\/wp\/v2\/product\/15251\/revisions\/15283"}],"wp:featuredmedia":[{"embeddable":true,"href":"https:\/\/evebegalli.com\/en\/wp-json\/wp\/v2\/media\/15275"}],"wp:attachment":[{"href":"https:\/\/evebegalli.com\/en\/wp-json\/wp\/v2\/media?parent=15251"}],"wp:term":[{"taxonomy":"product_brand","embeddable":true,"href":"https:\/\/evebegalli.com\/en\/wp-json\/wp\/v2\/product_brand?post=15251"},{"taxonomy":"product_cat","embeddable":true,"href":"https:\/\/evebegalli.com\/en\/wp-json\/wp\/v2\/product_cat?post=15251"},{"taxonomy":"product_tag","embeddable":true,"href":"https:\/\/evebegalli.com\/en\/wp-json\/wp\/v2\/product_tag?post=15251"}],"curies":[{"name":"wp","href":"https:\/\/api.w.org\/{rel}","templated":true}]}}