{"id":15226,"date":"2023-01-15T14:06:06","date_gmt":"2023-01-15T14:06:06","guid":{"rendered":"https:\/\/evebegalli.com\/?post_type=product&#038;p=15226"},"modified":"2023-01-15T18:04:19","modified_gmt":"2023-01-15T18:04:19","slug":"lobi-maternite-burkina-faso-2","status":"publish","type":"product","link":"https:\/\/evebegalli.com\/en\/product\/lobi-maternite-burkina-faso-2\/","title":{"rendered":"Lobi Maternit\u00e9, Burkina Faso"},"content":{"rendered":"<p><a name=\"v227\"><\/a><br \/>\n<div class=\"epyt-video-wrapper\"><iframe  id=\"_ytid_92013\"  width=\"1200\" height=\"675\"  data-origwidth=\"1200\" data-origheight=\"675\" src=\"https:\/\/www.youtube.com\/embed\/q5XJcO2zQxs?enablejsapi=1&autoplay=0&cc_load_policy=0&cc_lang_pref=&iv_load_policy=1&loop=0&rel=0&fs=1&playsinline=0&autohide=2&theme=dark&color=red&controls=1&disablekb=0&\" class=\"__youtube_prefs__  no-lazyload\" title=\"YouTube player\"  allow=\"fullscreen; accelerometer; autoplay; clipboard-write; encrypted-media; gyroscope; picture-in-picture; web-share\" referrerpolicy=\"strict-origin-when-cross-origin\" allowfullscreen data-no-lazy=\"1\" data-skipgform_ajax_framebjll=\"\"><\/iframe><\/div><\/p>","protected":false},"excerpt":{"rendered":"<p>Tr\u00e8s belle figure f\u00e9minine tenant sur son flanc gauche un enfant. Le sculpteur a su donner, en jouant avec la sym\u00e9trie des deux corps, celui de la m\u00e8re l\u00e9g\u00e8rement pench\u00e9 vers la droite, celui de l&rsquo;enfant vers la gauche, un bel \u00e9quilibre \u00e0 l\u2019ensemble. La sculpture se distingue par son traitement \u00abcubiste\u00bb. Les visages sont empreints d\u2019une expression sereine.\u00a0 Cette statuette appartenait \u00e0 un gu\u00e9risseur et \u00e9tait manipul\u00e9e lors des rituels afin de favoriser la f\u00e9condit\u00e9 des femmes. L\u2019ensemble est recouvert d\u2019une ancienne patine d&rsquo;usage s\u00e8che avec traces de kaolin.<\/p>\n<p><strong>Origin\u00a0 \u00a0 \u00a0 \u00a0 \u00a0 \u00a0 \u00a0 \u00a0 \u00a0 \u00a0 \u00a0 \u00a0<\/strong><br \/>\nEx private collection from the south of France.<\/p>\n<p style=\"text-align: center;\"><a class=\"maxbutton-1 maxbutton maxbutton-regardez-la-video\" href=\"#v227\"><span class='mb-text'>GO TO THE VIDEO<\/span><\/a><\/p>","protected":false},"featured_media":15243,"template":"","meta":{"_exactmetrics_skip_tracking":false,"_exactmetrics_sitenote_active":false,"_exactmetrics_sitenote_note":"","_exactmetrics_sitenote_category":0,"neve_meta_sidebar":"","neve_meta_container":"","neve_meta_enable_content_width":"on","neve_meta_content_width":100,"neve_meta_title_alignment":"","neve_meta_author_avatar":"","neve_post_elements_order":"","neve_meta_disable_header":"","neve_meta_disable_footer":"","neve_meta_disable_title":"","_themeisle_gutenberg_block_has_review":false},"product_brand":[],"product_cat":[27],"product_tag":[],"class_list":{"0":"post-15226","1":"product","2":"type-product","3":"status-publish","4":"has-post-thumbnail","6":"product_cat-statues","7":"pa_dimensions-h-295-cm","8":"pa_epoque-premiere-moitie-du-xxeme-siecle","9":"pa_ethnie-lobi","10":"pa_materiaux-bois","11":"pa_pays-burkina-faso","13":"first","14":"instock","15":"sold-individually","16":"taxable","17":"shipping-taxable","18":"purchasable","19":"product-type-simple","20":"add-to-wishlist-before_image"},"_links":{"self":[{"href":"https:\/\/evebegalli.com\/en\/wp-json\/wp\/v2\/product\/15226","targetHints":{"allow":["GET"]}}],"collection":[{"href":"https:\/\/evebegalli.com\/en\/wp-json\/wp\/v2\/product"}],"about":[{"href":"https:\/\/evebegalli.com\/en\/wp-json\/wp\/v2\/types\/product"}],"version-history":[{"count":6,"href":"https:\/\/evebegalli.com\/en\/wp-json\/wp\/v2\/product\/15226\/revisions"}],"predecessor-version":[{"id":15249,"href":"https:\/\/evebegalli.com\/en\/wp-json\/wp\/v2\/product\/15226\/revisions\/15249"}],"wp:featuredmedia":[{"embeddable":true,"href":"https:\/\/evebegalli.com\/en\/wp-json\/wp\/v2\/media\/15243"}],"wp:attachment":[{"href":"https:\/\/evebegalli.com\/en\/wp-json\/wp\/v2\/media?parent=15226"}],"wp:term":[{"taxonomy":"product_brand","embeddable":true,"href":"https:\/\/evebegalli.com\/en\/wp-json\/wp\/v2\/product_brand?post=15226"},{"taxonomy":"product_cat","embeddable":true,"href":"https:\/\/evebegalli.com\/en\/wp-json\/wp\/v2\/product_cat?post=15226"},{"taxonomy":"product_tag","embeddable":true,"href":"https:\/\/evebegalli.com\/en\/wp-json\/wp\/v2\/product_tag?post=15226"}],"curies":[{"name":"wp","href":"https:\/\/api.w.org\/{rel}","templated":true}]}}