{"id":15127,"date":"2023-01-10T16:08:29","date_gmt":"2023-01-10T16:08:29","guid":{"rendered":"https:\/\/evebegalli.com\/?post_type=product&#038;p=15127"},"modified":"2023-02-23T11:52:13","modified_gmt":"2023-02-23T11:52:13","slug":"fetiche-adja-benin","status":"publish","type":"product","link":"https:\/\/evebegalli.com\/en\/product\/fetiche-adja-benin\/","title":{"rendered":"Adja\/Ouatchi Bocio, B\u00e9nin\/Togo"},"content":{"rendered":"<p><a name=\"v224\"><\/a><br \/>\n<div class=\"epyt-video-wrapper\"><iframe  id=\"_ytid_31624\"  width=\"1200\" height=\"675\"  data-origwidth=\"1200\" data-origheight=\"675\" src=\"https:\/\/www.youtube.com\/embed\/DFHs2nDAwKE?enablejsapi=1&autoplay=0&cc_load_policy=0&cc_lang_pref=&iv_load_policy=1&loop=0&rel=0&fs=1&playsinline=0&autohide=2&theme=dark&color=red&controls=1&disablekb=0&\" class=\"__youtube_prefs__  no-lazyload\" title=\"YouTube player\"  allow=\"fullscreen; accelerometer; autoplay; clipboard-write; encrypted-media; gyroscope; picture-in-picture; web-share\" referrerpolicy=\"strict-origin-when-cross-origin\" allowfullscreen data-no-lazy=\"1\" data-skipgform_ajax_framebjll=\"\"><\/iframe><\/div><\/p>","protected":false},"excerpt":{"rendered":"<p>Grande sculpture d&rsquo;une tr\u00e8s forte pr\u00e9sence repr\u00e9sentant un personnage \u00e9nigmatique au regard per\u00e7ant et au long buste sans bras ni jambes, entour\u00e9 de tissus rouge, blanc et bleu, les couleurs du vaudou, et de nombreuses charges magiques, tel que amulettes en bois, une lame en fer, cordes et un grand paquet de cauris, symbolisant l&rsquo;activation de ses pouvoirs. Bois dur recouvert d&rsquo;une tr\u00e8s ancienne patine sacrificielle.<\/p>\n<p><strong>Origin<\/strong><br \/>\nEx collection Emmanuel Bordier.<\/p>\n<p><em><strong>Vendu avec son certificat de provenance.<\/strong><\/em><\/p>\n<p style=\"text-align: center;\"><a class=\"maxbutton-1 maxbutton maxbutton-regardez-la-video\" href=\"#v224\"><span class='mb-text'>GO TO THE VIDEO<\/span><\/a><\/p>","protected":false},"featured_media":15161,"template":"","meta":{"_exactmetrics_skip_tracking":false,"_exactmetrics_sitenote_active":false,"_exactmetrics_sitenote_note":"","_exactmetrics_sitenote_category":0,"neve_meta_sidebar":"","neve_meta_container":"","neve_meta_enable_content_width":"on","neve_meta_content_width":100,"neve_meta_title_alignment":"","neve_meta_author_avatar":"","neve_post_elements_order":"","neve_meta_disable_header":"","neve_meta_disable_footer":"","neve_meta_disable_title":"","_themeisle_gutenberg_block_has_review":false},"product_brand":[],"product_cat":[27],"product_tag":[],"class_list":{"0":"post-15127","1":"product","2":"type-product","3":"status-publish","4":"has-post-thumbnail","6":"product_cat-statues","7":"pa_dimensions-h-90-cm","8":"pa_epoque-debut-du-xxeme-siecle","9":"pa_ethnie-adja","10":"pa_ethnie-ouatchi","11":"pa_materiaux-bois-cordes-patine-sacrificielle-plumes-pigments","12":"pa_materiaux-cauris","13":"pa_materiaux-cordelettes","14":"pa_materiaux-fer","15":"pa_materiaux-fibres-vegetales","16":"pa_materiaux-tissus","17":"pa_pays-benin","18":"pa_pays-togo","20":"first","21":"instock","22":"sold-individually","23":"taxable","24":"shipping-taxable","25":"purchasable","26":"product-type-simple","27":"add-to-wishlist-before_image"},"_links":{"self":[{"href":"https:\/\/evebegalli.com\/en\/wp-json\/wp\/v2\/product\/15127","targetHints":{"allow":["GET"]}}],"collection":[{"href":"https:\/\/evebegalli.com\/en\/wp-json\/wp\/v2\/product"}],"about":[{"href":"https:\/\/evebegalli.com\/en\/wp-json\/wp\/v2\/types\/product"}],"version-history":[{"count":8,"href":"https:\/\/evebegalli.com\/en\/wp-json\/wp\/v2\/product\/15127\/revisions"}],"predecessor-version":[{"id":15897,"href":"https:\/\/evebegalli.com\/en\/wp-json\/wp\/v2\/product\/15127\/revisions\/15897"}],"wp:featuredmedia":[{"embeddable":true,"href":"https:\/\/evebegalli.com\/en\/wp-json\/wp\/v2\/media\/15161"}],"wp:attachment":[{"href":"https:\/\/evebegalli.com\/en\/wp-json\/wp\/v2\/media?parent=15127"}],"wp:term":[{"taxonomy":"product_brand","embeddable":true,"href":"https:\/\/evebegalli.com\/en\/wp-json\/wp\/v2\/product_brand?post=15127"},{"taxonomy":"product_cat","embeddable":true,"href":"https:\/\/evebegalli.com\/en\/wp-json\/wp\/v2\/product_cat?post=15127"},{"taxonomy":"product_tag","embeddable":true,"href":"https:\/\/evebegalli.com\/en\/wp-json\/wp\/v2\/product_tag?post=15127"}],"curies":[{"name":"wp","href":"https:\/\/api.w.org\/{rel}","templated":true}]}}