{"id":14994,"date":"2023-01-04T17:23:24","date_gmt":"2023-01-04T17:23:24","guid":{"rendered":"https:\/\/evebegalli.com\/?post_type=product&#038;p=14994"},"modified":"2023-01-04T21:05:38","modified_gmt":"2023-01-04T21:05:38","slug":"statue-dautel-ewe-togo-ghana","status":"publish","type":"product","link":"https:\/\/evebegalli.com\/en\/product\/statue-dautel-ewe-togo-ghana\/","title":{"rendered":"Statue d&rsquo;autel Ewe, Togo\/Ghana"},"content":{"rendered":"<p><a name=\"v219\"><\/a><br \/>\n<div class=\"epyt-video-wrapper\"><iframe  id=\"_ytid_79202\"  width=\"1200\" height=\"675\"  data-origwidth=\"1200\" data-origheight=\"675\" src=\"https:\/\/www.youtube.com\/embed\/FxV1HJ6Aasw?enablejsapi=1&autoplay=0&cc_load_policy=0&cc_lang_pref=&iv_load_policy=1&loop=0&rel=0&fs=1&playsinline=0&autohide=2&theme=dark&color=red&controls=1&disablekb=0&\" class=\"__youtube_prefs__  no-lazyload\" title=\"YouTube player\"  allow=\"fullscreen; accelerometer; autoplay; clipboard-write; encrypted-media; gyroscope; picture-in-picture; web-share\" referrerpolicy=\"strict-origin-when-cross-origin\" allowfullscreen data-no-lazy=\"1\" data-skipgform_ajax_framebjll=\"\"><\/iframe><\/div><\/p>","protected":false},"excerpt":{"rendered":"<p>Ancienne statuette repr\u00e9sentant un personnage du culte vaudou habill\u00e9 d&rsquo;un pagne et de colliers de perles, le cou annel\u00e9, en position assise, un seul bras articul\u00e9 tendu vers l&rsquo;avant. C&rsquo;est un objet d&rsquo;autel qui re\u00e7oit des offrandes, comme du kaolin, du parfum et de l&rsquo;alcool. Tr\u00e8s belle ancienne patine d&rsquo;usage.<\/p>\n<p><strong>Origin<\/strong><br \/>\nEx private collection from the south of France.<\/p>\n<p style=\"text-align: center;\"><a class=\"maxbutton-1 maxbutton maxbutton-regardez-la-video\" href=\"#v219\"><span class='mb-text'>GO TO THE VIDEO<\/span><\/a><\/p>","protected":false},"featured_media":15016,"template":"","meta":{"_exactmetrics_skip_tracking":false,"_exactmetrics_sitenote_active":false,"_exactmetrics_sitenote_note":"","_exactmetrics_sitenote_category":0,"neve_meta_sidebar":"","neve_meta_container":"","neve_meta_enable_content_width":"on","neve_meta_content_width":100,"neve_meta_title_alignment":"","neve_meta_author_avatar":"","neve_post_elements_order":"","neve_meta_disable_header":"","neve_meta_disable_footer":"","neve_meta_disable_title":"","_themeisle_gutenberg_block_has_review":false},"product_brand":[],"product_cat":[27],"product_tag":[],"class_list":{"0":"post-14994","1":"product","2":"type-product","3":"status-publish","4":"has-post-thumbnail","6":"product_cat-statues","7":"pa_dimensions-h-35cm","8":"pa_epoque-debut-du-xxeme-siecle","9":"pa_ethnie-ewe","10":"pa_materiaux-bois-perles-tissus","11":"pa_pays-ghana","12":"pa_pays-togo","14":"first","15":"instock","16":"sold-individually","17":"taxable","18":"shipping-taxable","19":"purchasable","20":"product-type-simple","21":"add-to-wishlist-before_image"},"_links":{"self":[{"href":"https:\/\/evebegalli.com\/en\/wp-json\/wp\/v2\/product\/14994","targetHints":{"allow":["GET"]}}],"collection":[{"href":"https:\/\/evebegalli.com\/en\/wp-json\/wp\/v2\/product"}],"about":[{"href":"https:\/\/evebegalli.com\/en\/wp-json\/wp\/v2\/types\/product"}],"version-history":[{"count":6,"href":"https:\/\/evebegalli.com\/en\/wp-json\/wp\/v2\/product\/14994\/revisions"}],"predecessor-version":[{"id":15022,"href":"https:\/\/evebegalli.com\/en\/wp-json\/wp\/v2\/product\/14994\/revisions\/15022"}],"wp:featuredmedia":[{"embeddable":true,"href":"https:\/\/evebegalli.com\/en\/wp-json\/wp\/v2\/media\/15016"}],"wp:attachment":[{"href":"https:\/\/evebegalli.com\/en\/wp-json\/wp\/v2\/media?parent=14994"}],"wp:term":[{"taxonomy":"product_brand","embeddable":true,"href":"https:\/\/evebegalli.com\/en\/wp-json\/wp\/v2\/product_brand?post=14994"},{"taxonomy":"product_cat","embeddable":true,"href":"https:\/\/evebegalli.com\/en\/wp-json\/wp\/v2\/product_cat?post=14994"},{"taxonomy":"product_tag","embeddable":true,"href":"https:\/\/evebegalli.com\/en\/wp-json\/wp\/v2\/product_tag?post=14994"}],"curies":[{"name":"wp","href":"https:\/\/api.w.org\/{rel}","templated":true}]}}