{"id":14960,"date":"2022-12-30T10:01:50","date_gmt":"2022-12-30T10:01:50","guid":{"rendered":"https:\/\/evebegalli.com\/?post_type=product&#038;p=14960"},"modified":"2022-12-30T11:10:07","modified_gmt":"2022-12-30T11:10:07","slug":"statue-bateba-lobi-burkina-faso","status":"publish","type":"product","link":"https:\/\/evebegalli.com\/en\/product\/statue-bateba-lobi-burkina-faso\/","title":{"rendered":"Statue Bateba Lobi, Burkina Faso"},"content":{"rendered":"<p><a name=\"v218\"><\/a><br \/>\n<div class=\"epyt-video-wrapper\"><iframe  id=\"_ytid_59831\"  width=\"1200\" height=\"675\"  data-origwidth=\"1200\" data-origheight=\"675\" src=\"https:\/\/www.youtube.com\/embed\/eED4gnXXDG0?enablejsapi=1&autoplay=0&cc_load_policy=0&cc_lang_pref=&iv_load_policy=1&loop=0&rel=0&fs=1&playsinline=0&autohide=2&theme=dark&color=red&controls=1&disablekb=0&\" class=\"__youtube_prefs__  no-lazyload\" title=\"YouTube player\"  allow=\"fullscreen; accelerometer; autoplay; clipboard-write; encrypted-media; gyroscope; picture-in-picture; web-share\" referrerpolicy=\"strict-origin-when-cross-origin\" allowfullscreen data-no-lazy=\"1\" data-skipgform_ajax_framebjll=\"\"><\/iframe><\/div><\/p>","protected":false},"excerpt":{"rendered":"<p>Ancienne et grande statue repr\u00e9sentant un personnage masculin au visage puissant d\u00e9gageant une grande s\u00e9r\u00e9nit\u00e9, les yeux en amande, le nez camus et la bouche marqu\u00e9e par deux rectangles en relief. La position un peu d\u00e9hanch\u00e9e du corps avec les bras le long du torse et le l\u00e9ger d\u00e9calage des jambes donne un certain mouvement \u00e0 l&rsquo;ensemble. Bois recouvert d&rsquo;une tr\u00e8s ancienne patine cro\u00fbteuse sacrificielle.<\/p>\n<p><strong>Origin<\/strong><br \/>\nEx private collection from the south of France.<\/p>\n<p style=\"text-align: center;\"><a class=\"maxbutton-1 maxbutton maxbutton-regardez-la-video\" href=\"#v218\"><span class='mb-text'>GO TO THE VIDEO<\/span><\/a><\/p>","protected":false},"featured_media":14986,"template":"","meta":{"_exactmetrics_skip_tracking":false,"_exactmetrics_sitenote_active":false,"_exactmetrics_sitenote_note":"","_exactmetrics_sitenote_category":0,"neve_meta_sidebar":"","neve_meta_container":"","neve_meta_enable_content_width":"on","neve_meta_content_width":100,"neve_meta_title_alignment":"","neve_meta_author_avatar":"","neve_post_elements_order":"","neve_meta_disable_header":"","neve_meta_disable_footer":"","neve_meta_disable_title":"","_themeisle_gutenberg_block_has_review":false},"product_brand":[],"product_cat":[27],"product_tag":[],"class_list":{"0":"post-14960","1":"product","2":"type-product","3":"status-publish","4":"has-post-thumbnail","6":"product_cat-statues","7":"pa_dimensions-h-60cm","8":"pa_epoque-debut-du-xxeme-siecle","9":"pa_ethnie-lobi","10":"pa_materiaux-bois-patine-sacrificielle","11":"pa_pays-burkina-faso","13":"first","14":"instock","15":"sold-individually","16":"taxable","17":"shipping-taxable","18":"purchasable","19":"product-type-simple","20":"add-to-wishlist-before_image"},"_links":{"self":[{"href":"https:\/\/evebegalli.com\/en\/wp-json\/wp\/v2\/product\/14960","targetHints":{"allow":["GET"]}}],"collection":[{"href":"https:\/\/evebegalli.com\/en\/wp-json\/wp\/v2\/product"}],"about":[{"href":"https:\/\/evebegalli.com\/en\/wp-json\/wp\/v2\/types\/product"}],"version-history":[{"count":5,"href":"https:\/\/evebegalli.com\/en\/wp-json\/wp\/v2\/product\/14960\/revisions"}],"predecessor-version":[{"id":14991,"href":"https:\/\/evebegalli.com\/en\/wp-json\/wp\/v2\/product\/14960\/revisions\/14991"}],"wp:featuredmedia":[{"embeddable":true,"href":"https:\/\/evebegalli.com\/en\/wp-json\/wp\/v2\/media\/14986"}],"wp:attachment":[{"href":"https:\/\/evebegalli.com\/en\/wp-json\/wp\/v2\/media?parent=14960"}],"wp:term":[{"taxonomy":"product_brand","embeddable":true,"href":"https:\/\/evebegalli.com\/en\/wp-json\/wp\/v2\/product_brand?post=14960"},{"taxonomy":"product_cat","embeddable":true,"href":"https:\/\/evebegalli.com\/en\/wp-json\/wp\/v2\/product_cat?post=14960"},{"taxonomy":"product_tag","embeddable":true,"href":"https:\/\/evebegalli.com\/en\/wp-json\/wp\/v2\/product_tag?post=14960"}],"curies":[{"name":"wp","href":"https:\/\/api.w.org\/{rel}","templated":true}]}}