{"id":14843,"date":"2022-12-13T22:15:04","date_gmt":"2022-12-13T22:15:04","guid":{"rendered":"https:\/\/evebegalli.com\/?post_type=product&#038;p=14843"},"modified":"2022-12-26T17:39:20","modified_gmt":"2022-12-26T17:39:20","slug":"statue-lobi-bateba-du-maitre-du-nez-crochu-burkina-faso","status":"publish","type":"product","link":"https:\/\/evebegalli.com\/en\/product\/statue-lobi-bateba-du-maitre-du-nez-crochu-burkina-faso\/","title":{"rendered":"Statue Lobi Bateba du \u00ab Ma\u00eetre du nez crochu \u00bb, Burkina Faso"},"content":{"rendered":"<p><a name=\"v214\"><\/a><br \/>\n<div class=\"epyt-video-wrapper\"><iframe  id=\"_ytid_21804\"  width=\"1200\" height=\"675\"  data-origwidth=\"1200\" data-origheight=\"675\" src=\"https:\/\/www.youtube.com\/embed\/3O48i_UmdUM?enablejsapi=1&autoplay=0&cc_load_policy=0&cc_lang_pref=&iv_load_policy=1&loop=0&rel=0&fs=1&playsinline=0&autohide=2&theme=dark&color=red&controls=1&disablekb=0&\" class=\"__youtube_prefs__  no-lazyload\" title=\"YouTube player\"  allow=\"fullscreen; accelerometer; autoplay; clipboard-write; encrypted-media; gyroscope; picture-in-picture; web-share\" referrerpolicy=\"strict-origin-when-cross-origin\" allowfullscreen data-no-lazy=\"1\" data-skipgform_ajax_framebjll=\"\"><\/iframe><\/div><\/p>","protected":false},"excerpt":{"rendered":"<p>Ce Bateba d&rsquo;une tr\u00e8s belle qualit\u00e9 plastique, pr\u00e9sente tous les d\u00e9tails de l&rsquo;\u0153uvre du sculpteur Lobi r\u00e9pertori\u00e9 dans l\u2019ouvrage <em>Lobi Skulpturen aus der Kollection Floros und Sigrid Katsouros<\/em> dans la section \u00ab Ma\u00eetre N.5 &#8211; Ma\u00eetre du nez crochu \u00bb, en commen\u00e7ant par l&rsquo;expression si particuli\u00e8re qu&rsquo;offrent ce nez, le regard, la bouche port\u00e9e en avant et la position un peu d\u00e9hanch\u00e9e de l&rsquo;ensemble avec les bras assez fins, qui se rejoignent sous le ventre, juste au-dessus du sexe.\u00a0 Les \u00e9paules sont coup\u00e9es au carr\u00e9 et donnent une sensation de force et d&rsquo;\u00e9quilibre tout \u00e0 la fois. Bois recouvert d&rsquo;une tr\u00e8s ancienne patine cro\u00fbteuse due aux libations.<\/p>\n<p><strong>Origin<\/strong><br \/>\nEx private collection from the south of France.<\/p>\n<p style=\"text-align: center;\"><a class=\"maxbutton-1 maxbutton maxbutton-regardez-la-video\" href=\"#v214\"><span class='mb-text'>GO TO THE VIDEO<\/span><\/a><\/p>","protected":false},"featured_media":14858,"template":"","meta":{"_exactmetrics_skip_tracking":false,"_exactmetrics_sitenote_active":false,"_exactmetrics_sitenote_note":"","_exactmetrics_sitenote_category":0,"neve_meta_sidebar":"","neve_meta_container":"","neve_meta_enable_content_width":"on","neve_meta_content_width":100,"neve_meta_title_alignment":"","neve_meta_author_avatar":"","neve_post_elements_order":"","neve_meta_disable_header":"","neve_meta_disable_footer":"","neve_meta_disable_title":"","_themeisle_gutenberg_block_has_review":false},"product_brand":[],"product_cat":[27],"product_tag":[],"class_list":{"0":"post-14843","1":"product","2":"type-product","3":"status-publish","4":"has-post-thumbnail","6":"product_cat-statues","7":"pa_dimensions-h-30cm","8":"pa_epoque-premiere-moitie-du-xxeme-siecle","9":"pa_ethnie-lobi","10":"pa_materiaux-bois-patine-sacrificielle","11":"pa_pays-burkina-faso","13":"first","14":"instock","15":"sold-individually","16":"taxable","17":"shipping-taxable","18":"purchasable","19":"product-type-simple","20":"add-to-wishlist-before_image"},"_links":{"self":[{"href":"https:\/\/evebegalli.com\/en\/wp-json\/wp\/v2\/product\/14843","targetHints":{"allow":["GET"]}}],"collection":[{"href":"https:\/\/evebegalli.com\/en\/wp-json\/wp\/v2\/product"}],"about":[{"href":"https:\/\/evebegalli.com\/en\/wp-json\/wp\/v2\/types\/product"}],"version-history":[{"count":10,"href":"https:\/\/evebegalli.com\/en\/wp-json\/wp\/v2\/product\/14843\/revisions"}],"predecessor-version":[{"id":14897,"href":"https:\/\/evebegalli.com\/en\/wp-json\/wp\/v2\/product\/14843\/revisions\/14897"}],"wp:featuredmedia":[{"embeddable":true,"href":"https:\/\/evebegalli.com\/en\/wp-json\/wp\/v2\/media\/14858"}],"wp:attachment":[{"href":"https:\/\/evebegalli.com\/en\/wp-json\/wp\/v2\/media?parent=14843"}],"wp:term":[{"taxonomy":"product_brand","embeddable":true,"href":"https:\/\/evebegalli.com\/en\/wp-json\/wp\/v2\/product_brand?post=14843"},{"taxonomy":"product_cat","embeddable":true,"href":"https:\/\/evebegalli.com\/en\/wp-json\/wp\/v2\/product_cat?post=14843"},{"taxonomy":"product_tag","embeddable":true,"href":"https:\/\/evebegalli.com\/en\/wp-json\/wp\/v2\/product_tag?post=14843"}],"curies":[{"name":"wp","href":"https:\/\/api.w.org\/{rel}","templated":true}]}}