{"id":14819,"date":"2022-12-11T21:39:48","date_gmt":"2022-12-11T21:39:48","guid":{"rendered":"https:\/\/evebegalli.com\/?post_type=product&#038;p=14819"},"modified":"2024-03-11T17:44:28","modified_gmt":"2024-03-11T17:44:28","slug":"masque-afikpo-nigeria","status":"publish","type":"product","link":"https:\/\/evebegalli.com\/en\/product\/masque-afikpo-nigeria\/","title":{"rendered":"Masque Afikpo, Nigeria"},"content":{"rendered":"<p><a name=\"v212\"><\/a><br \/>\n<div class=\"epyt-video-wrapper\"><iframe  id=\"_ytid_22083\"  width=\"1200\" height=\"675\"  data-origwidth=\"1200\" data-origheight=\"675\" src=\"https:\/\/www.youtube.com\/embed\/6dcagDRjKgQ?enablejsapi=1&autoplay=0&cc_load_policy=0&cc_lang_pref=&iv_load_policy=1&loop=0&rel=0&fs=1&playsinline=0&autohide=2&theme=dark&color=red&controls=1&disablekb=0&\" class=\"__youtube_prefs__  no-lazyload\" title=\"YouTube player\"  allow=\"fullscreen; accelerometer; autoplay; clipboard-write; encrypted-media; gyroscope; picture-in-picture; web-share\" referrerpolicy=\"strict-origin-when-cross-origin\" allowfullscreen data-no-lazy=\"1\" data-skipgform_ajax_framebjll=\"\"><\/iframe><\/div><\/p>","protected":false},"excerpt":{"rendered":"<p>Masque r\u00e9alis\u00e9 \u00e0 partir d\u2019un cr\u00e2ne de singe sur lequel est ligatur\u00e9 une couronne de raphia tress\u00e9. Ancienne polychromie \u00e0 base de pigments naturels sous forme de t\u00e2ches bleues et jaunes sur fond de kaolin et camwood.<\/p>\n<p><strong>Origin<\/strong><br \/>\nEx collection Ann De Pauw et Luc Huysveld<br \/>\nEx private collection from the south of France.<\/p>\n<p><em><strong>Vendu avec certificat de provenance de Ann De Pauw<\/strong><\/em><\/p>\n<p style=\"text-align: center;\"><a class=\"maxbutton-1 maxbutton maxbutton-regardez-la-video\" href=\"#v212\"><span class='mb-text'>GO TO THE VIDEO<\/span><\/a><\/p>","protected":false},"featured_media":14838,"template":"","meta":{"_exactmetrics_skip_tracking":false,"_exactmetrics_sitenote_active":false,"_exactmetrics_sitenote_note":"","_exactmetrics_sitenote_category":0,"neve_meta_sidebar":"","neve_meta_container":"","neve_meta_enable_content_width":"on","neve_meta_content_width":100,"neve_meta_title_alignment":"","neve_meta_author_avatar":"","neve_post_elements_order":"","neve_meta_disable_header":"","neve_meta_disable_footer":"","neve_meta_disable_title":"","_themeisle_gutenberg_block_has_review":false},"product_brand":[],"product_cat":[26],"product_tag":[],"class_list":{"0":"post-14819","1":"product","2":"type-product","3":"status-publish","4":"has-post-thumbnail","6":"product_cat-masques","7":"pa_dimensions-h-24cm","8":"pa_epoque-moitie-du-xxeme-siecle-ou-avant","9":"pa_ethnie-afikpo","10":"pa_materiaux-crane-de-singe","11":"pa_materiaux-pigments-naturels","12":"pa_materiaux-raphia","13":"pa_pays-nigeria","15":"first","16":"outofstock","17":"sold-individually","18":"taxable","19":"shipping-taxable","20":"product-type-simple","21":"add-to-wishlist-before_image"},"_links":{"self":[{"href":"https:\/\/evebegalli.com\/en\/wp-json\/wp\/v2\/product\/14819","targetHints":{"allow":["GET"]}}],"collection":[{"href":"https:\/\/evebegalli.com\/en\/wp-json\/wp\/v2\/product"}],"about":[{"href":"https:\/\/evebegalli.com\/en\/wp-json\/wp\/v2\/types\/product"}],"version-history":[{"count":5,"href":"https:\/\/evebegalli.com\/en\/wp-json\/wp\/v2\/product\/14819\/revisions"}],"predecessor-version":[{"id":14840,"href":"https:\/\/evebegalli.com\/en\/wp-json\/wp\/v2\/product\/14819\/revisions\/14840"}],"wp:featuredmedia":[{"embeddable":true,"href":"https:\/\/evebegalli.com\/en\/wp-json\/wp\/v2\/media\/14838"}],"wp:attachment":[{"href":"https:\/\/evebegalli.com\/en\/wp-json\/wp\/v2\/media?parent=14819"}],"wp:term":[{"taxonomy":"product_brand","embeddable":true,"href":"https:\/\/evebegalli.com\/en\/wp-json\/wp\/v2\/product_brand?post=14819"},{"taxonomy":"product_cat","embeddable":true,"href":"https:\/\/evebegalli.com\/en\/wp-json\/wp\/v2\/product_cat?post=14819"},{"taxonomy":"product_tag","embeddable":true,"href":"https:\/\/evebegalli.com\/en\/wp-json\/wp\/v2\/product_tag?post=14819"}],"curies":[{"name":"wp","href":"https:\/\/api.w.org\/{rel}","templated":true}]}}