{"id":14750,"date":"2022-12-11T12:48:59","date_gmt":"2022-12-11T12:48:59","guid":{"rendered":"https:\/\/evebegalli.com\/?post_type=product&#038;p=14750"},"modified":"2022-12-11T14:30:00","modified_gmt":"2022-12-11T14:30:00","slug":"statuette-baoule-agni-blolo-bian-cote-divoire","status":"publish","type":"product","link":"https:\/\/evebegalli.com\/en\/product\/statuette-baoule-agni-blolo-bian-cote-divoire\/","title":{"rendered":"Statuette Baoul\u00e9\/Agni Blolo Bla, C\u00f4te d\u2019Ivoire"},"content":{"rendered":"<p><a name=\"v209\"><\/a><br \/>\n<div class=\"epyt-video-wrapper\"><iframe  id=\"_ytid_30925\"  width=\"1200\" height=\"675\"  data-origwidth=\"1200\" data-origheight=\"675\" src=\"https:\/\/www.youtube.com\/embed\/TquE5p_rZPs?enablejsapi=1&autoplay=0&cc_load_policy=0&cc_lang_pref=&iv_load_policy=1&loop=0&rel=0&fs=1&playsinline=0&autohide=2&theme=dark&color=red&controls=1&disablekb=0&\" class=\"__youtube_prefs__  no-lazyload\" title=\"YouTube player\"  allow=\"fullscreen; accelerometer; autoplay; clipboard-write; encrypted-media; gyroscope; picture-in-picture; web-share\" referrerpolicy=\"strict-origin-when-cross-origin\" allowfullscreen data-no-lazy=\"1\" data-skipgform_ajax_framebjll=\"\"><\/iframe><\/div><\/p>","protected":false},"excerpt":{"rendered":"<p>Fine et d\u00e9licate statuette repr\u00e9sentant un personnage f\u00e9minin debout sur un socle circulaire. Le visage doux et serein, taill\u00e9 tr\u00e8s finement est anim\u00e9 d\u2019un regard mi-clos et \u00e9l\u00e9gamment sculpt\u00e9 sur un long cou annel\u00e9, le tout surmont\u00e9 d\u2019une belle coiffe faite d\u2019un important chignon central flanqu\u00e9 d\u2019une succession de tresses lat\u00e9rales. Les bras sont repli\u00e9s sur le ventre, les mains jointes sur l\u2019abdomen autour de l\u2019ombilic pour souligner l\u2019importance de la transmission de la vie. La tr\u00e8s belle patine miel pigment\u00e9e d\u2019un rouge profond encore lisible par endroits montre les soins r\u00e9p\u00e9t\u00e9s qui lui ont \u00e9t\u00e9 prodigu\u00e9s par son ancien propri\u00e9taire, permettant de l\u2019interpr\u00e9ter comme un <em>blolo bla<\/em> qui signifie \u00ab \u00e9pouse spirituelle \u00bb.<br \/>\nLes Baule croient qu\u2019avant la naissance, les \u00eatres humains ont tous des conjoints\u00a0<em>blolo bian<\/em>\u00a0et\u00a0<em>blolo bla<\/em>\u00a0dans l\u2019autre monde, appel\u00e9\u00a0<em>Blolo,\u00a0<\/em>et que ces esprits ont une influence sur leur vie humaine. Lorsqu\u2019une personne baoul\u00e9 subit une forme de d\u00e9tresse, qu\u2019elle soit physique ou spirituelle, elle peut consulter un devin. La divination r\u00e9v\u00e8le g\u00e9n\u00e9ralement que son conjoint spirituel es en col\u00e8re et est la cause d\u2019une telle d\u00e9tresse. La solution est de faire sculpter une figure en bois et de lui consacrer un sanctuaire priv\u00e9, appel\u00e9\u00a0<em>tata<\/em>, pour que l\u2019esprit vengeur puisse \u00eatre apais\u00e9.<\/p>\n<p><strong>Origin<\/strong><br \/>\nEx private collection from the south of France.<\/p>\n<p style=\"text-align: center;\"><a class=\"maxbutton-1 maxbutton maxbutton-regardez-la-video\" href=\"#v209\"><span class='mb-text'>GO TO THE VIDEO<\/span><\/a><\/p>","protected":false},"featured_media":14767,"template":"","meta":{"_exactmetrics_skip_tracking":false,"_exactmetrics_sitenote_active":false,"_exactmetrics_sitenote_note":"","_exactmetrics_sitenote_category":0,"neve_meta_sidebar":"","neve_meta_container":"","neve_meta_enable_content_width":"on","neve_meta_content_width":100,"neve_meta_title_alignment":"","neve_meta_author_avatar":"","neve_post_elements_order":"","neve_meta_disable_header":"","neve_meta_disable_footer":"","neve_meta_disable_title":"","_themeisle_gutenberg_block_has_review":false},"product_brand":[],"product_cat":[27],"product_tag":[],"class_list":{"0":"post-14750","1":"product","2":"type-product","3":"status-publish","4":"has-post-thumbnail","6":"product_cat-statues","7":"pa_dimensions-h-32cm","8":"pa_epoque-premiere-moitie-du-xxeme-siecle","9":"pa_ethnie-agni","10":"pa_ethnie-baoule","11":"pa_materiaux-bois-pigments","12":"pa_pays-cote-divoire","14":"first","15":"instock","16":"sold-individually","17":"taxable","18":"shipping-taxable","19":"purchasable","20":"product-type-simple","21":"add-to-wishlist-before_image"},"_links":{"self":[{"href":"https:\/\/evebegalli.com\/en\/wp-json\/wp\/v2\/product\/14750","targetHints":{"allow":["GET"]}}],"collection":[{"href":"https:\/\/evebegalli.com\/en\/wp-json\/wp\/v2\/product"}],"about":[{"href":"https:\/\/evebegalli.com\/en\/wp-json\/wp\/v2\/types\/product"}],"version-history":[{"count":7,"href":"https:\/\/evebegalli.com\/en\/wp-json\/wp\/v2\/product\/14750\/revisions"}],"predecessor-version":[{"id":14774,"href":"https:\/\/evebegalli.com\/en\/wp-json\/wp\/v2\/product\/14750\/revisions\/14774"}],"wp:featuredmedia":[{"embeddable":true,"href":"https:\/\/evebegalli.com\/en\/wp-json\/wp\/v2\/media\/14767"}],"wp:attachment":[{"href":"https:\/\/evebegalli.com\/en\/wp-json\/wp\/v2\/media?parent=14750"}],"wp:term":[{"taxonomy":"product_brand","embeddable":true,"href":"https:\/\/evebegalli.com\/en\/wp-json\/wp\/v2\/product_brand?post=14750"},{"taxonomy":"product_cat","embeddable":true,"href":"https:\/\/evebegalli.com\/en\/wp-json\/wp\/v2\/product_cat?post=14750"},{"taxonomy":"product_tag","embeddable":true,"href":"https:\/\/evebegalli.com\/en\/wp-json\/wp\/v2\/product_tag?post=14750"}],"curies":[{"name":"wp","href":"https:\/\/api.w.org\/{rel}","templated":true}]}}