{"id":14614,"date":"2022-11-30T17:16:37","date_gmt":"2022-11-30T17:16:37","guid":{"rendered":"https:\/\/evebegalli.com\/?post_type=product&#038;p=14614"},"modified":"2022-11-30T17:58:09","modified_gmt":"2022-11-30T17:58:09","slug":"statuette-jumeau-ibeji-yoruba-nigeria-4","status":"publish","type":"product","link":"https:\/\/evebegalli.com\/en\/product\/statuette-jumeau-ibeji-yoruba-nigeria-4\/","title":{"rendered":"Statuette Jumeau Ibeji Yoruba, Egba, Nigeria"},"content":{"rendered":"","protected":false},"excerpt":{"rendered":"<p>Effigie masculine Yoruba inscrite sur un socle circulaire, les pieds digit\u00e9s sculpt\u00e9s avec finesse. Les bras aux mains larges entourent le buste. Mouvement l\u00e9g\u00e8rement inclin\u00e9 vers l&rsquo;avant. Le visage, d&rsquo;une tr\u00e8s belle pr\u00e9sence, s&rsquo;ouvre sur d&rsquo;amples yeux cill\u00e9s, le front et les joues marqu\u00e9es de profondes entailles indiquant l&rsquo;appartenance \u00e0 une famille noble de ce jumeau. Les oreilles s&rsquo;\u00e9tirent vers la nuque, r\u00e9pondent \u00e0 l&rsquo;allongement en mitre de la coiffure, sur laquelle ont perdur\u00e9 des traces de pigment bleu indigo. Autour de la taille, un collier de perles anciennes (pas visible sur les photos parce qu&rsquo;il s&rsquo;\u00e9tait d\u00e9tach\u00e9, mais actuellement remis en place). Tr\u00e8s belle patine noire brune.<br \/>\nDes ibeji de la m\u00eame r\u00e9gion sud-ouest du Nigeria, ville d\u2019Abeokuta, sont r\u00e9pertori\u00e9s dans <em>Ibeji Archive<\/em>\u00a0qui pr\u00e9sente des Ibeji \u00e9valu\u00e9s par Fausto Polo depuis 2001 (voir link ci dessous).<br \/>\n<a href=\"http:\/\/www.ibejiarchive.com\/abeokuta0109.html\">http:\/\/www.ibejiarchive.com\/abeokuta0109.html<\/a><\/p>\n<p><strong>Origin<\/strong><br \/>\nEx private collection from the south of France.<\/p>","protected":false},"featured_media":14634,"template":"","meta":{"_exactmetrics_skip_tracking":false,"_exactmetrics_sitenote_active":false,"_exactmetrics_sitenote_note":"","_exactmetrics_sitenote_category":0,"neve_meta_sidebar":"","neve_meta_container":"","neve_meta_enable_content_width":"on","neve_meta_content_width":100,"neve_meta_title_alignment":"","neve_meta_author_avatar":"","neve_post_elements_order":"","neve_meta_disable_header":"","neve_meta_disable_footer":"","neve_meta_disable_title":"","_themeisle_gutenberg_block_has_review":false},"product_brand":[],"product_cat":[27],"product_tag":[],"class_list":{"0":"post-14614","1":"product","2":"type-product","3":"status-publish","4":"has-post-thumbnail","6":"product_cat-statues","7":"pa_dimensions-h-24-cm","8":"pa_epoque-premiere-moitie-du-xxeme-siecle","9":"pa_ethnie-yoruba","10":"pa_materiaux-bois-perles","11":"pa_pays-nigeria","13":"first","14":"instock","15":"sold-individually","16":"taxable","17":"shipping-taxable","18":"purchasable","19":"product-type-simple","20":"add-to-wishlist-before_image"},"_links":{"self":[{"href":"https:\/\/evebegalli.com\/en\/wp-json\/wp\/v2\/product\/14614","targetHints":{"allow":["GET"]}}],"collection":[{"href":"https:\/\/evebegalli.com\/en\/wp-json\/wp\/v2\/product"}],"about":[{"href":"https:\/\/evebegalli.com\/en\/wp-json\/wp\/v2\/types\/product"}],"version-history":[{"count":0,"href":"https:\/\/evebegalli.com\/en\/wp-json\/wp\/v2\/product\/14614\/revisions"}],"wp:featuredmedia":[{"embeddable":true,"href":"https:\/\/evebegalli.com\/en\/wp-json\/wp\/v2\/media\/14634"}],"wp:attachment":[{"href":"https:\/\/evebegalli.com\/en\/wp-json\/wp\/v2\/media?parent=14614"}],"wp:term":[{"taxonomy":"product_brand","embeddable":true,"href":"https:\/\/evebegalli.com\/en\/wp-json\/wp\/v2\/product_brand?post=14614"},{"taxonomy":"product_cat","embeddable":true,"href":"https:\/\/evebegalli.com\/en\/wp-json\/wp\/v2\/product_cat?post=14614"},{"taxonomy":"product_tag","embeddable":true,"href":"https:\/\/evebegalli.com\/en\/wp-json\/wp\/v2\/product_tag?post=14614"}],"curies":[{"name":"wp","href":"https:\/\/api.w.org\/{rel}","templated":true}]}}