{"id":14455,"date":"2022-08-19T16:00:18","date_gmt":"2022-08-19T16:00:18","guid":{"rendered":"https:\/\/evebegalli.com\/?post_type=product&#038;p=14455"},"modified":"2022-08-21T14:16:54","modified_gmt":"2022-08-21T14:16:54","slug":"ewe-statuette-fetiche-togo-ghana-2","status":"publish","type":"product","link":"https:\/\/evebegalli.com\/en\/product\/ewe-statuette-fetiche-togo-ghana-2\/","title":{"rendered":"Ewe statuette f\u00e9tiche, Togo\/Ghana"},"content":{"rendered":"","protected":false},"excerpt":{"rendered":"<p>Charmant petit f\u00e9tiche de protection se tenant debout habill\u00e9 de tissus et charg\u00e9 d&rsquo;un fer et de quelques cauris. Une coiffe traditionnelle habille la t\u00eate. L&rsquo;ensemble est recouvert d\u2019une ancienne cro\u00fbte sacrificielle attestant d\u2019une longue utilisation rituelle. Belle pi\u00e8ce du culte vaudou.<\/p>\n<p><strong>Origin<\/strong><br \/>\nEx private collection from the south of France.<\/p>","protected":false},"featured_media":14471,"template":"","meta":{"_exactmetrics_skip_tracking":false,"_exactmetrics_sitenote_active":false,"_exactmetrics_sitenote_note":"","_exactmetrics_sitenote_category":0,"neve_meta_sidebar":"","neve_meta_container":"","neve_meta_enable_content_width":"on","neve_meta_content_width":100,"neve_meta_title_alignment":"","neve_meta_author_avatar":"","neve_post_elements_order":"","neve_meta_disable_header":"","neve_meta_disable_footer":"","neve_meta_disable_title":"","_themeisle_gutenberg_block_has_review":false},"product_brand":[],"product_cat":[27],"product_tag":[],"class_list":{"0":"post-14455","1":"product","2":"type-product","3":"status-publish","4":"has-post-thumbnail","6":"product_cat-statues","7":"pa_dimensions-h-21-cm","8":"pa_epoque-circa-1950","9":"pa_ethnie-ewe","10":"pa_materiaux-bois","11":"pa_materiaux-cauris","12":"pa_materiaux-fer","13":"pa_materiaux-patine-sacrificielle","14":"pa_materiaux-perles","15":"pa_materiaux-tissus","16":"pa_pays-ghana","17":"pa_pays-togo","19":"first","20":"instock","21":"sold-individually","22":"taxable","23":"shipping-taxable","24":"purchasable","25":"product-type-simple","26":"add-to-wishlist-before_image"},"_links":{"self":[{"href":"https:\/\/evebegalli.com\/en\/wp-json\/wp\/v2\/product\/14455","targetHints":{"allow":["GET"]}}],"collection":[{"href":"https:\/\/evebegalli.com\/en\/wp-json\/wp\/v2\/product"}],"about":[{"href":"https:\/\/evebegalli.com\/en\/wp-json\/wp\/v2\/types\/product"}],"version-history":[{"count":0,"href":"https:\/\/evebegalli.com\/en\/wp-json\/wp\/v2\/product\/14455\/revisions"}],"wp:featuredmedia":[{"embeddable":true,"href":"https:\/\/evebegalli.com\/en\/wp-json\/wp\/v2\/media\/14471"}],"wp:attachment":[{"href":"https:\/\/evebegalli.com\/en\/wp-json\/wp\/v2\/media?parent=14455"}],"wp:term":[{"taxonomy":"product_brand","embeddable":true,"href":"https:\/\/evebegalli.com\/en\/wp-json\/wp\/v2\/product_brand?post=14455"},{"taxonomy":"product_cat","embeddable":true,"href":"https:\/\/evebegalli.com\/en\/wp-json\/wp\/v2\/product_cat?post=14455"},{"taxonomy":"product_tag","embeddable":true,"href":"https:\/\/evebegalli.com\/en\/wp-json\/wp\/v2\/product_tag?post=14455"}],"curies":[{"name":"wp","href":"https:\/\/api.w.org\/{rel}","templated":true}]}}