{"id":1441,"date":"2019-10-31T12:08:23","date_gmt":"2019-10-31T12:08:23","guid":{"rendered":"https:\/\/evebegalli.com\/?post_type=product&#038;p=1441"},"modified":"2022-06-08T17:24:32","modified_gmt":"2022-06-08T17:24:32","slug":"tabouret-lobi-sikire-kambire-burkina-faso","status":"publish","type":"product","link":"https:\/\/evebegalli.com\/en\/product\/tabouret-lobi-sikire-kambire-burkina-faso\/","title":{"rendered":"Tabouret Lobi, Sikir\u00e9 Kambir\u00e9, Burkina Faso"},"content":{"rendered":"<div class=\"epyt-video-wrapper\"><iframe  id=\"_ytid_78248\"  width=\"1200\" height=\"675\"  data-origwidth=\"1200\" data-origheight=\"675\" src=\"https:\/\/www.youtube.com\/embed\/MtxYrENaHTg?enablejsapi=1&autoplay=0&cc_load_policy=0&cc_lang_pref=&iv_load_policy=1&loop=0&rel=0&fs=1&playsinline=0&autohide=2&theme=dark&color=red&controls=1&disablekb=0&\" class=\"__youtube_prefs__  no-lazyload\" title=\"YouTube player\"  allow=\"fullscreen; accelerometer; autoplay; clipboard-write; encrypted-media; gyroscope; picture-in-picture; web-share\" referrerpolicy=\"strict-origin-when-cross-origin\" allowfullscreen data-no-lazy=\"1\" data-skipgform_ajax_framebjll=\"\"><\/iframe><\/div>","protected":false},"excerpt":{"rendered":"<p>Ancien et beau tabouret tripode, l&rsquo;assise incurv\u00e9e avec l&rsquo;extr\u00e9mit\u00e9 sculpt\u00e9e de deux t\u00eates anthropomorphes. Un des pied est repr\u00e9sent\u00e9 par un sabot d&rsquo;antilope. Les deux t\u00eates dos \u00e0 dos son surmont\u00e9es par une coiffe en demi-lune noircie. La stylistique particuli\u00e8re des t\u00eates peut \u00eatre attribu\u00e9e aux \u0153uvres produites par le c\u00e9l\u00e8bre sculpteur Sikir\u00e9 Kambir\u00e9 (1896 &#8211; 1963) et son atelier. Talentueux sculpteur Lobi, il fut form\u00e9 au sein d&rsquo;une \u00e9cole r\u00e9put\u00e9e, connue sous le nom de Gbokho Gbalathi, par un grand sculpteur ma\u00eetre nomm\u00e9 Okuena Palenfo. Il est l\u2019un des premiers sculpteurs de la r\u00e9gion \u00e0 avoir travaill\u00e9 sur commande pour les administrateurs coloniaux (Labouret 1931, p. 188).<br \/>\nSes \u0153uvres sont aujourd\u2019hui install\u00e9es non seulement chez des devins-gu\u00e9risseurs mais aussi dans les collections priv\u00e9es et publiques du monde entier.<br \/>\nBois dur, tr\u00e8s belle patine brune-caramel.<\/p>\n<p><strong>Origin<\/strong><br \/>\nCollect\u00e9e en 1959 par M.A. en visite \u00e0 l&rsquo;atelier de Sikir\u00e9 Kambir\u00e9, Paris<br \/>\nCollection Eve Begalli, Grenoble, acquise \u00e0 Mme Aduayom en 2019<\/p>","protected":false},"featured_media":1442,"template":"","meta":{"_exactmetrics_skip_tracking":false,"_exactmetrics_sitenote_active":false,"_exactmetrics_sitenote_note":"","_exactmetrics_sitenote_category":0,"neve_meta_sidebar":"","neve_meta_container":"","neve_meta_enable_content_width":"on","neve_meta_content_width":100,"neve_meta_title_alignment":"","neve_meta_author_avatar":"","neve_post_elements_order":"","neve_meta_disable_header":"","neve_meta_disable_footer":"","neve_meta_disable_title":"","_themeisle_gutenberg_block_has_review":false},"product_brand":[],"product_cat":[25],"product_tag":[],"class_list":{"0":"post-1441","1":"product","2":"type-product","3":"status-publish","4":"has-post-thumbnail","6":"product_cat-tabourets","7":"pa_dimensions-45cm-33cm-12cm-pied-x-11cm-h-14cm","8":"pa_epoque-circa-1940","9":"pa_ethnie-lobi","10":"pa_materiaux-bois","11":"pa_pays-burkina-faso","13":"first","14":"instock","15":"sale","16":"sold-individually","17":"taxable","18":"shipping-taxable","19":"purchasable","20":"product-type-simple","21":"add-to-wishlist-before_image"},"_links":{"self":[{"href":"https:\/\/evebegalli.com\/en\/wp-json\/wp\/v2\/product\/1441","targetHints":{"allow":["GET"]}}],"collection":[{"href":"https:\/\/evebegalli.com\/en\/wp-json\/wp\/v2\/product"}],"about":[{"href":"https:\/\/evebegalli.com\/en\/wp-json\/wp\/v2\/types\/product"}],"version-history":[{"count":0,"href":"https:\/\/evebegalli.com\/en\/wp-json\/wp\/v2\/product\/1441\/revisions"}],"wp:featuredmedia":[{"embeddable":true,"href":"https:\/\/evebegalli.com\/en\/wp-json\/wp\/v2\/media\/1442"}],"wp:attachment":[{"href":"https:\/\/evebegalli.com\/en\/wp-json\/wp\/v2\/media?parent=1441"}],"wp:term":[{"taxonomy":"product_brand","embeddable":true,"href":"https:\/\/evebegalli.com\/en\/wp-json\/wp\/v2\/product_brand?post=1441"},{"taxonomy":"product_cat","embeddable":true,"href":"https:\/\/evebegalli.com\/en\/wp-json\/wp\/v2\/product_cat?post=1441"},{"taxonomy":"product_tag","embeddable":true,"href":"https:\/\/evebegalli.com\/en\/wp-json\/wp\/v2\/product_tag?post=1441"}],"curies":[{"name":"wp","href":"https:\/\/api.w.org\/{rel}","templated":true}]}}