{"id":14359,"date":"2022-08-15T16:34:09","date_gmt":"2022-08-15T16:34:09","guid":{"rendered":"https:\/\/evebegalli.com\/?post_type=product&#038;p=14359"},"modified":"2022-08-15T18:02:50","modified_gmt":"2022-08-15T18:02:50","slug":"statuette-feminine-assise-senoufo-cote-divoire","status":"publish","type":"product","link":"https:\/\/evebegalli.com\/en\/product\/statuette-feminine-assise-senoufo-cote-divoire\/","title":{"rendered":"Statuette f\u00e9minine assise, S\u00e9noufo, C\u00f4te d\u2019Ivoire"},"content":{"rendered":"","protected":false},"excerpt":{"rendered":"<p>Statuette f\u00e9minine assise sur un tabouret, ses jambes formant deux des quatre pieds de l\u2019assise. Les mains encadrent le nombril, symbole de lignage et de fertilit\u00e9. La rondeur du fessier imprime au dos une courbure significative.\u00a0 Le visage serein trait\u00e9 en lignes sobres et \u00e9l\u00e9gantes est coiff\u00e9 d\u2019une haute cr\u00eate sagittale prolong\u00e9e en ses extr\u00e9mit\u00e9s de tresses \u00e9point\u00e9es. Le corps est soigneusement recouvert de scarifications \u00e0 plusieurs endroits. Les seins accroch\u00e9s \u00e0 des \u00e9paules solides, s&rsquo;inscrivent \u00e0 l&rsquo;aplomb du visage \u00e9voquant la f\u00e9condit\u00e9. Des bracelets ornent les poignets et les bras cintr\u00e9s.<br \/>\nLes statuettes de cette taille, sont port\u00e9es ou exhib\u00e9es par les jeunes initi\u00e9s du Poro durant les c\u00e9l\u00e9brations qui suivent le passage d&rsquo;une classe d&rsquo;\u00e2ge \u00e0 une autre. La patine d&rsquo;usage brillante t\u00e9moigne d\u2019une utilisation rituelle r\u00e9p\u00e9t\u00e9e.<\/p>\n<p><strong>Origin<\/strong><br \/>\nEx private collection from the south of France.<\/p>","protected":false},"featured_media":14383,"template":"","meta":{"_exactmetrics_skip_tracking":false,"_exactmetrics_sitenote_active":false,"_exactmetrics_sitenote_note":"","_exactmetrics_sitenote_category":0,"neve_meta_sidebar":"","neve_meta_container":"","neve_meta_enable_content_width":"on","neve_meta_content_width":100,"neve_meta_title_alignment":"","neve_meta_author_avatar":"","neve_post_elements_order":"","neve_meta_disable_header":"","neve_meta_disable_footer":"","neve_meta_disable_title":"","_themeisle_gutenberg_block_has_review":false},"product_brand":[],"product_cat":[27],"product_tag":[],"class_list":{"0":"post-14359","1":"product","2":"type-product","3":"status-publish","4":"has-post-thumbnail","6":"product_cat-statues","7":"pa_dimensions-h-26-cm","8":"pa_epoque-premiere-moitie-du-xxeme-siecle","9":"pa_ethnie-senoufo","10":"pa_materiaux-bois","11":"pa_pays-cote-divoire","13":"first","14":"instock","15":"sold-individually","16":"taxable","17":"shipping-taxable","18":"purchasable","19":"product-type-simple","20":"add-to-wishlist-before_image"},"_links":{"self":[{"href":"https:\/\/evebegalli.com\/en\/wp-json\/wp\/v2\/product\/14359","targetHints":{"allow":["GET"]}}],"collection":[{"href":"https:\/\/evebegalli.com\/en\/wp-json\/wp\/v2\/product"}],"about":[{"href":"https:\/\/evebegalli.com\/en\/wp-json\/wp\/v2\/types\/product"}],"version-history":[{"count":0,"href":"https:\/\/evebegalli.com\/en\/wp-json\/wp\/v2\/product\/14359\/revisions"}],"wp:featuredmedia":[{"embeddable":true,"href":"https:\/\/evebegalli.com\/en\/wp-json\/wp\/v2\/media\/14383"}],"wp:attachment":[{"href":"https:\/\/evebegalli.com\/en\/wp-json\/wp\/v2\/media?parent=14359"}],"wp:term":[{"taxonomy":"product_brand","embeddable":true,"href":"https:\/\/evebegalli.com\/en\/wp-json\/wp\/v2\/product_brand?post=14359"},{"taxonomy":"product_cat","embeddable":true,"href":"https:\/\/evebegalli.com\/en\/wp-json\/wp\/v2\/product_cat?post=14359"},{"taxonomy":"product_tag","embeddable":true,"href":"https:\/\/evebegalli.com\/en\/wp-json\/wp\/v2\/product_tag?post=14359"}],"curies":[{"name":"wp","href":"https:\/\/api.w.org\/{rel}","templated":true}]}}