{"id":14332,"date":"2022-08-12T12:45:15","date_gmt":"2022-08-12T12:45:15","guid":{"rendered":"https:\/\/evebegalli.com\/?post_type=product&#038;p=14332"},"modified":"2022-08-12T13:40:57","modified_gmt":"2022-08-12T13:40:57","slug":"fon-bocio-benin-4","status":"publish","type":"product","link":"https:\/\/evebegalli.com\/en\/product\/fon-bocio-benin-4\/","title":{"rendered":"Fon Bocio, Benin"},"content":{"rendered":"","protected":false},"excerpt":{"rendered":"<p>Puissant et tr\u00e8s ancien <a href=\"https:\/\/evebegalli.com\/en\/2020\/01\/07\/3476\/\">Bocio <\/a>recouvert de mati\u00e8res sacrificielles et de pigments. Le visage tr\u00e8s bien sculpt\u00e9 est fort et expressif.\u00a0 Son r\u00f4le est en rapport ici avec le d\u00e9senvo\u00fbtement, comme le souligne la symbolique des cha\u00eenes qui l&rsquo;entourent.<\/p>\n<p><strong>Origin<\/strong><br \/>\nEx private collection from the south of France.<\/p>","protected":false},"featured_media":14354,"template":"","meta":{"_exactmetrics_skip_tracking":false,"_exactmetrics_sitenote_active":false,"_exactmetrics_sitenote_note":"","_exactmetrics_sitenote_category":0,"neve_meta_sidebar":"","neve_meta_container":"","neve_meta_enable_content_width":"on","neve_meta_content_width":100,"neve_meta_title_alignment":"","neve_meta_author_avatar":"","neve_post_elements_order":"","neve_meta_disable_header":"","neve_meta_disable_footer":"","neve_meta_disable_title":"","_themeisle_gutenberg_block_has_review":false},"product_brand":[],"product_cat":[27],"product_tag":[],"class_list":{"0":"post-14332","1":"product","2":"type-product","3":"status-publish","4":"has-post-thumbnail","6":"product_cat-statues","7":"pa_dimensions-h-36-cm","8":"pa_epoque-premiere-moitie-du-xxeme-siecle","9":"pa_ethnie-fon","10":"pa_materiaux-bois-chaines-fers-cadenas-cordes-tissus-patine-de-sangkaolin-pigment-bleu","11":"pa_pays-benin","13":"first","14":"instock","15":"sold-individually","16":"taxable","17":"shipping-taxable","18":"purchasable","19":"product-type-simple","20":"add-to-wishlist-before_image"},"_links":{"self":[{"href":"https:\/\/evebegalli.com\/en\/wp-json\/wp\/v2\/product\/14332","targetHints":{"allow":["GET"]}}],"collection":[{"href":"https:\/\/evebegalli.com\/en\/wp-json\/wp\/v2\/product"}],"about":[{"href":"https:\/\/evebegalli.com\/en\/wp-json\/wp\/v2\/types\/product"}],"version-history":[{"count":0,"href":"https:\/\/evebegalli.com\/en\/wp-json\/wp\/v2\/product\/14332\/revisions"}],"wp:featuredmedia":[{"embeddable":true,"href":"https:\/\/evebegalli.com\/en\/wp-json\/wp\/v2\/media\/14354"}],"wp:attachment":[{"href":"https:\/\/evebegalli.com\/en\/wp-json\/wp\/v2\/media?parent=14332"}],"wp:term":[{"taxonomy":"product_brand","embeddable":true,"href":"https:\/\/evebegalli.com\/en\/wp-json\/wp\/v2\/product_brand?post=14332"},{"taxonomy":"product_cat","embeddable":true,"href":"https:\/\/evebegalli.com\/en\/wp-json\/wp\/v2\/product_cat?post=14332"},{"taxonomy":"product_tag","embeddable":true,"href":"https:\/\/evebegalli.com\/en\/wp-json\/wp\/v2\/product_tag?post=14332"}],"curies":[{"name":"wp","href":"https:\/\/api.w.org\/{rel}","templated":true}]}}