{"id":14308,"date":"2022-08-11T09:41:19","date_gmt":"2022-08-11T09:41:19","guid":{"rendered":"https:\/\/evebegalli.com\/?post_type=product&#038;p=14308"},"modified":"2022-11-30T17:46:05","modified_gmt":"2022-11-30T17:46:05","slug":"statuette-jumeau-ibeji-yoruba-oyo-nigeria","status":"publish","type":"product","link":"https:\/\/evebegalli.com\/en\/product\/statuette-jumeau-ibeji-yoruba-oyo-nigeria\/","title":{"rendered":"Statuette Jumeau Ibeji Yoruba, Oyo, Nigeria"},"content":{"rendered":"","protected":false},"excerpt":{"rendered":"<p>Effigie masculine Yoruba inscrite sur un socle circulaire, les pieds digit\u00e9s sculpt\u00e9s avec finesse. Les bras aux mains larges entourent le buste. Mouvement l\u00e9g\u00e8rement inclin\u00e9 vers l&rsquo;avant. Le visage, d&rsquo;une tr\u00e8s belle pr\u00e9sence, s&rsquo;ouvre sur d&rsquo;amples yeux cill\u00e9s, le front et les joues rondes marqu\u00e9es de profondes entailles indiquant l&rsquo;appartenance \u00e0 une famille noble de ce jumeau. Les oreilles s&rsquo;\u00e9tirent vers la nuque, r\u00e9pondent \u00e0 l&rsquo;allongement en mitre de la coiffure soign\u00e9e, sur laquelle ont perdur\u00e9 des traces de pigment bleu indigo. Au cou et autour de la taille, des colliers de perles tubulaires. Tr\u00e8s belle patine brune miel et restes de camwood solidifi\u00e9, r\u00e9sultant de nombreuses manipulations rituelles.<br \/>\nDes ibeji de la m\u00eame r\u00e9gion sud-ouest du Nigeria, ville d\u2019Iperu, sont r\u00e9pertori\u00e9s dans <em>Ibeji Archive<\/em>\u00a0qui pr\u00e9sente des Ibeji \u00e9valu\u00e9s par Fausto Polo depuis 2001 (voir link ci dessous).<br \/>\n<a href=\"http:\/\/www.ibejiarchive.com\/iseyin0109.html\">http:\/\/www.ibejiarchive.com\/iseyin0109.html<\/a><\/p>\n<p><strong>Origin<\/strong><br \/>\nEx private collection from the south of France.<\/p>","protected":false},"featured_media":14615,"template":"","meta":{"_exactmetrics_skip_tracking":false,"_exactmetrics_sitenote_active":false,"_exactmetrics_sitenote_note":"","_exactmetrics_sitenote_category":0,"neve_meta_sidebar":"","neve_meta_container":"","neve_meta_enable_content_width":"on","neve_meta_content_width":100,"neve_meta_title_alignment":"","neve_meta_author_avatar":"","neve_post_elements_order":"","neve_meta_disable_header":"","neve_meta_disable_footer":"","neve_meta_disable_title":"","_themeisle_gutenberg_block_has_review":false},"product_brand":[],"product_cat":[27],"product_tag":[],"class_list":{"0":"post-14308","1":"product","2":"type-product","3":"status-publish","4":"has-post-thumbnail","6":"product_cat-statues","7":"pa_dimensions-h-24-cm","8":"pa_epoque-premiere-moitie-du-xxeme-siecle","9":"pa_ethnie-yoruba","10":"pa_materiaux-bois-perles","11":"pa_materiaux-pigments","12":"pa_pays-nigeria","14":"first","15":"instock","16":"sold-individually","17":"taxable","18":"shipping-taxable","19":"purchasable","20":"product-type-simple","21":"add-to-wishlist-before_image"},"_links":{"self":[{"href":"https:\/\/evebegalli.com\/en\/wp-json\/wp\/v2\/product\/14308","targetHints":{"allow":["GET"]}}],"collection":[{"href":"https:\/\/evebegalli.com\/en\/wp-json\/wp\/v2\/product"}],"about":[{"href":"https:\/\/evebegalli.com\/en\/wp-json\/wp\/v2\/types\/product"}],"version-history":[{"count":0,"href":"https:\/\/evebegalli.com\/en\/wp-json\/wp\/v2\/product\/14308\/revisions"}],"wp:featuredmedia":[{"embeddable":true,"href":"https:\/\/evebegalli.com\/en\/wp-json\/wp\/v2\/media\/14615"}],"wp:attachment":[{"href":"https:\/\/evebegalli.com\/en\/wp-json\/wp\/v2\/media?parent=14308"}],"wp:term":[{"taxonomy":"product_brand","embeddable":true,"href":"https:\/\/evebegalli.com\/en\/wp-json\/wp\/v2\/product_brand?post=14308"},{"taxonomy":"product_cat","embeddable":true,"href":"https:\/\/evebegalli.com\/en\/wp-json\/wp\/v2\/product_cat?post=14308"},{"taxonomy":"product_tag","embeddable":true,"href":"https:\/\/evebegalli.com\/en\/wp-json\/wp\/v2\/product_tag?post=14308"}],"curies":[{"name":"wp","href":"https:\/\/api.w.org\/{rel}","templated":true}]}}